{"id":59837,"date":"2022-04-27T11:09:38","date_gmt":"2022-04-27T09:09:38","guid":{"rendered":"https:\/\/sophia4africa.eu\/reseau-dechange-de-connaissances-de-sophia\/"},"modified":"2024-01-26T12:37:00","modified_gmt":"2024-01-26T11:37:00","slug":"reseau-dechange-de-connaissances-de-sophia","status":"publish","type":"page","link":"https:\/\/sophia4africa.eu\/fr\/reseau-dechange-de-connaissances-de-sophia\/","title":{"rendered":"R\u00e9seau d&rsquo;\u00e9change de connaissances de SophiA"},"content":{"rendered":"<div class=\"wpb-content-wrapper\"><p>[vc_row content_placement=\u00a0\u00bbmiddle\u00a0\u00bb css=\u00a0\u00bb.vc_custom_1649429227458{margin-top: 50px !important;}\u00a0\u00bb][vc_column][vc_column_text]<\/p>\n<p style=\"text-align: justify;\"><strong><img loading=\"lazy\" decoding=\"async\" class=\" wp-image-59017 alignright\" src=\"https:\/\/sophia4africa.eu\/wp-content\/uploads\/2022\/04\/partners-2-300x200.png\" alt=\"\" width=\"554\" height=\"370\" srcset=\"https:\/\/sophia4africa.eu\/wp-content\/uploads\/2022\/04\/partners-2-300x200.png 300w, https:\/\/sophia4africa.eu\/wp-content\/uploads\/2022\/04\/partners-2-1024x683.png 1024w, https:\/\/sophia4africa.eu\/wp-content\/uploads\/2022\/04\/partners-2-768x512.png 768w, https:\/\/sophia4africa.eu\/wp-content\/uploads\/2022\/04\/partners-2-391x260.png 391w, https:\/\/sophia4africa.eu\/wp-content\/uploads\/2022\/04\/partners-2-900x600.png 900w, https:\/\/sophia4africa.eu\/wp-content\/uploads\/2022\/04\/partners-2.png 1200w\" sizes=\"auto, (max-width: 554px) 100vw, 554px\" \/>Le r\u00e9seau d&rsquo;\u00e9changes de connaissances de SophiA<\/strong> (SophiA Knowledge Exchange Network &#8211; KEN) est principalement destin\u00e9 \u00e0 fournir une plate-forme pour l&rsquo;\u00e9change de contenus pertinents li\u00e9s au projet, au sein d&rsquo;un groupe d&rsquo;experts. Le groupe est compos\u00e9 de coordinateurs de projets similaires, de membres d&rsquo;organisations, d&rsquo;entreprises ou d&rsquo;universit\u00e9s concern\u00e9es. Ses t\u00e2ches principales comprennent non seulement l&rsquo;identification et la promotion d&rsquo;\u00e9tudes de cas r\u00e9ussies, de meilleures pratiques techniques et \u00e9conomiques, mais aussi la recherche de synergies entre les activit\u00e9s de diffusion et de communication. Les opportunit\u00e9s d&rsquo;acc\u00e9l\u00e9rer l&rsquo;adoption par le march\u00e9 seront \u00e9galement discut\u00e9es.<\/p>\n<p style=\"text-align: justify;\">Les partenaires participeront \u00e0 des commissions et \u00e0 des groupes de travail pour partager les r\u00e9sultats avec les autorit\u00e9s publiques au niveau local, national et europ\u00e9en. Ils contribueront \u00e9galement \u00e0 des activit\u00e9s conjointes d&rsquo;information et de diffusion afin d&rsquo;exploiter les synergies et d&rsquo;accro\u00eetre la visibilit\u00e9 globale des actions soutenues par H2020. Toutes les r\u00e9unions de discussion et les \u00e9v\u00e9nements seront signal\u00e9s sur le site web de SophiA.<\/p>\n<p><strong>Si vous \u00eates int\u00e9ress\u00e9 \u00e0 rejoindre le R\u00e9seau d&rsquo;\u00e9change de connaissances de SophiA (SophiA KEN), merci de contacter :<\/strong><\/p>\n<p>Sophie Vonstralendorff<br \/>\nSteinbeis Europa Zentrum (cheffe de projet KEN)<br \/>\nCourriel : <a href=\"mailto:sophie.vonstralendorff@steinbeis-europa.de\" data-linkindex=\"0\">sophie.vonstralendorff@steinbeis-europa.de<\/a>[\/vc_column_text][\/vc_column][\/vc_row]<\/p>\n<\/div>","protected":false},"excerpt":{"rendered":"<p>[vc_row content_placement=\u00a0\u00bbmiddle\u00a0\u00bb css=\u00a0\u00bb.vc_custom_1649429227458{margin-top: 50px !important;}\u00a0\u00bb][vc_column][vc_column_text] Le r\u00e9seau d&rsquo;\u00e9changes de connaissances de SophiA (SophiA Knowledge Exchange Network &#8211; KEN) est principalement destin\u00e9 \u00e0 fournir une plate-forme pour l&rsquo;\u00e9change de contenus pertinents li\u00e9s au projet, au sein d&rsquo;un groupe d&rsquo;experts. Le groupe est compos\u00e9 de coordinateurs de projets similaires, de membres d&rsquo;organisations, d&rsquo;entreprises ou d&rsquo;universit\u00e9s concern\u00e9es. Ses&hellip;<\/p>\n","protected":false},"author":1,"featured_media":0,"parent":0,"menu_order":30,"comment_status":"closed","ping_status":"closed","template":"","meta":{"footnotes":""},"class_list":["post-59837","page","type-page","status-publish","hentry","description-off"],"yoast_head":"<!-- This site is optimized with the Yoast SEO plugin v27.3 - https:\/\/yoast.com\/product\/yoast-seo-wordpress\/ -->\n<title>R\u00e9seau d&#039;\u00e9change de connaissances de SophiA - SophiA 4 Africa<\/title>\n<meta name=\"robots\" content=\"index, follow, max-snippet:-1, max-image-preview:large, max-video-preview:-1\" \/>\n<link rel=\"canonical\" href=\"https:\/\/sophia4africa.eu\/fr\/reseau-dechange-de-connaissances-de-sophia\/\" \/>\n<meta property=\"og:locale\" content=\"fr_FR\" \/>\n<meta property=\"og:type\" content=\"article\" \/>\n<meta property=\"og:title\" content=\"R\u00e9seau d&#039;\u00e9change de connaissances de SophiA - SophiA 4 Africa\" \/>\n<meta property=\"og:description\" content=\"[vc_row content_placement=\u00a0\u00bbmiddle\u00a0\u00bb css=\u00a0\u00bb.vc_custom_1649429227458{margin-top: 50px !important;}\u00a0\u00bb][vc_column][vc_column_text] Le r\u00e9seau d&rsquo;\u00e9changes de connaissances de SophiA (SophiA Knowledge Exchange Network &#8211; KEN) est principalement destin\u00e9 \u00e0 fournir une plate-forme pour l&rsquo;\u00e9change de contenus pertinents li\u00e9s au projet, au sein d&rsquo;un groupe d&rsquo;experts. Le groupe est compos\u00e9 de coordinateurs de projets similaires, de membres d&rsquo;organisations, d&rsquo;entreprises ou d&rsquo;universit\u00e9s concern\u00e9es. Ses&hellip;\" \/>\n<meta property=\"og:url\" content=\"https:\/\/sophia4africa.eu\/fr\/reseau-dechange-de-connaissances-de-sophia\/\" \/>\n<meta property=\"og:site_name\" content=\"SophiA 4 Africa\" \/>\n<meta property=\"article:publisher\" content=\"https:\/\/www.facebook.com\/sophiA4Africa\" \/>\n<meta property=\"article:modified_time\" content=\"2024-01-26T11:37:00+00:00\" \/>\n<meta property=\"og:image\" content=\"https:\/\/sophia4africa.eu\/wp-content\/uploads\/2022\/04\/partners-2-300x200.png\" \/>\n<meta name=\"twitter:card\" content=\"summary_large_image\" \/>\n<meta name=\"twitter:label1\" content=\"Dur\u00e9e de lecture estim\u00e9e\" \/>\n\t<meta name=\"twitter:data1\" content=\"1 minute\" \/>\n<script type=\"application\/ld+json\" class=\"yoast-schema-graph\">{\"@context\":\"https:\\\/\\\/schema.org\",\"@graph\":[{\"@type\":\"WebPage\",\"@id\":\"https:\\\/\\\/sophia4africa.eu\\\/fr\\\/reseau-dechange-de-connaissances-de-sophia\\\/\",\"url\":\"https:\\\/\\\/sophia4africa.eu\\\/fr\\\/reseau-dechange-de-connaissances-de-sophia\\\/\",\"name\":\"R\u00e9seau d'\u00e9change de connaissances de SophiA - SophiA 4 Africa\",\"isPartOf\":{\"@id\":\"https:\\\/\\\/sophia4africa.eu\\\/fr\\\/#website\"},\"primaryImageOfPage\":{\"@id\":\"https:\\\/\\\/sophia4africa.eu\\\/fr\\\/reseau-dechange-de-connaissances-de-sophia\\\/#primaryimage\"},\"image\":{\"@id\":\"https:\\\/\\\/sophia4africa.eu\\\/fr\\\/reseau-dechange-de-connaissances-de-sophia\\\/#primaryimage\"},\"thumbnailUrl\":\"https:\\\/\\\/sophia4africa.eu\\\/wp-content\\\/uploads\\\/2022\\\/04\\\/partners-2-300x200.png\",\"datePublished\":\"2022-04-27T09:09:38+00:00\",\"dateModified\":\"2024-01-26T11:37:00+00:00\",\"breadcrumb\":{\"@id\":\"https:\\\/\\\/sophia4africa.eu\\\/fr\\\/reseau-dechange-de-connaissances-de-sophia\\\/#breadcrumb\"},\"inLanguage\":\"fr-FR\",\"potentialAction\":[{\"@type\":\"ReadAction\",\"target\":[\"https:\\\/\\\/sophia4africa.eu\\\/fr\\\/reseau-dechange-de-connaissances-de-sophia\\\/\"]}]},{\"@type\":\"ImageObject\",\"inLanguage\":\"fr-FR\",\"@id\":\"https:\\\/\\\/sophia4africa.eu\\\/fr\\\/reseau-dechange-de-connaissances-de-sophia\\\/#primaryimage\",\"url\":\"https:\\\/\\\/sophia4africa.eu\\\/wp-content\\\/uploads\\\/2022\\\/04\\\/partners-2-300x200.png\",\"contentUrl\":\"https:\\\/\\\/sophia4africa.eu\\\/wp-content\\\/uploads\\\/2022\\\/04\\\/partners-2-300x200.png\"},{\"@type\":\"BreadcrumbList\",\"@id\":\"https:\\\/\\\/sophia4africa.eu\\\/fr\\\/reseau-dechange-de-connaissances-de-sophia\\\/#breadcrumb\",\"itemListElement\":[{\"@type\":\"ListItem\",\"position\":1,\"name\":\"Home\",\"item\":\"https:\\\/\\\/sophia4africa.eu\\\/fr\\\/accueil\\\/\"},{\"@type\":\"ListItem\",\"position\":2,\"name\":\"R\u00e9seau d&#8217;\u00e9change de connaissances de SophiA\"}]},{\"@type\":\"WebSite\",\"@id\":\"https:\\\/\\\/sophia4africa.eu\\\/fr\\\/#website\",\"url\":\"https:\\\/\\\/sophia4africa.eu\\\/fr\\\/\",\"name\":\"SophiA 4 Africa\",\"description\":\"\",\"publisher\":{\"@id\":\"https:\\\/\\\/sophia4africa.eu\\\/fr\\\/#organization\"},\"potentialAction\":[{\"@type\":\"SearchAction\",\"target\":{\"@type\":\"EntryPoint\",\"urlTemplate\":\"https:\\\/\\\/sophia4africa.eu\\\/fr\\\/?s={search_term_string}\"},\"query-input\":{\"@type\":\"PropertyValueSpecification\",\"valueRequired\":true,\"valueName\":\"search_term_string\"}}],\"inLanguage\":\"fr-FR\"},{\"@type\":\"Organization\",\"@id\":\"https:\\\/\\\/sophia4africa.eu\\\/fr\\\/#organization\",\"name\":\"SophiA4Africa\",\"url\":\"https:\\\/\\\/sophia4africa.eu\\\/fr\\\/\",\"logo\":{\"@type\":\"ImageObject\",\"inLanguage\":\"fr-FR\",\"@id\":\"https:\\\/\\\/sophia4africa.eu\\\/fr\\\/#\\\/schema\\\/logo\\\/image\\\/\",\"url\":\"https:\\\/\\\/sophia4africa.eu\\\/wp-content\\\/uploads\\\/2022\\\/03\\\/logo-sophia-329x114-1.png\",\"contentUrl\":\"https:\\\/\\\/sophia4africa.eu\\\/wp-content\\\/uploads\\\/2022\\\/03\\\/logo-sophia-329x114-1.png\",\"width\":329,\"height\":114,\"caption\":\"SophiA4Africa\"},\"image\":{\"@id\":\"https:\\\/\\\/sophia4africa.eu\\\/fr\\\/#\\\/schema\\\/logo\\\/image\\\/\"},\"sameAs\":[\"https:\\\/\\\/www.facebook.com\\\/sophiA4Africa\"]}]}<\/script>\n<!-- \/ Yoast SEO plugin. -->","yoast_head_json":{"title":"R\u00e9seau d'\u00e9change de connaissances de SophiA - SophiA 4 Africa","robots":{"index":"index","follow":"follow","max-snippet":"max-snippet:-1","max-image-preview":"max-image-preview:large","max-video-preview":"max-video-preview:-1"},"canonical":"https:\/\/sophia4africa.eu\/fr\/reseau-dechange-de-connaissances-de-sophia\/","og_locale":"fr_FR","og_type":"article","og_title":"R\u00e9seau d'\u00e9change de connaissances de SophiA - SophiA 4 Africa","og_description":"[vc_row content_placement=\u00a0\u00bbmiddle\u00a0\u00bb css=\u00a0\u00bb.vc_custom_1649429227458{margin-top: 50px !important;}\u00a0\u00bb][vc_column][vc_column_text] Le r\u00e9seau d&rsquo;\u00e9changes de connaissances de SophiA (SophiA Knowledge Exchange Network &#8211; KEN) est principalement destin\u00e9 \u00e0 fournir une plate-forme pour l&rsquo;\u00e9change de contenus pertinents li\u00e9s au projet, au sein d&rsquo;un groupe d&rsquo;experts. Le groupe est compos\u00e9 de coordinateurs de projets similaires, de membres d&rsquo;organisations, d&rsquo;entreprises ou d&rsquo;universit\u00e9s concern\u00e9es. Ses&hellip;","og_url":"https:\/\/sophia4africa.eu\/fr\/reseau-dechange-de-connaissances-de-sophia\/","og_site_name":"SophiA 4 Africa","article_publisher":"https:\/\/www.facebook.com\/sophiA4Africa","article_modified_time":"2024-01-26T11:37:00+00:00","og_image":[{"url":"https:\/\/sophia4africa.eu\/wp-content\/uploads\/2022\/04\/partners-2-300x200.png","type":"","width":"","height":""}],"twitter_card":"summary_large_image","twitter_misc":{"Dur\u00e9e de lecture estim\u00e9e":"1 minute"},"schema":{"@context":"https:\/\/schema.org","@graph":[{"@type":"WebPage","@id":"https:\/\/sophia4africa.eu\/fr\/reseau-dechange-de-connaissances-de-sophia\/","url":"https:\/\/sophia4africa.eu\/fr\/reseau-dechange-de-connaissances-de-sophia\/","name":"R\u00e9seau d'\u00e9change de connaissances de SophiA - SophiA 4 Africa","isPartOf":{"@id":"https:\/\/sophia4africa.eu\/fr\/#website"},"primaryImageOfPage":{"@id":"https:\/\/sophia4africa.eu\/fr\/reseau-dechange-de-connaissances-de-sophia\/#primaryimage"},"image":{"@id":"https:\/\/sophia4africa.eu\/fr\/reseau-dechange-de-connaissances-de-sophia\/#primaryimage"},"thumbnailUrl":"https:\/\/sophia4africa.eu\/wp-content\/uploads\/2022\/04\/partners-2-300x200.png","datePublished":"2022-04-27T09:09:38+00:00","dateModified":"2024-01-26T11:37:00+00:00","breadcrumb":{"@id":"https:\/\/sophia4africa.eu\/fr\/reseau-dechange-de-connaissances-de-sophia\/#breadcrumb"},"inLanguage":"fr-FR","potentialAction":[{"@type":"ReadAction","target":["https:\/\/sophia4africa.eu\/fr\/reseau-dechange-de-connaissances-de-sophia\/"]}]},{"@type":"ImageObject","inLanguage":"fr-FR","@id":"https:\/\/sophia4africa.eu\/fr\/reseau-dechange-de-connaissances-de-sophia\/#primaryimage","url":"https:\/\/sophia4africa.eu\/wp-content\/uploads\/2022\/04\/partners-2-300x200.png","contentUrl":"https:\/\/sophia4africa.eu\/wp-content\/uploads\/2022\/04\/partners-2-300x200.png"},{"@type":"BreadcrumbList","@id":"https:\/\/sophia4africa.eu\/fr\/reseau-dechange-de-connaissances-de-sophia\/#breadcrumb","itemListElement":[{"@type":"ListItem","position":1,"name":"Home","item":"https:\/\/sophia4africa.eu\/fr\/accueil\/"},{"@type":"ListItem","position":2,"name":"R\u00e9seau d&#8217;\u00e9change de connaissances de SophiA"}]},{"@type":"WebSite","@id":"https:\/\/sophia4africa.eu\/fr\/#website","url":"https:\/\/sophia4africa.eu\/fr\/","name":"SophiA 4 Africa","description":"","publisher":{"@id":"https:\/\/sophia4africa.eu\/fr\/#organization"},"potentialAction":[{"@type":"SearchAction","target":{"@type":"EntryPoint","urlTemplate":"https:\/\/sophia4africa.eu\/fr\/?s={search_term_string}"},"query-input":{"@type":"PropertyValueSpecification","valueRequired":true,"valueName":"search_term_string"}}],"inLanguage":"fr-FR"},{"@type":"Organization","@id":"https:\/\/sophia4africa.eu\/fr\/#organization","name":"SophiA4Africa","url":"https:\/\/sophia4africa.eu\/fr\/","logo":{"@type":"ImageObject","inLanguage":"fr-FR","@id":"https:\/\/sophia4africa.eu\/fr\/#\/schema\/logo\/image\/","url":"https:\/\/sophia4africa.eu\/wp-content\/uploads\/2022\/03\/logo-sophia-329x114-1.png","contentUrl":"https:\/\/sophia4africa.eu\/wp-content\/uploads\/2022\/03\/logo-sophia-329x114-1.png","width":329,"height":114,"caption":"SophiA4Africa"},"image":{"@id":"https:\/\/sophia4africa.eu\/fr\/#\/schema\/logo\/image\/"},"sameAs":["https:\/\/www.facebook.com\/sophiA4Africa"]}]}},"_links":{"self":[{"href":"https:\/\/sophia4africa.eu\/fr\/wp-json\/wp\/v2\/pages\/59837","targetHints":{"allow":["GET"]}}],"collection":[{"href":"https:\/\/sophia4africa.eu\/fr\/wp-json\/wp\/v2\/pages"}],"about":[{"href":"https:\/\/sophia4africa.eu\/fr\/wp-json\/wp\/v2\/types\/page"}],"author":[{"embeddable":true,"href":"https:\/\/sophia4africa.eu\/fr\/wp-json\/wp\/v2\/users\/1"}],"replies":[{"embeddable":true,"href":"https:\/\/sophia4africa.eu\/fr\/wp-json\/wp\/v2\/comments?post=59837"}],"version-history":[{"count":0,"href":"https:\/\/sophia4africa.eu\/fr\/wp-json\/wp\/v2\/pages\/59837\/revisions"}],"wp:attachment":[{"href":"https:\/\/sophia4africa.eu\/fr\/wp-json\/wp\/v2\/media?parent=59837"}],"curies":[{"name":"wp","href":"https:\/\/api.w.org\/{rel}","templated":true}]}}