{"id":59830,"date":"2022-01-26T06:17:56","date_gmt":"2022-01-26T05:17:56","guid":{"rendered":"https:\/\/sophia4africa.eu\/politique-relative-aux-cookies\/"},"modified":"2024-03-19T14:50:31","modified_gmt":"2024-03-19T13:50:31","slug":"politique-relative-aux-cookies","status":"publish","type":"page","link":"https:\/\/sophia4africa.eu\/fr\/politique-relative-aux-cookies\/","title":{"rendered":"Politique relative aux cookies"},"content":{"rendered":"<div class=\"cli_pg_page_contaner\">\n<p><strong>\u00c0 propos de cette politique de cookies<\/strong><\/p>\n<p>Cette politique en mati\u00e8re de cookies explique ce que sont les cookies et comment nous les utilisons, les types de cookies que nous utilisons, c&rsquo;est-\u00e0-dire les informations que nous collectons \u00e0 l&rsquo;aide de cookies et comment ces informations sont utilis\u00e9es et, enfin, comment contr\u00f4ler vos pr\u00e9f\u00e9rences en mati\u00e8re de cookies. Pour plus d&rsquo;informations sur la mani\u00e8re dont nous utilisons, stockons et prot\u00e9geons vos donn\u00e9es personnelles, consultez notre Politique de confidentialit\u00e9.<\/p>\n<p>Vous pouvez \u00e0 tout moment modifier ou retirer votre consentement \u00e0 la d\u00e9claration relative aux cookies sur notre site web.<br \/>\nApprenez-en plus sur qui nous sommes, comment vous pouvez nous contacter et comment nous traitons les donn\u00e9es personnelles dans notre politique de confidentialit\u00e9.<\/p>\n<p>Votre consentement s&rsquo;applique au domaine suivant : enough-emissions.eu<\/p>\n<p><strong>Que sont les cookies ?<\/strong><\/p>\n<p>Les cookies sont de petits fichiers texte, utilis\u00e9s pour stocker quelques informations. Ils sont stock\u00e9s sur votre appareil lorsque le site est charg\u00e9 dans votre navigateur. Les cookies nous aident \u00e0 faire fonctionner correctement le site web, \u00e0 le rendre plus s\u00fbr, \u00e0 offrir une meilleure exp\u00e9rience utilisateur, \u00e0 analyser le fonctionnement du site et \u00e0 d\u00e9tecter ce qui doit \u00eatre am\u00e9lior\u00e9.<\/p>\n<p><strong>Comment utilisons-nous les cookies ?<\/strong><\/p>\n<p>Comme la plupart des services en ligne, notre site web utilise des cookies essentiels et des cookies tiers \u00e0 plusieurs fins. Les cookies essentiels sont n\u00e9cessaires au bon fonctionnement du site et ne collectent aucune donn\u00e9e permettant de vous identifier personnellement.<\/p>\n<p>Les cookies tiers servent principalement \u00e0 analyser le fonctionnement du site et la fa\u00e7on dont vous interagissez avec lui, \u00e0 assurer la s\u00e9curit\u00e9 de nos services et, in fine, \u00e0 vous offrir une meilleure exp\u00e9rience utilisateur et \u00e0 acc\u00e9l\u00e9rer vos futures interactions avec le site.<\/p>\n<p><strong>Quels types de cookies utilisons-nous ?<\/strong><\/p>\n<p>Essentiels : Certains cookies sont essentiels pour que vous puissiez profiter de toutes les fonctionnalit\u00e9s de notre site. Ils nous permettent de maintenir les sessions des utilisateurs et de pr\u00e9venir toute menace de s\u00e9curit\u00e9. Ils ne collectent ni ne stockent aucune information personnelle.<\/p>\n<p>Statistiques : ces cookies stockent des informations telles que le nombre de visiteurs pr\u00e9sents sur le site, le nombre de visiteurs uniques, les pages du site qui sont visit\u00e9es, la provenance des visites, etc. Ces donn\u00e9es nous aident \u00e0 comprendre et \u00e0 analyser les performances du site, ainsi que les points \u00e0 am\u00e9liorer.<\/p>\n<p>Fonctionnels : Ces cookies concernent certaines fonctionnalit\u00e9s non essentielles offertes par notre site web. Ces fonctionnalit\u00e9s incluent l&rsquo;int\u00e9gration de certains contenus (tels que des vid\u00e9os) ou le partage de certains contenu du site sur les r\u00e9seaux sociaux.<\/p>\n<p>Pr\u00e9f\u00e9rences : Ces cookies nous aident \u00e0 stocker vos param\u00e8tres et vos pr\u00e9f\u00e9rences de navigation (telles que vos pr\u00e9f\u00e9rences linguistiques), afin d&rsquo;am\u00e9liorer votre exp\u00e9rience lors de vos futures visites.<\/p>\n<p>Marketing : Notre site web n&rsquo;affiche pas de publicit\u00e9s et n&rsquo;utilise donc pas de cookies marketing.<\/p>\n<p><strong>Comment puis-je contr\u00f4ler les pr\u00e9f\u00e9rences en mati\u00e8re de cookies ?<\/strong><\/p>\n<p>Si vous d\u00e9cidez de modifier vos pr\u00e9f\u00e9rences ult\u00e9rieurement au cours de votre session de navigation, vous pouvez cliquer sur l&rsquo;onglet \u00ab\u00a0Politique de confidentialit\u00e9 et de cookies\u00a0\u00bb sur votre \u00e9cran. Ceci affichera \u00e0 nouveau l&rsquo;avis de consentement vous permettant de modifier vos pr\u00e9f\u00e9rences ou de r\u00e9voquer votre consentement.<\/p>\n<p>En plus de cela, les navigateurs proposent diff\u00e9rentes m\u00e9thodes pour bloquer et supprimer les cookies utilis\u00e9s par les sites web. Vous pouvez modifier les param\u00e8tres de votre navigateur pour bloquer\/supprimer les cookies. Pour en savoir plus sur la gestion et la suppression des cookies, vous pouvez visiter wikipedia.org ou www.allaboutcookies.org.<\/p>\n<\/div>\n","protected":false},"excerpt":{"rendered":"<p>\u00c0 propos de cette politique de cookies Cette politique en mati\u00e8re de cookies explique ce que sont les cookies et comment nous les utilisons, les types de cookies que nous utilisons, c&rsquo;est-\u00e0-dire les informations que nous collectons \u00e0 l&rsquo;aide de cookies et comment ces informations sont utilis\u00e9es et, enfin, comment contr\u00f4ler vos pr\u00e9f\u00e9rences en mati\u00e8re&hellip;<\/p>\n","protected":false},"author":1,"featured_media":0,"parent":0,"menu_order":0,"comment_status":"closed","ping_status":"closed","template":"","meta":{"footnotes":""},"class_list":["post-59830","page","type-page","status-publish","hentry","description-off"],"yoast_head":"<!-- This site is optimized with the Yoast SEO plugin v27.3 - https:\/\/yoast.com\/product\/yoast-seo-wordpress\/ -->\n<title>Politique relative aux cookies - SophiA 4 Africa<\/title>\n<meta name=\"robots\" content=\"index, follow, max-snippet:-1, max-image-preview:large, max-video-preview:-1\" \/>\n<link rel=\"canonical\" href=\"https:\/\/sophia4africa.eu\/fr\/politique-relative-aux-cookies\/\" \/>\n<meta property=\"og:locale\" content=\"fr_FR\" \/>\n<meta property=\"og:type\" content=\"article\" \/>\n<meta property=\"og:title\" content=\"Politique relative aux cookies - SophiA 4 Africa\" \/>\n<meta property=\"og:description\" content=\"\u00c0 propos de cette politique de cookies Cette politique en mati\u00e8re de cookies explique ce que sont les cookies et comment nous les utilisons, les types de cookies que nous utilisons, c&rsquo;est-\u00e0-dire les informations que nous collectons \u00e0 l&rsquo;aide de cookies et comment ces informations sont utilis\u00e9es et, enfin, comment contr\u00f4ler vos pr\u00e9f\u00e9rences en mati\u00e8re&hellip;\" \/>\n<meta property=\"og:url\" content=\"https:\/\/sophia4africa.eu\/fr\/politique-relative-aux-cookies\/\" \/>\n<meta property=\"og:site_name\" content=\"SophiA 4 Africa\" \/>\n<meta property=\"article:publisher\" content=\"https:\/\/www.facebook.com\/sophiA4Africa\" \/>\n<meta property=\"article:modified_time\" content=\"2024-03-19T13:50:31+00:00\" \/>\n<meta name=\"twitter:card\" content=\"summary_large_image\" \/>\n<meta name=\"twitter:label1\" content=\"Dur\u00e9e de lecture estim\u00e9e\" \/>\n\t<meta name=\"twitter:data1\" content=\"3 minutes\" \/>\n<script type=\"application\/ld+json\" class=\"yoast-schema-graph\">{\"@context\":\"https:\\\/\\\/schema.org\",\"@graph\":[{\"@type\":\"WebPage\",\"@id\":\"https:\\\/\\\/sophia4africa.eu\\\/fr\\\/politique-relative-aux-cookies\\\/\",\"url\":\"https:\\\/\\\/sophia4africa.eu\\\/fr\\\/politique-relative-aux-cookies\\\/\",\"name\":\"Politique relative aux cookies - SophiA 4 Africa\",\"isPartOf\":{\"@id\":\"https:\\\/\\\/sophia4africa.eu\\\/fr\\\/#website\"},\"datePublished\":\"2022-01-26T05:17:56+00:00\",\"dateModified\":\"2024-03-19T13:50:31+00:00\",\"breadcrumb\":{\"@id\":\"https:\\\/\\\/sophia4africa.eu\\\/fr\\\/politique-relative-aux-cookies\\\/#breadcrumb\"},\"inLanguage\":\"fr-FR\",\"potentialAction\":[{\"@type\":\"ReadAction\",\"target\":[\"https:\\\/\\\/sophia4africa.eu\\\/fr\\\/politique-relative-aux-cookies\\\/\"]}]},{\"@type\":\"BreadcrumbList\",\"@id\":\"https:\\\/\\\/sophia4africa.eu\\\/fr\\\/politique-relative-aux-cookies\\\/#breadcrumb\",\"itemListElement\":[{\"@type\":\"ListItem\",\"position\":1,\"name\":\"Home\",\"item\":\"https:\\\/\\\/sophia4africa.eu\\\/fr\\\/accueil\\\/\"},{\"@type\":\"ListItem\",\"position\":2,\"name\":\"Politique relative aux cookies\"}]},{\"@type\":\"WebSite\",\"@id\":\"https:\\\/\\\/sophia4africa.eu\\\/fr\\\/#website\",\"url\":\"https:\\\/\\\/sophia4africa.eu\\\/fr\\\/\",\"name\":\"SophiA 4 Africa\",\"description\":\"\",\"publisher\":{\"@id\":\"https:\\\/\\\/sophia4africa.eu\\\/fr\\\/#organization\"},\"potentialAction\":[{\"@type\":\"SearchAction\",\"target\":{\"@type\":\"EntryPoint\",\"urlTemplate\":\"https:\\\/\\\/sophia4africa.eu\\\/fr\\\/?s={search_term_string}\"},\"query-input\":{\"@type\":\"PropertyValueSpecification\",\"valueRequired\":true,\"valueName\":\"search_term_string\"}}],\"inLanguage\":\"fr-FR\"},{\"@type\":\"Organization\",\"@id\":\"https:\\\/\\\/sophia4africa.eu\\\/fr\\\/#organization\",\"name\":\"SophiA4Africa\",\"url\":\"https:\\\/\\\/sophia4africa.eu\\\/fr\\\/\",\"logo\":{\"@type\":\"ImageObject\",\"inLanguage\":\"fr-FR\",\"@id\":\"https:\\\/\\\/sophia4africa.eu\\\/fr\\\/#\\\/schema\\\/logo\\\/image\\\/\",\"url\":\"https:\\\/\\\/sophia4africa.eu\\\/wp-content\\\/uploads\\\/2022\\\/03\\\/logo-sophia-329x114-1.png\",\"contentUrl\":\"https:\\\/\\\/sophia4africa.eu\\\/wp-content\\\/uploads\\\/2022\\\/03\\\/logo-sophia-329x114-1.png\",\"width\":329,\"height\":114,\"caption\":\"SophiA4Africa\"},\"image\":{\"@id\":\"https:\\\/\\\/sophia4africa.eu\\\/fr\\\/#\\\/schema\\\/logo\\\/image\\\/\"},\"sameAs\":[\"https:\\\/\\\/www.facebook.com\\\/sophiA4Africa\"]}]}<\/script>\n<!-- \/ Yoast SEO plugin. -->","yoast_head_json":{"title":"Politique relative aux cookies - SophiA 4 Africa","robots":{"index":"index","follow":"follow","max-snippet":"max-snippet:-1","max-image-preview":"max-image-preview:large","max-video-preview":"max-video-preview:-1"},"canonical":"https:\/\/sophia4africa.eu\/fr\/politique-relative-aux-cookies\/","og_locale":"fr_FR","og_type":"article","og_title":"Politique relative aux cookies - SophiA 4 Africa","og_description":"\u00c0 propos de cette politique de cookies Cette politique en mati\u00e8re de cookies explique ce que sont les cookies et comment nous les utilisons, les types de cookies que nous utilisons, c&rsquo;est-\u00e0-dire les informations que nous collectons \u00e0 l&rsquo;aide de cookies et comment ces informations sont utilis\u00e9es et, enfin, comment contr\u00f4ler vos pr\u00e9f\u00e9rences en mati\u00e8re&hellip;","og_url":"https:\/\/sophia4africa.eu\/fr\/politique-relative-aux-cookies\/","og_site_name":"SophiA 4 Africa","article_publisher":"https:\/\/www.facebook.com\/sophiA4Africa","article_modified_time":"2024-03-19T13:50:31+00:00","twitter_card":"summary_large_image","twitter_misc":{"Dur\u00e9e de lecture estim\u00e9e":"3 minutes"},"schema":{"@context":"https:\/\/schema.org","@graph":[{"@type":"WebPage","@id":"https:\/\/sophia4africa.eu\/fr\/politique-relative-aux-cookies\/","url":"https:\/\/sophia4africa.eu\/fr\/politique-relative-aux-cookies\/","name":"Politique relative aux cookies - SophiA 4 Africa","isPartOf":{"@id":"https:\/\/sophia4africa.eu\/fr\/#website"},"datePublished":"2022-01-26T05:17:56+00:00","dateModified":"2024-03-19T13:50:31+00:00","breadcrumb":{"@id":"https:\/\/sophia4africa.eu\/fr\/politique-relative-aux-cookies\/#breadcrumb"},"inLanguage":"fr-FR","potentialAction":[{"@type":"ReadAction","target":["https:\/\/sophia4africa.eu\/fr\/politique-relative-aux-cookies\/"]}]},{"@type":"BreadcrumbList","@id":"https:\/\/sophia4africa.eu\/fr\/politique-relative-aux-cookies\/#breadcrumb","itemListElement":[{"@type":"ListItem","position":1,"name":"Home","item":"https:\/\/sophia4africa.eu\/fr\/accueil\/"},{"@type":"ListItem","position":2,"name":"Politique relative aux cookies"}]},{"@type":"WebSite","@id":"https:\/\/sophia4africa.eu\/fr\/#website","url":"https:\/\/sophia4africa.eu\/fr\/","name":"SophiA 4 Africa","description":"","publisher":{"@id":"https:\/\/sophia4africa.eu\/fr\/#organization"},"potentialAction":[{"@type":"SearchAction","target":{"@type":"EntryPoint","urlTemplate":"https:\/\/sophia4africa.eu\/fr\/?s={search_term_string}"},"query-input":{"@type":"PropertyValueSpecification","valueRequired":true,"valueName":"search_term_string"}}],"inLanguage":"fr-FR"},{"@type":"Organization","@id":"https:\/\/sophia4africa.eu\/fr\/#organization","name":"SophiA4Africa","url":"https:\/\/sophia4africa.eu\/fr\/","logo":{"@type":"ImageObject","inLanguage":"fr-FR","@id":"https:\/\/sophia4africa.eu\/fr\/#\/schema\/logo\/image\/","url":"https:\/\/sophia4africa.eu\/wp-content\/uploads\/2022\/03\/logo-sophia-329x114-1.png","contentUrl":"https:\/\/sophia4africa.eu\/wp-content\/uploads\/2022\/03\/logo-sophia-329x114-1.png","width":329,"height":114,"caption":"SophiA4Africa"},"image":{"@id":"https:\/\/sophia4africa.eu\/fr\/#\/schema\/logo\/image\/"},"sameAs":["https:\/\/www.facebook.com\/sophiA4Africa"]}]}},"_links":{"self":[{"href":"https:\/\/sophia4africa.eu\/fr\/wp-json\/wp\/v2\/pages\/59830","targetHints":{"allow":["GET"]}}],"collection":[{"href":"https:\/\/sophia4africa.eu\/fr\/wp-json\/wp\/v2\/pages"}],"about":[{"href":"https:\/\/sophia4africa.eu\/fr\/wp-json\/wp\/v2\/types\/page"}],"author":[{"embeddable":true,"href":"https:\/\/sophia4africa.eu\/fr\/wp-json\/wp\/v2\/users\/1"}],"replies":[{"embeddable":true,"href":"https:\/\/sophia4africa.eu\/fr\/wp-json\/wp\/v2\/comments?post=59830"}],"version-history":[{"count":0,"href":"https:\/\/sophia4africa.eu\/fr\/wp-json\/wp\/v2\/pages\/59830\/revisions"}],"wp:attachment":[{"href":"https:\/\/sophia4africa.eu\/fr\/wp-json\/wp\/v2\/media?parent=59830"}],"curies":[{"name":"wp","href":"https:\/\/api.w.org\/{rel}","templated":true}]}}