{"id":59533,"date":"2022-04-11T09:15:18","date_gmt":"2022-04-11T07:15:18","guid":{"rendered":"https:\/\/sophia4africa.eu\/lots-de-travaux\/"},"modified":"2022-06-15T12:33:35","modified_gmt":"2022-06-15T10:33:35","slug":"lots-de-travaux","status":"publish","type":"page","link":"https:\/\/sophia4africa.eu\/fr\/lots-de-travaux\/","title":{"rendered":"Lots de travaux"},"content":{"rendered":"<div class=\"wpb-content-wrapper\"><p>[vc_row css=\u00a0\u00bb.vc_custom_1649690519925{padding-top: 40px !important;}\u00a0\u00bb][vc_column][vc_column_text css=\u00a0\u00bb.vc_custom_1651221456595{padding-bottom: 15px !important;}\u00a0\u00bb]<\/p>\n<h3 style=\"text-align: center;\">Neuf lots de travaux ont \u00e9t\u00e9 d\u00e9finis pour atteindre les objectifs et obtenir les r\u00e9sultats pr\u00e9vus du projet SophiA comme d\u00e9crit ci-dessous.<\/h3>\n<p>[\/vc_column_text][\/vc_column][\/vc_row][vc_row content_placement=\u00a0\u00bbmiddle\u00a0\u00bb css=\u00a0\u00bb.vc_custom_1649429227458{margin-top: 50px !important;}\u00a0\u00bb][vc_column]<style type=\"text\/css\" data-type=\"the7_shortcodes-inline-css\">.shortcode-single-image-wrap.shortcode-single-image-0016c8943a52f028cce7388245a5c301.enable-bg-rollover .rollover i,\n.shortcode-single-image-wrap.shortcode-single-image-0016c8943a52f028cce7388245a5c301.enable-bg-rollover .rollover-video i {\n  background: -webkit-linear-gradient();\n  background: linear-gradient();\n}\n.shortcode-single-image-wrap.shortcode-single-image-0016c8943a52f028cce7388245a5c301 .rollover-icon {\n  font-size: 32px;\n  color: #ffffff;\n  min-width: 44px;\n  min-height: 44px;\n  line-height: 44px;\n  border-radius: 100px;\n  border-style: solid;\n  border-width: 0px;\n}\n.dt-icon-bg-on.shortcode-single-image-wrap.shortcode-single-image-0016c8943a52f028cce7388245a5c301 .rollover-icon {\n  background: rgba(255,255,255,0.3);\n  box-shadow: none;\n}<\/style><div class=\"shortcode-single-image-wrap shortcode-single-image-0016c8943a52f028cce7388245a5c301 alignnone  enable-bg-rollover dt-icon-bg-off\" style=\"margin-top:0px; margin-bottom:0px; margin-left:0px; margin-right:0px; width:1200px;\" data-pretty-share=\"facebook,twitter,pinterest,linkedin\"><div class=\"shortcode-single-image\"><div class=\"fancy-media-wrap  layzr-bg\" style=\"\"><img fetchpriority=\"high\" decoding=\"async\" class=\"preload-me lazy-load aspect\" src=\"data:image\/svg+xml,%3Csvg%20xmlns%3D&#39;http%3A%2F%2Fwww.w3.org%2F2000%2Fsvg&#39;%20viewBox%3D&#39;0%200%201200%20553&#39;%2F%3E\" data-src=\"https:\/\/sophia4africa.eu\/wp-content\/uploads\/2022\/04\/sophia-working-packages-2-1200x553.png\" data-srcset=\"https:\/\/sophia4africa.eu\/wp-content\/uploads\/2022\/04\/sophia-working-packages-2-1200x553.png 1200w, https:\/\/sophia4africa.eu\/wp-content\/uploads\/2022\/04\/sophia-working-packages-2-1328x611.png 1328w\" loading=\"eager\" sizes=\"(max-width: 1200px) 100vw, 1200px\" width=\"1200\" height=\"553\"  data-dt-location=\"https:\/\/sophia4africa.eu\/fr\/work-packages\/sophia-working-packages-3\/\" style=\"--ratio: 1200 \/ 553;box-shadow:5px 5px 5px 5px rgba(86,144,52,0.6); -webkit-box-shadow:5px 5px 5px 5px rgba(86,144,52,0.6);\" alt=\"SophiA Working Packages\" \/><\/div><\/div><\/div>[\/vc_column][\/vc_row][vc_row content_placement=\u00a0\u00bbmiddle\u00a0\u00bb css=\u00a0\u00bb.vc_custom_1651063855499{margin-top: 50px !important;background-color: #ffffff !important;}\u00a0\u00bb][vc_column width=\u00a0\u00bb1\/6&Prime;][\/vc_column][vc_column width=\u00a0\u00bb2\/3&Prime;][vc_column_text css=\u00a0\u00bb.vc_custom_1652896308734{padding-bottom: 15px !important;}\u00a0\u00bb]<\/p>\n<table style=\"width: 100%;\">\n<tbody>\n<tr>\n<td style=\"text-align: left; width: 9.319%;\" width=\"52\"><strong>Lots<\/strong><\/td>\n<td style=\"text-align: left; width: 35.8423%;\" width=\"212\"><strong>Titre<\/strong><\/td>\n<td style=\"text-align: justify; width: 53.0466%;\" width=\"340\"><strong>Objectifs principaux<\/strong><\/td>\n<\/tr>\n<tr>\n<td style=\"text-align: left; width: 9.319%;\" width=\"52\"><strong>1<\/strong><\/td>\n<td style=\"text-align: left; width: 35.8423%;\" width=\"212\"><strong>D\u00e9finir les limites des syst\u00e8mes SophiA<\/strong><\/td>\n<td style=\"text-align: justify; width: 53.0466%;\" width=\"340\">Enqu\u00eater sur les besoins des h\u00f4pitaux et postes m\u00e9dicaux dans diff\u00e9rentes zones urbaines et rurales dans quatre pays africains : Burkina Faso, Cameroun, Malawi et Ouganda. Ces donn\u00e9es seront utilis\u00e9es pour \u00e9laborer des sp\u00e9cifications pour les syst\u00e8mes d&rsquo;eau, de refroidissement et d&rsquo;\u00e9lectricit\u00e9 du projet SophiA.<\/td>\n<\/tr>\n<tr>\n<td style=\"text-align: left; width: 9.319%;\" width=\"52\"><strong>2<\/strong><\/td>\n<td style=\"text-align: left; width: 35.8423%;\" width=\"212\"><strong>Concevoir, construire et tester l&rsquo;assemblage des syst\u00e8mes d&rsquo;\u00e9nergie solaire et la strat\u00e9gie globale de contr\u00f4le intelligent SophiA<\/strong><\/td>\n<td style=\"text-align: justify; width: 53.0466%;\" width=\"340\">Concevoir, construire et tester l&rsquo;ensemble d&rsquo;\u00e9nergie solaire et la strat\u00e9gie globale de contr\u00f4le intelligent SophiA \u00e0 l&rsquo;\u00e9chelle du laboratoire.<\/td>\n<\/tr>\n<tr>\n<td style=\"text-align: left; width: 9.319%;\" width=\"52\"><strong>3<\/strong><\/td>\n<td style=\"text-align: left; width: 35.8423%;\" width=\"212\"><strong>Concevoir, construire et tester un syst\u00e8me de r\u00e9frig\u00e9ration \u00e0 trois \u00e9tages utilisant des r\u00e9frig\u00e9rants naturels<\/strong><\/td>\n<td style=\"text-align: justify; width: 53.0466%;\" width=\"340\">Concevoir, construire et tester le syst\u00e8me de r\u00e9frig\u00e9ration \u00e0 trois \u00e9tages \u00e0 l&rsquo;aide de r\u00e9frig\u00e9rants naturels \u00e0 l&rsquo;\u00e9chelle du laboratoire et \u00e9valuera les avantages de l&rsquo;utilisation du stockage d&rsquo;\u00e9nergie thermique de la glace au lieu du stockage par batterie.<\/td>\n<\/tr>\n<tr>\n<td style=\"text-align: left; width: 9.319%;\" width=\"52\"><strong>4<\/strong><\/td>\n<td style=\"text-align: left; width: 35.8423%;\" width=\"212\"><strong>Conception, construction et test d&rsquo;un syst\u00e8me de traitement de l&rsquo;eau<\/strong><\/td>\n<td style=\"text-align: justify; width: 53.0466%;\" width=\"340\">D\u00e9velopper de nouvelles infrastructures pour produire une eau potable propre exempte de bact\u00e9ries et de virus.<\/td>\n<\/tr>\n<tr>\n<td style=\"text-align: left; width: 9.319%;\" width=\"52\"><strong>5<\/strong><\/td>\n<td style=\"text-align: left; width: 35.8423%;\" width=\"212\"><strong>Construire, installer et entretenir les syst\u00e8mes SophiA<\/strong><\/td>\n<td style=\"text-align: justify; width: 53.0466%;\" width=\"340\">Concevoir, construire, installer et assurer la maintenance des syst\u00e8mes SophiA, pour les quatre sites de tests sur le terrain.<\/td>\n<\/tr>\n<tr>\n<td style=\"text-align: left; width: 9.319%;\" width=\"52\"><strong>6<\/strong><\/td>\n<td style=\"text-align: left; width: 35.8423%;\" width=\"212\"><strong>D\u00e9monstration des syst\u00e8mes SophiA sur quatre sites<\/strong><\/td>\n<td style=\"text-align: justify; width: 53.0466%;\" width=\"340\">Installer et tester des syst\u00e8mes SophiA sur quatre sites de d\u00e9monstration dans quatre r\u00e9gions climatiques diff\u00e9rentes en Afrique.<\/td>\n<\/tr>\n<tr>\n<td style=\"text-align: left; width: 9.319%;\" width=\"52\"><strong>7<\/strong><\/td>\n<td style=\"text-align: left; width: 35.8423%;\" width=\"212\"><strong>Analyse socio-\u00e9conomique, \u00e9valuation de la durabilit\u00e9, mod\u00e8le \u00e9conomique et feuille de route d&rsquo;exploitation<\/strong><\/td>\n<td style=\"text-align: justify; width: 53.0466%;\" width=\"340\">R\u00e9aliser une \u00e9tude d&rsquo;impact environnemental et social (EIES) et un business model.<\/td>\n<\/tr>\n<tr>\n<td style=\"text-align: left; width: 9.319%;\" width=\"52\"><strong>8<\/strong><\/td>\n<td style=\"text-align: left; width: 35.8423%;\" width=\"212\"><strong>Assurer la diss\u00e9mination des informations, la communication et le renforcement des capacit\u00e9s<\/strong><\/td>\n<td style=\"text-align: justify; width: 53.0466%;\" width=\"340\">D\u00e9velopper des activit\u00e9s de synergie dans des projets communs de l&rsquo;Union europ\u00e9enne, c&rsquo;est-\u00e0-dire la communication, la diss\u00e9mination, ainsi que le renforcement des capacit\u00e9s.<\/td>\n<\/tr>\n<tr>\n<td style=\"text-align: left; width: 9.319%;\" width=\"52\"><strong>9<\/strong><\/td>\n<td style=\"text-align: left; width: 35.8423%;\" width=\"212\"><strong>Gestion de projet<\/strong><\/td>\n<td style=\"text-align: justify; width: 53.0466%;\" width=\"340\">Coordonner les activit\u00e9s du projet SophiA.<\/td>\n<\/tr>\n<\/tbody>\n<\/table>\n<p>[\/vc_column_text][\/vc_column][vc_column width=\u00a0\u00bb1\/6&Prime;][\/vc_column][\/vc_row]<\/p>\n<\/div>","protected":false},"excerpt":{"rendered":"<p>[vc_row css=\u00a0\u00bb.vc_custom_1649690519925{padding-top: 40px !important;}\u00a0\u00bb][vc_column][vc_column_text css=\u00a0\u00bb.vc_custom_1651221456595{padding-bottom: 15px !important;}\u00a0\u00bb] Neuf lots de travaux ont \u00e9t\u00e9 d\u00e9finis pour atteindre les objectifs et obtenir les r\u00e9sultats pr\u00e9vus du projet SophiA comme d\u00e9crit ci-dessous. [\/vc_column_text][\/vc_column][\/vc_row][vc_row content_placement=\u00a0\u00bbmiddle\u00a0\u00bb css=\u00a0\u00bb.vc_custom_1649429227458{margin-top: 50px !important;}\u00a0\u00bb][vc_column][\/vc_column][\/vc_row][vc_row content_placement=\u00a0\u00bbmiddle\u00a0\u00bb css=\u00a0\u00bb.vc_custom_1651063855499{margin-top: 50px !important;background-color: #ffffff !important;}\u00a0\u00bb][vc_column width=\u00a0\u00bb1\/6&Prime;][\/vc_column][vc_column width=\u00a0\u00bb2\/3&Prime;][vc_column_text css=\u00a0\u00bb.vc_custom_1652896308734{padding-bottom: 15px !important;}\u00a0\u00bb] Lots Titre Objectifs principaux 1 D\u00e9finir les limites des syst\u00e8mes&hellip;<\/p>\n","protected":false},"author":1,"featured_media":0,"parent":0,"menu_order":30,"comment_status":"closed","ping_status":"closed","template":"","meta":{"footnotes":""},"class_list":["post-59533","page","type-page","status-publish","hentry","description-off"],"yoast_head":"<!-- This site is optimized with the Yoast SEO plugin v27.3 - https:\/\/yoast.com\/product\/yoast-seo-wordpress\/ -->\n<title>Lots de travaux - SophiA 4 Africa<\/title>\n<meta name=\"robots\" content=\"index, follow, max-snippet:-1, max-image-preview:large, max-video-preview:-1\" \/>\n<link rel=\"canonical\" href=\"https:\/\/sophia4africa.eu\/fr\/lots-de-travaux\/\" \/>\n<meta property=\"og:locale\" content=\"fr_FR\" \/>\n<meta property=\"og:type\" content=\"article\" \/>\n<meta property=\"og:title\" content=\"Lots de travaux - SophiA 4 Africa\" \/>\n<meta property=\"og:description\" content=\"[vc_row css=\u00a0\u00bb.vc_custom_1649690519925{padding-top: 40px !important;}\u00a0\u00bb][vc_column][vc_column_text css=\u00a0\u00bb.vc_custom_1651221456595{padding-bottom: 15px !important;}\u00a0\u00bb] Neuf lots de travaux ont \u00e9t\u00e9 d\u00e9finis pour atteindre les objectifs et obtenir les r\u00e9sultats pr\u00e9vus du projet SophiA comme d\u00e9crit ci-dessous. [\/vc_column_text][\/vc_column][\/vc_row][vc_row content_placement=\u00a0\u00bbmiddle\u00a0\u00bb css=\u00a0\u00bb.vc_custom_1649429227458{margin-top: 50px !important;}\u00a0\u00bb][vc_column][\/vc_column][\/vc_row][vc_row content_placement=\u00a0\u00bbmiddle\u00a0\u00bb css=\u00a0\u00bb.vc_custom_1651063855499{margin-top: 50px !important;background-color: #ffffff !important;}\u00a0\u00bb][vc_column width=\u00a0\u00bb1\/6&Prime;][\/vc_column][vc_column width=\u00a0\u00bb2\/3&Prime;][vc_column_text css=\u00a0\u00bb.vc_custom_1652896308734{padding-bottom: 15px !important;}\u00a0\u00bb] Lots Titre Objectifs principaux 1 D\u00e9finir les limites des syst\u00e8mes&hellip;\" \/>\n<meta property=\"og:url\" content=\"https:\/\/sophia4africa.eu\/fr\/lots-de-travaux\/\" \/>\n<meta property=\"og:site_name\" content=\"SophiA 4 Africa\" \/>\n<meta property=\"article:publisher\" content=\"https:\/\/www.facebook.com\/sophiA4Africa\" \/>\n<meta property=\"article:modified_time\" content=\"2022-06-15T10:33:35+00:00\" \/>\n<meta name=\"twitter:card\" content=\"summary_large_image\" \/>\n<meta name=\"twitter:label1\" content=\"Dur\u00e9e de lecture estim\u00e9e\" \/>\n\t<meta name=\"twitter:data1\" content=\"2 minutes\" \/>\n<script type=\"application\/ld+json\" class=\"yoast-schema-graph\">{\"@context\":\"https:\\\/\\\/schema.org\",\"@graph\":[{\"@type\":\"WebPage\",\"@id\":\"https:\\\/\\\/sophia4africa.eu\\\/fr\\\/lots-de-travaux\\\/\",\"url\":\"https:\\\/\\\/sophia4africa.eu\\\/fr\\\/lots-de-travaux\\\/\",\"name\":\"Lots de travaux - SophiA 4 Africa\",\"isPartOf\":{\"@id\":\"https:\\\/\\\/sophia4africa.eu\\\/fr\\\/#website\"},\"datePublished\":\"2022-04-11T07:15:18+00:00\",\"dateModified\":\"2022-06-15T10:33:35+00:00\",\"breadcrumb\":{\"@id\":\"https:\\\/\\\/sophia4africa.eu\\\/fr\\\/lots-de-travaux\\\/#breadcrumb\"},\"inLanguage\":\"fr-FR\",\"potentialAction\":[{\"@type\":\"ReadAction\",\"target\":[\"https:\\\/\\\/sophia4africa.eu\\\/fr\\\/lots-de-travaux\\\/\"]}]},{\"@type\":\"BreadcrumbList\",\"@id\":\"https:\\\/\\\/sophia4africa.eu\\\/fr\\\/lots-de-travaux\\\/#breadcrumb\",\"itemListElement\":[{\"@type\":\"ListItem\",\"position\":1,\"name\":\"Home\",\"item\":\"https:\\\/\\\/sophia4africa.eu\\\/fr\\\/accueil\\\/\"},{\"@type\":\"ListItem\",\"position\":2,\"name\":\"Lots de travaux\"}]},{\"@type\":\"WebSite\",\"@id\":\"https:\\\/\\\/sophia4africa.eu\\\/fr\\\/#website\",\"url\":\"https:\\\/\\\/sophia4africa.eu\\\/fr\\\/\",\"name\":\"SophiA 4 Africa\",\"description\":\"\",\"publisher\":{\"@id\":\"https:\\\/\\\/sophia4africa.eu\\\/fr\\\/#organization\"},\"potentialAction\":[{\"@type\":\"SearchAction\",\"target\":{\"@type\":\"EntryPoint\",\"urlTemplate\":\"https:\\\/\\\/sophia4africa.eu\\\/fr\\\/?s={search_term_string}\"},\"query-input\":{\"@type\":\"PropertyValueSpecification\",\"valueRequired\":true,\"valueName\":\"search_term_string\"}}],\"inLanguage\":\"fr-FR\"},{\"@type\":\"Organization\",\"@id\":\"https:\\\/\\\/sophia4africa.eu\\\/fr\\\/#organization\",\"name\":\"SophiA4Africa\",\"url\":\"https:\\\/\\\/sophia4africa.eu\\\/fr\\\/\",\"logo\":{\"@type\":\"ImageObject\",\"inLanguage\":\"fr-FR\",\"@id\":\"https:\\\/\\\/sophia4africa.eu\\\/fr\\\/#\\\/schema\\\/logo\\\/image\\\/\",\"url\":\"https:\\\/\\\/sophia4africa.eu\\\/wp-content\\\/uploads\\\/2022\\\/03\\\/logo-sophia-329x114-1.png\",\"contentUrl\":\"https:\\\/\\\/sophia4africa.eu\\\/wp-content\\\/uploads\\\/2022\\\/03\\\/logo-sophia-329x114-1.png\",\"width\":329,\"height\":114,\"caption\":\"SophiA4Africa\"},\"image\":{\"@id\":\"https:\\\/\\\/sophia4africa.eu\\\/fr\\\/#\\\/schema\\\/logo\\\/image\\\/\"},\"sameAs\":[\"https:\\\/\\\/www.facebook.com\\\/sophiA4Africa\"]}]}<\/script>\n<!-- \/ Yoast SEO plugin. -->","yoast_head_json":{"title":"Lots de travaux - SophiA 4 Africa","robots":{"index":"index","follow":"follow","max-snippet":"max-snippet:-1","max-image-preview":"max-image-preview:large","max-video-preview":"max-video-preview:-1"},"canonical":"https:\/\/sophia4africa.eu\/fr\/lots-de-travaux\/","og_locale":"fr_FR","og_type":"article","og_title":"Lots de travaux - SophiA 4 Africa","og_description":"[vc_row css=\u00a0\u00bb.vc_custom_1649690519925{padding-top: 40px !important;}\u00a0\u00bb][vc_column][vc_column_text css=\u00a0\u00bb.vc_custom_1651221456595{padding-bottom: 15px !important;}\u00a0\u00bb] Neuf lots de travaux ont \u00e9t\u00e9 d\u00e9finis pour atteindre les objectifs et obtenir les r\u00e9sultats pr\u00e9vus du projet SophiA comme d\u00e9crit ci-dessous. [\/vc_column_text][\/vc_column][\/vc_row][vc_row content_placement=\u00a0\u00bbmiddle\u00a0\u00bb css=\u00a0\u00bb.vc_custom_1649429227458{margin-top: 50px !important;}\u00a0\u00bb][vc_column][\/vc_column][\/vc_row][vc_row content_placement=\u00a0\u00bbmiddle\u00a0\u00bb css=\u00a0\u00bb.vc_custom_1651063855499{margin-top: 50px !important;background-color: #ffffff !important;}\u00a0\u00bb][vc_column width=\u00a0\u00bb1\/6&Prime;][\/vc_column][vc_column width=\u00a0\u00bb2\/3&Prime;][vc_column_text css=\u00a0\u00bb.vc_custom_1652896308734{padding-bottom: 15px !important;}\u00a0\u00bb] Lots Titre Objectifs principaux 1 D\u00e9finir les limites des syst\u00e8mes&hellip;","og_url":"https:\/\/sophia4africa.eu\/fr\/lots-de-travaux\/","og_site_name":"SophiA 4 Africa","article_publisher":"https:\/\/www.facebook.com\/sophiA4Africa","article_modified_time":"2022-06-15T10:33:35+00:00","twitter_card":"summary_large_image","twitter_misc":{"Dur\u00e9e de lecture estim\u00e9e":"2 minutes"},"schema":{"@context":"https:\/\/schema.org","@graph":[{"@type":"WebPage","@id":"https:\/\/sophia4africa.eu\/fr\/lots-de-travaux\/","url":"https:\/\/sophia4africa.eu\/fr\/lots-de-travaux\/","name":"Lots de travaux - SophiA 4 Africa","isPartOf":{"@id":"https:\/\/sophia4africa.eu\/fr\/#website"},"datePublished":"2022-04-11T07:15:18+00:00","dateModified":"2022-06-15T10:33:35+00:00","breadcrumb":{"@id":"https:\/\/sophia4africa.eu\/fr\/lots-de-travaux\/#breadcrumb"},"inLanguage":"fr-FR","potentialAction":[{"@type":"ReadAction","target":["https:\/\/sophia4africa.eu\/fr\/lots-de-travaux\/"]}]},{"@type":"BreadcrumbList","@id":"https:\/\/sophia4africa.eu\/fr\/lots-de-travaux\/#breadcrumb","itemListElement":[{"@type":"ListItem","position":1,"name":"Home","item":"https:\/\/sophia4africa.eu\/fr\/accueil\/"},{"@type":"ListItem","position":2,"name":"Lots de travaux"}]},{"@type":"WebSite","@id":"https:\/\/sophia4africa.eu\/fr\/#website","url":"https:\/\/sophia4africa.eu\/fr\/","name":"SophiA 4 Africa","description":"","publisher":{"@id":"https:\/\/sophia4africa.eu\/fr\/#organization"},"potentialAction":[{"@type":"SearchAction","target":{"@type":"EntryPoint","urlTemplate":"https:\/\/sophia4africa.eu\/fr\/?s={search_term_string}"},"query-input":{"@type":"PropertyValueSpecification","valueRequired":true,"valueName":"search_term_string"}}],"inLanguage":"fr-FR"},{"@type":"Organization","@id":"https:\/\/sophia4africa.eu\/fr\/#organization","name":"SophiA4Africa","url":"https:\/\/sophia4africa.eu\/fr\/","logo":{"@type":"ImageObject","inLanguage":"fr-FR","@id":"https:\/\/sophia4africa.eu\/fr\/#\/schema\/logo\/image\/","url":"https:\/\/sophia4africa.eu\/wp-content\/uploads\/2022\/03\/logo-sophia-329x114-1.png","contentUrl":"https:\/\/sophia4africa.eu\/wp-content\/uploads\/2022\/03\/logo-sophia-329x114-1.png","width":329,"height":114,"caption":"SophiA4Africa"},"image":{"@id":"https:\/\/sophia4africa.eu\/fr\/#\/schema\/logo\/image\/"},"sameAs":["https:\/\/www.facebook.com\/sophiA4Africa"]}]}},"_links":{"self":[{"href":"https:\/\/sophia4africa.eu\/fr\/wp-json\/wp\/v2\/pages\/59533","targetHints":{"allow":["GET"]}}],"collection":[{"href":"https:\/\/sophia4africa.eu\/fr\/wp-json\/wp\/v2\/pages"}],"about":[{"href":"https:\/\/sophia4africa.eu\/fr\/wp-json\/wp\/v2\/types\/page"}],"author":[{"embeddable":true,"href":"https:\/\/sophia4africa.eu\/fr\/wp-json\/wp\/v2\/users\/1"}],"replies":[{"embeddable":true,"href":"https:\/\/sophia4africa.eu\/fr\/wp-json\/wp\/v2\/comments?post=59533"}],"version-history":[{"count":0,"href":"https:\/\/sophia4africa.eu\/fr\/wp-json\/wp\/v2\/pages\/59533\/revisions"}],"wp:attachment":[{"href":"https:\/\/sophia4africa.eu\/fr\/wp-json\/wp\/v2\/media?parent=59533"}],"curies":[{"name":"wp","href":"https:\/\/api.w.org\/{rel}","templated":true}]}}