{"id":59490,"date":"2022-04-27T10:26:31","date_gmt":"2022-04-27T08:26:31","guid":{"rendered":"https:\/\/sophia4africa.eu\/projets-green-deal-en-afrique\/"},"modified":"2022-06-24T16:20:47","modified_gmt":"2022-06-24T14:20:47","slug":"projets-green-deal-en-afrique","status":"publish","type":"page","link":"https:\/\/sophia4africa.eu\/fr\/projets-green-deal-en-afrique\/","title":{"rendered":"Projets Green Deal en Afrique"},"content":{"rendered":"<div class=\"wpb-content-wrapper\"><p>[vc_row full_width=\u00a0\u00bbstretch_row\u00a0\u00bb css=\u00a0\u00bb.vc_custom_1651063126694{background-color: #ffffff !important;}\u00a0\u00bb][vc_column][vc_single_image image=\u00a0\u00bb58860&Prime; img_size=\u00a0\u00bbfull\u00a0\u00bb alignment=\u00a0\u00bbcenter\u00a0\u00bb][\/vc_column][\/vc_row][vc_row full_width=\u00a0\u00bbstretch_row\u00a0\u00bb css=\u00a0\u00bb.vc_custom_1651063126694{background-color: #ffffff !important;}\u00a0\u00bb][vc_column]\t\n\t\t<div id=\"gs_logo_area_53\" data-sort=\"name\" data-shortcode-id=\"53\" class=\"gs_logo_area gs_logo_area_53 list1 \" data-options='{\"logo_per_page\":\"6\"}' style=\"opacity: 0; visibility: hidden;\">\n\t\t\t<div class=\"gs_logo_area--inner\">\n\n\t\t\t\t<!-- Category Filters - New (Global) -->\n\t\t\t\t\t\n\t\t\t\t\n<div class=\"gs_logo_container gs_logo_container_list\">\n\n\t\n\t\t\n\t\t\t<div class=\"gs_logo_single--wrapper\">\n\t\t\t\t<div class=\"gs_logo_single\">\n\t\t\t\t\t\n\t\t\t\t\t<div class=\"gs_logo--image-area\">\n\t\t\t\t\t\t<!-- Logo Image -->\n\t\t\t\t\t\t<img loading=\"lazy\" decoding=\"async\" width=\"300\" height=\"227\" src=\"https:\/\/sophia4africa.eu\/wp-content\/uploads\/2024\/05\/Practice_Logo_RGB-01-300x227.png\" class=\"tt-placement-top tt-bgcolor-one-%23ff5f6d tt-bgcolor-two-%23ffc371 tt-textcolor-%23fff gs-logo--img wp-post-image\" alt=\"\" title=\"Praectice\" srcset=\"https:\/\/sophia4africa.eu\/wp-content\/uploads\/2024\/05\/Practice_Logo_RGB-01-300x227.png 300w, https:\/\/sophia4africa.eu\/wp-content\/uploads\/2024\/05\/Practice_Logo_RGB-01-1024x775.png 1024w, https:\/\/sophia4africa.eu\/wp-content\/uploads\/2024\/05\/Practice_Logo_RGB-01-768x581.png 768w, https:\/\/sophia4africa.eu\/wp-content\/uploads\/2024\/05\/Practice_Logo_RGB-01.png 1250w\" sizes=\"auto, (max-width: 300px) 100vw, 300px\" \/>\t\t\t\t\t<\/div>\n\n\t\t\t\t\t<div class=\"gs_logo--details-area\">\n\t\t\t\t\t\t<!-- Logo Title -->\n\t\t\t\t\t\t<h3 class=\"gs_logo_title\">Praectice<\/h3>\t\t\t\t\t\t<!-- Logo Category -->\n\t\t\t\t\t\t\t\t\t\t\t\t<!-- Logo Details -->\n\t\t\t\t\t\t\n<div class=\"gs-logo-details justify\"><ul>\n<li>Aider les petits agriculteurs dans leur transition agro-\u00e9cologique en explorant le potentiel des pratiques agro-\u00e9cologiques en Afrique de l&rsquo;Est.<\/li>\n<li>Fournir un nouvel ensemble d&rsquo;indicateurs agro-\u00e9cologiques ax\u00e9s sur les syst\u00e8mes circulaires eau-\u00e9nergie-nutriments de l&rsquo;aquaculture int\u00e9gr\u00e9e.<\/li>\n<li>Se concentrer sur les besoins des petits exploitants agricoles.<\/li>\n<\/ul>\n<p><a href=\"https:\/\/praectice.eu\/\">https:\/\/praectice.eu\/<\/a><\/p>\n<\/div>\t\t\t\t\t<\/div>\n\n\t\t\t\t<\/div>\n\t\t\t<\/div>\n\n\t\t\n\t\t\t<div class=\"gs_logo_single--wrapper\">\n\t\t\t\t<div class=\"gs_logo_single\">\n\t\t\t\t\t\n\t\t\t\t\t<div class=\"gs_logo--image-area\">\n\t\t\t\t\t\t<!-- Logo Image -->\n\t\t\t\t\t\t\t\t\t\t\t<\/div>\n\n\t\t\t\t\t<div class=\"gs_logo--details-area\">\n\t\t\t\t\t\t<!-- Logo Title -->\n\t\t\t\t\t\t<h3 class=\"gs_logo_title\">SESA<\/h3>\t\t\t\t\t\t<!-- Logo Category -->\n\t\t\t\t\t\t\t\t\t\t\t\t<!-- Logo Details -->\n\t\t\t\t\t\t\n<div class=\"gs-logo-details justify\"><ul>\n<li>Att\u00e9nuation du changement climatique et solutions d&rsquo;acc\u00e8s \u00e0 l&rsquo;\u00e9nergie au Kenya, au Ghana, au Maroc, en Afrique du Sud, au Malawi, en Namibie, au Nigeria, au Rwanda et en Tanzanie<\/li>\n<li>Mettre l&rsquo;accent sur la reproductibilit\u00e9 des solutions<\/li>\n<\/ul>\n<p><a href=\"https:\/\/sesa-euafrica.eu\/\" target=\"_blank\" rel=\"noopener\">https:\/\/sesa-euafrica.eu\/<\/a><\/p>\n<\/div>\t\t\t\t\t<\/div>\n\n\t\t\t\t<\/div>\n\t\t\t<\/div>\n\n\t\t\n\t\t\t<div class=\"gs_logo_single--wrapper\">\n\t\t\t\t<div class=\"gs_logo_single\">\n\t\t\t\t\t\n\t\t\t\t\t<div class=\"gs_logo--image-area\">\n\t\t\t\t\t\t<!-- Logo Image -->\n\t\t\t\t\t\t\t\t\t\t\t<\/div>\n\n\t\t\t\t\t<div class=\"gs_logo--details-area\">\n\t\t\t\t\t\t<!-- Logo Title -->\n\t\t\t\t\t\t<h3 class=\"gs_logo_title\">REFFECT AFRICA<\/h3>\t\t\t\t\t\t<!-- Logo Category -->\n\t\t\t\t\t\t\t\t\t\t\t\t<!-- Logo Details -->\n\t\t\t\t\t\t\n<div class=\"gs-logo-details justify\"><ul>\n<li>Solutions en r\u00e9seau et hors r\u00e9seau dans le cadre du WEF<\/li>\n<li>Revalorisation des d\u00e9chets de biomasse par gaz\u00e9ification de la biomasse<\/li>\n<li>3 sites de d\u00e9monstration : Maroc, Ghana et Afrique du Sud<\/li>\n<\/ul>\n<p><a href=\"https:\/\/www.reffect-africa.eu\/\" target=\"_blank\" rel=\"noopener\">https:\/\/www.reffect-africa.eu\/<\/a><\/p>\n<\/div>\t\t\t\t\t<\/div>\n\n\t\t\t\t<\/div>\n\t\t\t<\/div>\n\n\t\t\n\t\t\t<div class=\"gs_logo_single--wrapper\">\n\t\t\t\t<div class=\"gs_logo_single\">\n\t\t\t\t\t\n\t\t\t\t\t<div class=\"gs_logo--image-area\">\n\t\t\t\t\t\t<!-- Logo Image -->\n\t\t\t\t\t\t\t\t\t\t\t<\/div>\n\n\t\t\t\t\t<div class=\"gs_logo--details-area\">\n\t\t\t\t\t\t<!-- Logo Title -->\n\t\t\t\t\t\t<h3 class=\"gs_logo_title\">Energica<\/h3>\t\t\t\t\t\t<!-- Logo Category -->\n\t\t\t\t\t\t\t\t\t\t\t\t<!-- Logo Details -->\n\t\t\t\t\t\t\n<div class=\"gs-logo-details justify\"><p>Solutions d&rsquo;acc\u00e8s \u00e0 l&rsquo;\u00e9nergie :<\/p>\n<ul>\n<li>Mobilit\u00e9 \u00e9lectrique aliment\u00e9e par l&rsquo;\u00e9nergie solaire (Kenya)<\/li>\n<li>Nano-r\u00e9seaux pour la production renouvelable d&rsquo;eau et de nourriture (Madagascar)<\/li>\n<li>Syst\u00e8me de purification du biogaz et de l&rsquo;eau pour la production d&rsquo;\u00e9nergie, d&rsquo;eau et d&rsquo;engrais alimentaires (Sierra Leone)<\/li>\n<\/ul>\n<p><a href=\"http:\/\/energica-h2020.eu\/\" target=\"_blank\" rel=\"noopener\">http:\/\/energica-h2020.eu\/<\/a><\/p>\n<\/div>\t\t\t\t\t<\/div>\n\n\t\t\t\t<\/div>\n\t\t\t<\/div>\n\n\t\t\n\t\t\t<div class=\"gs_logo_single--wrapper\">\n\t\t\t\t<div class=\"gs_logo_single\">\n\t\t\t\t\t\n\t\t\t\t\t<div class=\"gs_logo--image-area\">\n\t\t\t\t\t\t<!-- Logo Image -->\n\t\t\t\t\t\t\t\t\t\t\t<\/div>\n\n\t\t\t\t\t<div class=\"gs_logo--details-area\">\n\t\t\t\t\t\t<!-- Logo Title -->\n\t\t\t\t\t\t<h3 class=\"gs_logo_title\">SteamBioAfrica<\/h3>\t\t\t\t\t\t<!-- Logo Category -->\n\t\t\t\t\t\t\t\t\t\t\t\t<!-- Logo Details -->\n\t\t\t\t\t\t\n<div class=\"gs-logo-details justify\"><ul>\n<li>Transformer les buissons envahissants et autres esp\u00e8ces ligneuses en combustibles solides propres et de grande valeur<\/li>\n<li>Une usine de d\u00e9monstration industrielle fonctionne en Namibie<\/li>\n<li>Validation de la durabilit\u00e9 sociale, \u00e9conomique et environnementale au Botswana, en Namibie et en Afrique du Sud<\/li>\n<\/ul>\n<p><a href=\"https:\/\/www.steambioafrica.com\/\" target=\"_blank\" rel=\"noopener\">https:\/\/www.steambioafrica.com\/<\/a><\/p>\n<\/div>\t\t\t\t\t<\/div>\n\n\t\t\t\t<\/div>\n\t\t\t<\/div>\n\n\t\t\n\t\t\t<div class=\"gs_logo_single--wrapper\">\n\t\t\t\t<div class=\"gs_logo_single\">\n\t\t\t\t\t\n\t\t\t\t\t<div class=\"gs_logo--image-area\">\n\t\t\t\t\t\t<!-- Logo Image -->\n\t\t\t\t\t\t\t\t\t\t\t<\/div>\n\n\t\t\t\t\t<div class=\"gs_logo--details-area\">\n\t\t\t\t\t\t<!-- Logo Title -->\n\t\t\t\t\t\t<h3 class=\"gs_logo_title\">LEAP-RE<\/h3>\t\t\t\t\t\t<!-- Logo Category -->\n\t\t\t\t\t\t\t\t\t\t\t\t<!-- Logo Details -->\n\t\t\t\t\t\t\n<div class=\"gs-logo-details justify\"><ul>\n<li>Partenariat \u00e0 long terme entre l&rsquo;Union europ\u00e9enne et l&rsquo;Union africaine pour la recherche et l&rsquo;innovation dans le domaine des \u00e9nergies renouvelables<\/li>\n<li>Mission : d\u00e9velopper les \u00e9nergies renouvelables en tant que source d&rsquo;\u00e9nergie durable pour tous en Afrique.<\/li>\n<\/ul>\n<p><a href=\"https:\/\/www.leap-re.eu\/\" target=\"_blank\" rel=\"noopener\">https:\/\/www.leap-re.eu\/<\/a><\/p>\n<\/div>\t\t\t\t\t<\/div>\n\n\t\t\t\t<\/div>\n\t\t\t<\/div>\n\n\t\t\t\t\n\t\n<\/div>\n\t\t\t\t<!-- Pagination -->\n\t\t\t\t\n\t\t\t<\/div>\n\t\t<\/div>\n\t\n\t\t<style>#gs_logo_area_53:not(.verticaltickerdown):not(.verticalticker) .gs_logo_container{margin-left:-5px}#gs_logo_area_53:not(.verticaltickerdown):not(.verticalticker) .gs_logo_container{margin-right:-5px}#gs_logo_area_53:not(.verticaltickerdown):not(.verticalticker) .gs_logo_single--wrapper{padding:5px}#gs_logo_area_53 ul.gs-logo-filter-cats{text-align:center!important}<\/style>[\/vc_column][\/vc_row]<\/p>\n<\/div>","protected":false},"excerpt":{"rendered":"<p>[vc_row full_width=\u00a0\u00bbstretch_row\u00a0\u00bb css=\u00a0\u00bb.vc_custom_1651063126694{background-color: #ffffff !important;}\u00a0\u00bb][vc_column][vc_single_image image=\u00a0\u00bb58860&Prime; img_size=\u00a0\u00bbfull\u00a0\u00bb alignment=\u00a0\u00bbcenter\u00a0\u00bb][\/vc_column][\/vc_row][vc_row full_width=\u00a0\u00bbstretch_row\u00a0\u00bb css=\u00a0\u00bb.vc_custom_1651063126694{background-color: #ffffff !important;}\u00a0\u00bb][vc_column][\/vc_column][\/vc_row]<\/p>\n","protected":false},"author":1,"featured_media":0,"parent":0,"menu_order":30,"comment_status":"closed","ping_status":"closed","template":"","meta":{"footnotes":""},"class_list":["post-59490","page","type-page","status-publish","hentry","description-off"],"yoast_head":"<!-- This site is optimized with the Yoast SEO plugin v27.3 - https:\/\/yoast.com\/product\/yoast-seo-wordpress\/ -->\n<title>Projets Green Deal en Afrique - SophiA 4 Africa<\/title>\n<meta name=\"robots\" content=\"index, follow, max-snippet:-1, max-image-preview:large, max-video-preview:-1\" \/>\n<link rel=\"canonical\" href=\"https:\/\/sophia4africa.eu\/fr\/projets-green-deal-en-afrique\/\" \/>\n<meta property=\"og:locale\" content=\"fr_FR\" \/>\n<meta property=\"og:type\" content=\"article\" \/>\n<meta property=\"og:title\" content=\"Projets Green Deal en Afrique - SophiA 4 Africa\" \/>\n<meta property=\"og:description\" content=\"[vc_row full_width=\u00a0\u00bbstretch_row\u00a0\u00bb css=\u00a0\u00bb.vc_custom_1651063126694{background-color: #ffffff !important;}\u00a0\u00bb][vc_column][vc_single_image image=\u00a0\u00bb58860&Prime; img_size=\u00a0\u00bbfull\u00a0\u00bb alignment=\u00a0\u00bbcenter\u00a0\u00bb][\/vc_column][\/vc_row][vc_row full_width=\u00a0\u00bbstretch_row\u00a0\u00bb css=\u00a0\u00bb.vc_custom_1651063126694{background-color: #ffffff !important;}\u00a0\u00bb][vc_column][\/vc_column][\/vc_row]\" \/>\n<meta property=\"og:url\" content=\"https:\/\/sophia4africa.eu\/fr\/projets-green-deal-en-afrique\/\" \/>\n<meta property=\"og:site_name\" content=\"SophiA 4 Africa\" \/>\n<meta property=\"article:publisher\" content=\"https:\/\/www.facebook.com\/sophiA4Africa\" \/>\n<meta property=\"article:modified_time\" content=\"2022-06-24T14:20:47+00:00\" \/>\n<meta name=\"twitter:card\" content=\"summary_large_image\" \/>\n<script type=\"application\/ld+json\" class=\"yoast-schema-graph\">{\"@context\":\"https:\\\/\\\/schema.org\",\"@graph\":[{\"@type\":\"WebPage\",\"@id\":\"https:\\\/\\\/sophia4africa.eu\\\/fr\\\/projets-green-deal-en-afrique\\\/\",\"url\":\"https:\\\/\\\/sophia4africa.eu\\\/fr\\\/projets-green-deal-en-afrique\\\/\",\"name\":\"Projets Green Deal en Afrique - SophiA 4 Africa\",\"isPartOf\":{\"@id\":\"https:\\\/\\\/sophia4africa.eu\\\/fr\\\/#website\"},\"datePublished\":\"2022-04-27T08:26:31+00:00\",\"dateModified\":\"2022-06-24T14:20:47+00:00\",\"breadcrumb\":{\"@id\":\"https:\\\/\\\/sophia4africa.eu\\\/fr\\\/projets-green-deal-en-afrique\\\/#breadcrumb\"},\"inLanguage\":\"fr-FR\",\"potentialAction\":[{\"@type\":\"ReadAction\",\"target\":[\"https:\\\/\\\/sophia4africa.eu\\\/fr\\\/projets-green-deal-en-afrique\\\/\"]}]},{\"@type\":\"BreadcrumbList\",\"@id\":\"https:\\\/\\\/sophia4africa.eu\\\/fr\\\/projets-green-deal-en-afrique\\\/#breadcrumb\",\"itemListElement\":[{\"@type\":\"ListItem\",\"position\":1,\"name\":\"Home\",\"item\":\"https:\\\/\\\/sophia4africa.eu\\\/fr\\\/accueil\\\/\"},{\"@type\":\"ListItem\",\"position\":2,\"name\":\"Projets Green Deal en Afrique\"}]},{\"@type\":\"WebSite\",\"@id\":\"https:\\\/\\\/sophia4africa.eu\\\/fr\\\/#website\",\"url\":\"https:\\\/\\\/sophia4africa.eu\\\/fr\\\/\",\"name\":\"SophiA 4 Africa\",\"description\":\"\",\"publisher\":{\"@id\":\"https:\\\/\\\/sophia4africa.eu\\\/fr\\\/#organization\"},\"potentialAction\":[{\"@type\":\"SearchAction\",\"target\":{\"@type\":\"EntryPoint\",\"urlTemplate\":\"https:\\\/\\\/sophia4africa.eu\\\/fr\\\/?s={search_term_string}\"},\"query-input\":{\"@type\":\"PropertyValueSpecification\",\"valueRequired\":true,\"valueName\":\"search_term_string\"}}],\"inLanguage\":\"fr-FR\"},{\"@type\":\"Organization\",\"@id\":\"https:\\\/\\\/sophia4africa.eu\\\/fr\\\/#organization\",\"name\":\"SophiA4Africa\",\"url\":\"https:\\\/\\\/sophia4africa.eu\\\/fr\\\/\",\"logo\":{\"@type\":\"ImageObject\",\"inLanguage\":\"fr-FR\",\"@id\":\"https:\\\/\\\/sophia4africa.eu\\\/fr\\\/#\\\/schema\\\/logo\\\/image\\\/\",\"url\":\"https:\\\/\\\/sophia4africa.eu\\\/wp-content\\\/uploads\\\/2022\\\/03\\\/logo-sophia-329x114-1.png\",\"contentUrl\":\"https:\\\/\\\/sophia4africa.eu\\\/wp-content\\\/uploads\\\/2022\\\/03\\\/logo-sophia-329x114-1.png\",\"width\":329,\"height\":114,\"caption\":\"SophiA4Africa\"},\"image\":{\"@id\":\"https:\\\/\\\/sophia4africa.eu\\\/fr\\\/#\\\/schema\\\/logo\\\/image\\\/\"},\"sameAs\":[\"https:\\\/\\\/www.facebook.com\\\/sophiA4Africa\"]}]}<\/script>\n<!-- \/ Yoast SEO plugin. -->","yoast_head_json":{"title":"Projets Green Deal en Afrique - SophiA 4 Africa","robots":{"index":"index","follow":"follow","max-snippet":"max-snippet:-1","max-image-preview":"max-image-preview:large","max-video-preview":"max-video-preview:-1"},"canonical":"https:\/\/sophia4africa.eu\/fr\/projets-green-deal-en-afrique\/","og_locale":"fr_FR","og_type":"article","og_title":"Projets Green Deal en Afrique - SophiA 4 Africa","og_description":"[vc_row full_width=\u00a0\u00bbstretch_row\u00a0\u00bb css=\u00a0\u00bb.vc_custom_1651063126694{background-color: #ffffff !important;}\u00a0\u00bb][vc_column][vc_single_image image=\u00a0\u00bb58860&Prime; img_size=\u00a0\u00bbfull\u00a0\u00bb alignment=\u00a0\u00bbcenter\u00a0\u00bb][\/vc_column][\/vc_row][vc_row full_width=\u00a0\u00bbstretch_row\u00a0\u00bb css=\u00a0\u00bb.vc_custom_1651063126694{background-color: #ffffff !important;}\u00a0\u00bb][vc_column][\/vc_column][\/vc_row]","og_url":"https:\/\/sophia4africa.eu\/fr\/projets-green-deal-en-afrique\/","og_site_name":"SophiA 4 Africa","article_publisher":"https:\/\/www.facebook.com\/sophiA4Africa","article_modified_time":"2022-06-24T14:20:47+00:00","twitter_card":"summary_large_image","schema":{"@context":"https:\/\/schema.org","@graph":[{"@type":"WebPage","@id":"https:\/\/sophia4africa.eu\/fr\/projets-green-deal-en-afrique\/","url":"https:\/\/sophia4africa.eu\/fr\/projets-green-deal-en-afrique\/","name":"Projets Green Deal en Afrique - SophiA 4 Africa","isPartOf":{"@id":"https:\/\/sophia4africa.eu\/fr\/#website"},"datePublished":"2022-04-27T08:26:31+00:00","dateModified":"2022-06-24T14:20:47+00:00","breadcrumb":{"@id":"https:\/\/sophia4africa.eu\/fr\/projets-green-deal-en-afrique\/#breadcrumb"},"inLanguage":"fr-FR","potentialAction":[{"@type":"ReadAction","target":["https:\/\/sophia4africa.eu\/fr\/projets-green-deal-en-afrique\/"]}]},{"@type":"BreadcrumbList","@id":"https:\/\/sophia4africa.eu\/fr\/projets-green-deal-en-afrique\/#breadcrumb","itemListElement":[{"@type":"ListItem","position":1,"name":"Home","item":"https:\/\/sophia4africa.eu\/fr\/accueil\/"},{"@type":"ListItem","position":2,"name":"Projets Green Deal en Afrique"}]},{"@type":"WebSite","@id":"https:\/\/sophia4africa.eu\/fr\/#website","url":"https:\/\/sophia4africa.eu\/fr\/","name":"SophiA 4 Africa","description":"","publisher":{"@id":"https:\/\/sophia4africa.eu\/fr\/#organization"},"potentialAction":[{"@type":"SearchAction","target":{"@type":"EntryPoint","urlTemplate":"https:\/\/sophia4africa.eu\/fr\/?s={search_term_string}"},"query-input":{"@type":"PropertyValueSpecification","valueRequired":true,"valueName":"search_term_string"}}],"inLanguage":"fr-FR"},{"@type":"Organization","@id":"https:\/\/sophia4africa.eu\/fr\/#organization","name":"SophiA4Africa","url":"https:\/\/sophia4africa.eu\/fr\/","logo":{"@type":"ImageObject","inLanguage":"fr-FR","@id":"https:\/\/sophia4africa.eu\/fr\/#\/schema\/logo\/image\/","url":"https:\/\/sophia4africa.eu\/wp-content\/uploads\/2022\/03\/logo-sophia-329x114-1.png","contentUrl":"https:\/\/sophia4africa.eu\/wp-content\/uploads\/2022\/03\/logo-sophia-329x114-1.png","width":329,"height":114,"caption":"SophiA4Africa"},"image":{"@id":"https:\/\/sophia4africa.eu\/fr\/#\/schema\/logo\/image\/"},"sameAs":["https:\/\/www.facebook.com\/sophiA4Africa"]}]}},"_links":{"self":[{"href":"https:\/\/sophia4africa.eu\/fr\/wp-json\/wp\/v2\/pages\/59490","targetHints":{"allow":["GET"]}}],"collection":[{"href":"https:\/\/sophia4africa.eu\/fr\/wp-json\/wp\/v2\/pages"}],"about":[{"href":"https:\/\/sophia4africa.eu\/fr\/wp-json\/wp\/v2\/types\/page"}],"author":[{"embeddable":true,"href":"https:\/\/sophia4africa.eu\/fr\/wp-json\/wp\/v2\/users\/1"}],"replies":[{"embeddable":true,"href":"https:\/\/sophia4africa.eu\/fr\/wp-json\/wp\/v2\/comments?post=59490"}],"version-history":[{"count":0,"href":"https:\/\/sophia4africa.eu\/fr\/wp-json\/wp\/v2\/pages\/59490\/revisions"}],"wp:attachment":[{"href":"https:\/\/sophia4africa.eu\/fr\/wp-json\/wp\/v2\/media?parent=59490"}],"curies":[{"name":"wp","href":"https:\/\/api.w.org\/{rel}","templated":true}]}}