{"id":59484,"date":"2022-04-08T16:33:47","date_gmt":"2022-04-08T14:33:47","guid":{"rendered":"https:\/\/sophia4africa.eu\/gouvernance\/"},"modified":"2022-06-24T16:06:36","modified_gmt":"2022-06-24T14:06:36","slug":"gouvernance","status":"publish","type":"page","link":"https:\/\/sophia4africa.eu\/fr\/gouvernance\/","title":{"rendered":"Gouvernance"},"content":{"rendered":"<div class=\"wpb-content-wrapper\"><p>[vc_row content_placement=\u00a0\u00bbmiddle\u00a0\u00bb css=\u00a0\u00bb.vc_custom_1649429227458{margin-top: 50px !important;}\u00a0\u00bb][vc_column]<div id=\"ultimate-heading-220169fa0bc7dcb78\" class=\"uvc-heading ult-adjust-bottom-margin ultimate-heading-220169fa0bc7dcb78 uvc-3840  uvc-heading-default-font-sizes\" data-hspacer=\"no_spacer\"  data-halign=\"center\" style=\"text-align:center\"><div class=\"uvc-heading-spacer no_spacer\" style=\"top\"><\/div><div class=\"uvc-main-heading ult-responsive\"  data-ultimate-target='.uvc-heading.ultimate-heading-220169fa0bc7dcb78 h3'  data-responsive-json-new='{\"font-size\":\"\",\"line-height\":\"\"}' ><h3 style=\"font-weight:bold;margin-bottom:18px;\">Comment nous travaillons<\/h3><\/div><\/div>[vc_column_text css=\u00a0\u00bb.vc_custom_1650978430365{padding-bottom: 15px !important;}\u00a0\u00bb]<\/p>\n<p style=\"text-align: center;\">Le travail dans SophiaA est organis\u00e9 via un m\u00e9canisme simplifi\u00e9 de prise de d\u00e9cision impliquant tous les partenaires du projet.<\/p>\n<p style=\"text-align: center;\">La structure organisationnelle du projet SophiA comprend les organes du consortium suivants :<\/p>\n<p>[\/vc_column_text][\/vc_column][\/vc_row][vc_row content_placement=\u00a0\u00bbmiddle\u00a0\u00bb css=\u00a0\u00bb.vc_custom_1651221320856{background-color: #ffffff !important;}\u00a0\u00bb][vc_column width=\u00a0\u00bb2\/3&Prime;]<style type=\"text\/css\" data-type=\"the7_shortcodes-inline-css\">.shortcode-single-image-wrap.shortcode-single-image-c84105f93c0c8590d80a7deec05b9a04.enable-bg-rollover .rollover i,\n.shortcode-single-image-wrap.shortcode-single-image-c84105f93c0c8590d80a7deec05b9a04.enable-bg-rollover .rollover-video i {\n  background: -webkit-linear-gradient();\n  background: linear-gradient();\n}\n.shortcode-single-image-wrap.shortcode-single-image-c84105f93c0c8590d80a7deec05b9a04 .rollover-icon {\n  font-size: 32px;\n  color: #ffffff;\n  min-width: 44px;\n  min-height: 44px;\n  line-height: 44px;\n  border-radius: 100px;\n  border-style: solid;\n  border-width: 0px;\n}\n.dt-icon-bg-on.shortcode-single-image-wrap.shortcode-single-image-c84105f93c0c8590d80a7deec05b9a04 .rollover-icon {\n  background: rgba(255,255,255,0.3);\n  box-shadow: none;\n}<\/style><div class=\"shortcode-single-image-wrap shortcode-single-image-c84105f93c0c8590d80a7deec05b9a04 alignnone  vc_custom_1651221389691 enable-bg-rollover dt-icon-bg-off\"  data-pretty-share=\"facebook,twitter,pinterest,linkedin\"><div class=\"shortcode-single-image\"><div class=\"fancy-media-wrap  layzr-bg\" style=\"\"><img fetchpriority=\"high\" decoding=\"async\" class=\"preload-me lazy-load aspect\" src=\"data:image\/svg+xml,%3Csvg%20xmlns%3D&#39;http%3A%2F%2Fwww.w3.org%2F2000%2Fsvg&#39;%20viewBox%3D&#39;0%200%20800%20692&#39;%2F%3E\" data-src=\"https:\/\/sophia4africa.eu\/wp-content\/uploads\/2022\/04\/sophia-management-structure-2-800x692.png\" data-srcset=\"https:\/\/sophia4africa.eu\/wp-content\/uploads\/2022\/04\/sophia-management-structure-2-800x692.png 800w, https:\/\/sophia4africa.eu\/wp-content\/uploads\/2022\/04\/sophia-management-structure-2-1276x1103.png 1276w\" loading=\"eager\" sizes=\"(max-width: 800px) 100vw, 800px\" width=\"800\" height=\"692\"  data-dt-location=\"https:\/\/sophia4africa.eu\/fr\/governance\/sophia-management-structure-2\/\" style=\"--ratio: 800 \/ 692;box-shadow:5px 5px 5px 5px rgba(86,144,52,0.6); -webkit-box-shadow:5px 5px 5px 5px rgba(86,144,52,0.6);\" alt=\"SophiA Management Structure\" \/><\/div><\/div><\/div>[\/vc_column][vc_column width=\u00a0\u00bb1\/3&Prime;][vc_column_text css=\u00a0\u00bb.vc_custom_1651220548062{padding-bottom: 15px !important;}\u00a0\u00bb]<\/p>\n<ul>\n<li><strong>Le Coordinateur du projet (HKA)<\/strong> est l&rsquo;entit\u00e9 juridique agissant en tant qu&rsquo;interm\u00e9diaire entre les parties et l&rsquo;autorit\u00e9 de financement (Commission europ\u00e9enne). HKA sera responsable de la coordination du projet, en particulier en ce qui concerne les d\u00e9veloppements techniques et scientifiques, et surveillera toutes les activit\u00e9s et le calendrier du projet.<\/li>\n<li><strong>Le Comit\u00e9 de pilotage du projet<\/strong> est l&rsquo;organe d\u00e9cisionnel du consortium. Le Comit\u00e9 de pilotage du projet est compos\u00e9 d&rsquo;un membre de chaque partenaire. Le membre sp\u00e9cifique pour repr\u00e9senter chaque organisation a \u00e9t\u00e9 confirm\u00e9 lors de la r\u00e9union de lancement du projet.<\/li>\n<li><strong>Le Conseil ex\u00e9cutif de gestion<\/strong> est l&rsquo;organe de supervision de l&rsquo;ex\u00e9cution du projet qui rendra compte au Comit\u00e9 de pilotage du projet et sera responsable devant lui. L&rsquo;EMB est compos\u00e9 de HKA, SEZ, SPF-OST, EVERFLO et MAK.<\/li>\n<\/ul>\n<p style=\"text-align: center;\"><a href=\"https:\/\/sophia4africa.eu\/fr\/partenaires-de-sophia\/\"><strong>Voir la liste des partenaires<\/strong><\/a><\/p>\n<ul>\n<li><strong>La gestion op\u00e9rationnelle<\/strong> vise \u00e0 aider le Comit\u00e9 de pilotage du projet et le coordinateur \u00e0 fournir un flux de travail op\u00e9rationnel efficace et r\u00e9ussi. Il sera lui-m\u00eame form\u00e9 de :\n<ul>\n<li style=\"text-align: justify;\"><strong>Work Package Leaders Group<\/strong>, groupe charg\u00e9 d&rsquo;assurer le flux de travail op\u00e9rationnel au niveau du Module de travail.<\/li>\n<li style=\"text-align: justify;\"><strong>Conseil de gestion de l&rsquo;innovation,<\/strong> charg\u00e9 d&rsquo;\u00e9laborer le plan de gestion de l&rsquo;innovation et d&rsquo;en assurer la poursuite. L&rsquo;IMB supervise les questions de propri\u00e9t\u00e9 intellectuelle (PI).<\/li>\n<\/ul>\n<\/li>\n<\/ul>\n<p>[\/vc_column_text][\/vc_column][\/vc_row]<\/p>\n<\/div>","protected":false},"excerpt":{"rendered":"<p>[vc_row content_placement=\u00a0\u00bbmiddle\u00a0\u00bb css=\u00a0\u00bb.vc_custom_1649429227458{margin-top: 50px !important;}\u00a0\u00bb][vc_column][vc_column_text css=\u00a0\u00bb.vc_custom_1650978430365{padding-bottom: 15px !important;}\u00a0\u00bb] Le travail dans SophiaA est organis\u00e9 via un m\u00e9canisme simplifi\u00e9 de prise de d\u00e9cision impliquant tous les partenaires du projet. La structure organisationnelle du projet SophiA comprend les organes du consortium suivants : [\/vc_column_text][\/vc_column][\/vc_row][vc_row content_placement=\u00a0\u00bbmiddle\u00a0\u00bb css=\u00a0\u00bb.vc_custom_1651221320856{background-color: #ffffff !important;}\u00a0\u00bb][vc_column width=\u00a0\u00bb2\/3&Prime;][\/vc_column][vc_column width=\u00a0\u00bb1\/3&Prime;][vc_column_text css=\u00a0\u00bb.vc_custom_1651220548062{padding-bottom: 15px !important;}\u00a0\u00bb] Le Coordinateur du projet&hellip;<\/p>\n","protected":false},"author":1,"featured_media":0,"parent":0,"menu_order":30,"comment_status":"closed","ping_status":"closed","template":"","meta":{"footnotes":""},"class_list":["post-59484","page","type-page","status-publish","hentry","description-off"],"yoast_head":"<!-- This site is optimized with the Yoast SEO plugin v27.3 - https:\/\/yoast.com\/product\/yoast-seo-wordpress\/ -->\n<title>Gouvernance - SophiA 4 Africa<\/title>\n<meta name=\"robots\" content=\"index, follow, max-snippet:-1, max-image-preview:large, max-video-preview:-1\" \/>\n<link rel=\"canonical\" href=\"https:\/\/sophia4africa.eu\/fr\/gouvernance\/\" \/>\n<meta property=\"og:locale\" content=\"fr_FR\" \/>\n<meta property=\"og:type\" content=\"article\" \/>\n<meta property=\"og:title\" content=\"Gouvernance - SophiA 4 Africa\" \/>\n<meta property=\"og:description\" content=\"[vc_row content_placement=\u00a0\u00bbmiddle\u00a0\u00bb css=\u00a0\u00bb.vc_custom_1649429227458{margin-top: 50px !important;}\u00a0\u00bb][vc_column][vc_column_text css=\u00a0\u00bb.vc_custom_1650978430365{padding-bottom: 15px !important;}\u00a0\u00bb] Le travail dans SophiaA est organis\u00e9 via un m\u00e9canisme simplifi\u00e9 de prise de d\u00e9cision impliquant tous les partenaires du projet. La structure organisationnelle du projet SophiA comprend les organes du consortium suivants : [\/vc_column_text][\/vc_column][\/vc_row][vc_row content_placement=\u00a0\u00bbmiddle\u00a0\u00bb css=\u00a0\u00bb.vc_custom_1651221320856{background-color: #ffffff !important;}\u00a0\u00bb][vc_column width=\u00a0\u00bb2\/3&Prime;][\/vc_column][vc_column width=\u00a0\u00bb1\/3&Prime;][vc_column_text css=\u00a0\u00bb.vc_custom_1651220548062{padding-bottom: 15px !important;}\u00a0\u00bb] Le Coordinateur du projet&hellip;\" \/>\n<meta property=\"og:url\" content=\"https:\/\/sophia4africa.eu\/fr\/gouvernance\/\" \/>\n<meta property=\"og:site_name\" content=\"SophiA 4 Africa\" \/>\n<meta property=\"article:publisher\" content=\"https:\/\/www.facebook.com\/sophiA4Africa\" \/>\n<meta property=\"article:modified_time\" content=\"2022-06-24T14:06:36+00:00\" \/>\n<meta name=\"twitter:card\" content=\"summary_large_image\" \/>\n<meta name=\"twitter:label1\" content=\"Dur\u00e9e de lecture estim\u00e9e\" \/>\n\t<meta name=\"twitter:data1\" content=\"2 minutes\" \/>\n<script type=\"application\/ld+json\" class=\"yoast-schema-graph\">{\"@context\":\"https:\\\/\\\/schema.org\",\"@graph\":[{\"@type\":\"WebPage\",\"@id\":\"https:\\\/\\\/sophia4africa.eu\\\/fr\\\/gouvernance\\\/\",\"url\":\"https:\\\/\\\/sophia4africa.eu\\\/fr\\\/gouvernance\\\/\",\"name\":\"Gouvernance - SophiA 4 Africa\",\"isPartOf\":{\"@id\":\"https:\\\/\\\/sophia4africa.eu\\\/fr\\\/#website\"},\"datePublished\":\"2022-04-08T14:33:47+00:00\",\"dateModified\":\"2022-06-24T14:06:36+00:00\",\"breadcrumb\":{\"@id\":\"https:\\\/\\\/sophia4africa.eu\\\/fr\\\/gouvernance\\\/#breadcrumb\"},\"inLanguage\":\"fr-FR\",\"potentialAction\":[{\"@type\":\"ReadAction\",\"target\":[\"https:\\\/\\\/sophia4africa.eu\\\/fr\\\/gouvernance\\\/\"]}]},{\"@type\":\"BreadcrumbList\",\"@id\":\"https:\\\/\\\/sophia4africa.eu\\\/fr\\\/gouvernance\\\/#breadcrumb\",\"itemListElement\":[{\"@type\":\"ListItem\",\"position\":1,\"name\":\"Home\",\"item\":\"https:\\\/\\\/sophia4africa.eu\\\/fr\\\/accueil\\\/\"},{\"@type\":\"ListItem\",\"position\":2,\"name\":\"Gouvernance\"}]},{\"@type\":\"WebSite\",\"@id\":\"https:\\\/\\\/sophia4africa.eu\\\/fr\\\/#website\",\"url\":\"https:\\\/\\\/sophia4africa.eu\\\/fr\\\/\",\"name\":\"SophiA 4 Africa\",\"description\":\"\",\"publisher\":{\"@id\":\"https:\\\/\\\/sophia4africa.eu\\\/fr\\\/#organization\"},\"potentialAction\":[{\"@type\":\"SearchAction\",\"target\":{\"@type\":\"EntryPoint\",\"urlTemplate\":\"https:\\\/\\\/sophia4africa.eu\\\/fr\\\/?s={search_term_string}\"},\"query-input\":{\"@type\":\"PropertyValueSpecification\",\"valueRequired\":true,\"valueName\":\"search_term_string\"}}],\"inLanguage\":\"fr-FR\"},{\"@type\":\"Organization\",\"@id\":\"https:\\\/\\\/sophia4africa.eu\\\/fr\\\/#organization\",\"name\":\"SophiA4Africa\",\"url\":\"https:\\\/\\\/sophia4africa.eu\\\/fr\\\/\",\"logo\":{\"@type\":\"ImageObject\",\"inLanguage\":\"fr-FR\",\"@id\":\"https:\\\/\\\/sophia4africa.eu\\\/fr\\\/#\\\/schema\\\/logo\\\/image\\\/\",\"url\":\"https:\\\/\\\/sophia4africa.eu\\\/wp-content\\\/uploads\\\/2022\\\/03\\\/logo-sophia-329x114-1.png\",\"contentUrl\":\"https:\\\/\\\/sophia4africa.eu\\\/wp-content\\\/uploads\\\/2022\\\/03\\\/logo-sophia-329x114-1.png\",\"width\":329,\"height\":114,\"caption\":\"SophiA4Africa\"},\"image\":{\"@id\":\"https:\\\/\\\/sophia4africa.eu\\\/fr\\\/#\\\/schema\\\/logo\\\/image\\\/\"},\"sameAs\":[\"https:\\\/\\\/www.facebook.com\\\/sophiA4Africa\"]}]}<\/script>\n<!-- \/ Yoast SEO plugin. -->","yoast_head_json":{"title":"Gouvernance - SophiA 4 Africa","robots":{"index":"index","follow":"follow","max-snippet":"max-snippet:-1","max-image-preview":"max-image-preview:large","max-video-preview":"max-video-preview:-1"},"canonical":"https:\/\/sophia4africa.eu\/fr\/gouvernance\/","og_locale":"fr_FR","og_type":"article","og_title":"Gouvernance - SophiA 4 Africa","og_description":"[vc_row content_placement=\u00a0\u00bbmiddle\u00a0\u00bb css=\u00a0\u00bb.vc_custom_1649429227458{margin-top: 50px !important;}\u00a0\u00bb][vc_column][vc_column_text css=\u00a0\u00bb.vc_custom_1650978430365{padding-bottom: 15px !important;}\u00a0\u00bb] Le travail dans SophiaA est organis\u00e9 via un m\u00e9canisme simplifi\u00e9 de prise de d\u00e9cision impliquant tous les partenaires du projet. La structure organisationnelle du projet SophiA comprend les organes du consortium suivants : [\/vc_column_text][\/vc_column][\/vc_row][vc_row content_placement=\u00a0\u00bbmiddle\u00a0\u00bb css=\u00a0\u00bb.vc_custom_1651221320856{background-color: #ffffff !important;}\u00a0\u00bb][vc_column width=\u00a0\u00bb2\/3&Prime;][\/vc_column][vc_column width=\u00a0\u00bb1\/3&Prime;][vc_column_text css=\u00a0\u00bb.vc_custom_1651220548062{padding-bottom: 15px !important;}\u00a0\u00bb] Le Coordinateur du projet&hellip;","og_url":"https:\/\/sophia4africa.eu\/fr\/gouvernance\/","og_site_name":"SophiA 4 Africa","article_publisher":"https:\/\/www.facebook.com\/sophiA4Africa","article_modified_time":"2022-06-24T14:06:36+00:00","twitter_card":"summary_large_image","twitter_misc":{"Dur\u00e9e de lecture estim\u00e9e":"2 minutes"},"schema":{"@context":"https:\/\/schema.org","@graph":[{"@type":"WebPage","@id":"https:\/\/sophia4africa.eu\/fr\/gouvernance\/","url":"https:\/\/sophia4africa.eu\/fr\/gouvernance\/","name":"Gouvernance - SophiA 4 Africa","isPartOf":{"@id":"https:\/\/sophia4africa.eu\/fr\/#website"},"datePublished":"2022-04-08T14:33:47+00:00","dateModified":"2022-06-24T14:06:36+00:00","breadcrumb":{"@id":"https:\/\/sophia4africa.eu\/fr\/gouvernance\/#breadcrumb"},"inLanguage":"fr-FR","potentialAction":[{"@type":"ReadAction","target":["https:\/\/sophia4africa.eu\/fr\/gouvernance\/"]}]},{"@type":"BreadcrumbList","@id":"https:\/\/sophia4africa.eu\/fr\/gouvernance\/#breadcrumb","itemListElement":[{"@type":"ListItem","position":1,"name":"Home","item":"https:\/\/sophia4africa.eu\/fr\/accueil\/"},{"@type":"ListItem","position":2,"name":"Gouvernance"}]},{"@type":"WebSite","@id":"https:\/\/sophia4africa.eu\/fr\/#website","url":"https:\/\/sophia4africa.eu\/fr\/","name":"SophiA 4 Africa","description":"","publisher":{"@id":"https:\/\/sophia4africa.eu\/fr\/#organization"},"potentialAction":[{"@type":"SearchAction","target":{"@type":"EntryPoint","urlTemplate":"https:\/\/sophia4africa.eu\/fr\/?s={search_term_string}"},"query-input":{"@type":"PropertyValueSpecification","valueRequired":true,"valueName":"search_term_string"}}],"inLanguage":"fr-FR"},{"@type":"Organization","@id":"https:\/\/sophia4africa.eu\/fr\/#organization","name":"SophiA4Africa","url":"https:\/\/sophia4africa.eu\/fr\/","logo":{"@type":"ImageObject","inLanguage":"fr-FR","@id":"https:\/\/sophia4africa.eu\/fr\/#\/schema\/logo\/image\/","url":"https:\/\/sophia4africa.eu\/wp-content\/uploads\/2022\/03\/logo-sophia-329x114-1.png","contentUrl":"https:\/\/sophia4africa.eu\/wp-content\/uploads\/2022\/03\/logo-sophia-329x114-1.png","width":329,"height":114,"caption":"SophiA4Africa"},"image":{"@id":"https:\/\/sophia4africa.eu\/fr\/#\/schema\/logo\/image\/"},"sameAs":["https:\/\/www.facebook.com\/sophiA4Africa"]}]}},"_links":{"self":[{"href":"https:\/\/sophia4africa.eu\/fr\/wp-json\/wp\/v2\/pages\/59484","targetHints":{"allow":["GET"]}}],"collection":[{"href":"https:\/\/sophia4africa.eu\/fr\/wp-json\/wp\/v2\/pages"}],"about":[{"href":"https:\/\/sophia4africa.eu\/fr\/wp-json\/wp\/v2\/types\/page"}],"author":[{"embeddable":true,"href":"https:\/\/sophia4africa.eu\/fr\/wp-json\/wp\/v2\/users\/1"}],"replies":[{"embeddable":true,"href":"https:\/\/sophia4africa.eu\/fr\/wp-json\/wp\/v2\/comments?post=59484"}],"version-history":[{"count":0,"href":"https:\/\/sophia4africa.eu\/fr\/wp-json\/wp\/v2\/pages\/59484\/revisions"}],"wp:attachment":[{"href":"https:\/\/sophia4africa.eu\/fr\/wp-json\/wp\/v2\/media?parent=59484"}],"curies":[{"name":"wp","href":"https:\/\/api.w.org\/{rel}","templated":true}]}}