{"id":59840,"date":"2022-04-27T11:09:38","date_gmt":"2022-04-27T09:09:38","guid":{"rendered":"https:\/\/sophia4africa.eu\/sophia-wissensaustausch-netzwerk\/"},"modified":"2024-01-26T12:36:59","modified_gmt":"2024-01-26T11:36:59","slug":"sophia-wissensaustausch-netzwerk","status":"publish","type":"page","link":"https:\/\/sophia4africa.eu\/de\/sophia-wissensaustausch-netzwerk\/","title":{"rendered":"SophiA Wissensaustausch-Netzwerk"},"content":{"rendered":"<div class=\"wpb-content-wrapper\"><p>[vc_row content_placement=&#8220;middle&#8220; css=&#8220;.vc_custom_1649429227458{margin-top: 50px !important;}&#8220;][vc_column][vc_column_text]<\/p>\n<p style=\"text-align: justify;\"><strong><img loading=\"lazy\" decoding=\"async\" class=\" wp-image-59017 alignright\" src=\"https:\/\/sophia4africa.eu\/wp-content\/uploads\/2022\/04\/partners-2-300x200.png\" alt=\"\" width=\"554\" height=\"370\" srcset=\"https:\/\/sophia4africa.eu\/wp-content\/uploads\/2022\/04\/partners-2-300x200.png 300w, https:\/\/sophia4africa.eu\/wp-content\/uploads\/2022\/04\/partners-2-1024x683.png 1024w, https:\/\/sophia4africa.eu\/wp-content\/uploads\/2022\/04\/partners-2-768x512.png 768w, https:\/\/sophia4africa.eu\/wp-content\/uploads\/2022\/04\/partners-2-391x260.png 391w, https:\/\/sophia4africa.eu\/wp-content\/uploads\/2022\/04\/partners-2-900x600.png 900w, https:\/\/sophia4africa.eu\/wp-content\/uploads\/2022\/04\/partners-2.png 1200w\" sizes=\"auto, (max-width: 554px) 100vw, 554px\" \/>Das SophiA Knowledge Exchange Network (KEN)<\/strong> soll in erster Linie eine Plattform f\u00fcr den Austausch relevanter Projektinhalte innerhalb einer Expertengruppe bieten. Die Gruppe setzt sich aus Koordinatoren \u00e4hnlicher Projekte, Mitgliedern relevanter Organisationen, Unternehmen oder Hochschulen zusammen. Zu seinen Hauptaufgaben geh\u00f6ren nicht nur die Identifizierung und F\u00f6rderung erfolgreicher Fallstudien, technischer und wirtschaftlicher Best Practices, sondern auch die Suche nach Synergien zwischen Verbreitungs- und Kommunikationsaktivit\u00e4ten. Auch M\u00f6glichkeiten zur Erzielung einer schnelleren Marktakzeptanz werden diskutiert.<\/p>\n<p style=\"text-align: justify;\">Die Partner werden an Kommissionen und Arbeitsgruppen teilnehmen, um die Ergebnisse mit Beh\u00f6rden auf lokaler, nationaler und europ\u00e4ischer Ebene zu teilen. Sie werden auch zu gemeinsamen Informations- und Verbreitungsaktivit\u00e4ten beitragen, um Synergien zu nutzen und die Gesamtsichtbarkeit der von H2020 unterst\u00fctzten Ma\u00dfnahmen zu erh\u00f6hen. Alle Diskussionstreffen und Veranstaltungen werden auf der SophiA-Website ver\u00f6ffentlicht.<\/p>\n<p><strong>Wenn Sie Interesse haben, dem SophiA KEN beizutreten, wenden Sie sich bitte an:<\/strong><\/p>\n<p>Sophie Vonstralendorff<br \/>\nSteinbeis Europa Zentrum (Leiter KEN Task)<br \/>\nE-Mail: <a href=\"mailto:sophie.vonstralendorff@steinbeis-europa.de\" data-linkindex=\"0\">sophie.vonstralendorff@steinbeis-europa.de<\/a>[\/vc_column_text][\/vc_column][\/vc_row]<\/p>\n<\/div>","protected":false},"excerpt":{"rendered":"<p>[vc_row content_placement=&#8220;middle&#8220; css=&#8220;.vc_custom_1649429227458{margin-top: 50px !important;}&#8220;][vc_column][vc_column_text] Das SophiA Knowledge Exchange Network (KEN) soll in erster Linie eine Plattform f\u00fcr den Austausch relevanter Projektinhalte innerhalb einer Expertengruppe bieten. Die Gruppe setzt sich aus Koordinatoren \u00e4hnlicher Projekte, Mitgliedern relevanter Organisationen, Unternehmen oder Hochschulen zusammen. Zu seinen Hauptaufgaben geh\u00f6ren nicht nur die Identifizierung und F\u00f6rderung erfolgreicher Fallstudien, technischer und&hellip;<\/p>\n","protected":false},"author":1,"featured_media":0,"parent":0,"menu_order":30,"comment_status":"closed","ping_status":"closed","template":"","meta":{"footnotes":""},"class_list":["post-59840","page","type-page","status-publish","hentry","description-off"],"yoast_head":"<!-- This site is optimized with the Yoast SEO plugin v27.3 - https:\/\/yoast.com\/product\/yoast-seo-wordpress\/ -->\n<title>SophiA Wissensaustausch-Netzwerk - SophiA 4 Africa<\/title>\n<meta name=\"robots\" content=\"index, follow, max-snippet:-1, max-image-preview:large, max-video-preview:-1\" \/>\n<link rel=\"canonical\" href=\"https:\/\/sophia4africa.eu\/de\/sophia-wissensaustausch-netzwerk\/\" \/>\n<meta property=\"og:locale\" content=\"de_DE\" \/>\n<meta property=\"og:type\" content=\"article\" \/>\n<meta property=\"og:title\" content=\"SophiA Wissensaustausch-Netzwerk - SophiA 4 Africa\" \/>\n<meta property=\"og:description\" content=\"[vc_row content_placement=&#8220;middle&#8220; css=&#8220;.vc_custom_1649429227458{margin-top: 50px !important;}&#8220;][vc_column][vc_column_text] Das SophiA Knowledge Exchange Network (KEN) soll in erster Linie eine Plattform f\u00fcr den Austausch relevanter Projektinhalte innerhalb einer Expertengruppe bieten. Die Gruppe setzt sich aus Koordinatoren \u00e4hnlicher Projekte, Mitgliedern relevanter Organisationen, Unternehmen oder Hochschulen zusammen. Zu seinen Hauptaufgaben geh\u00f6ren nicht nur die Identifizierung und F\u00f6rderung erfolgreicher Fallstudien, technischer und&hellip;\" \/>\n<meta property=\"og:url\" content=\"https:\/\/sophia4africa.eu\/de\/sophia-wissensaustausch-netzwerk\/\" \/>\n<meta property=\"og:site_name\" content=\"SophiA 4 Africa\" \/>\n<meta property=\"article:publisher\" content=\"https:\/\/www.facebook.com\/sophiA4Africa\" \/>\n<meta property=\"article:modified_time\" content=\"2024-01-26T11:36:59+00:00\" \/>\n<meta property=\"og:image\" content=\"https:\/\/sophia4africa.eu\/wp-content\/uploads\/2022\/04\/partners-2-300x200.png\" \/>\n<meta name=\"twitter:card\" content=\"summary_large_image\" \/>\n<meta name=\"twitter:label1\" content=\"Gesch\u00e4tzte Lesezeit\" \/>\n\t<meta name=\"twitter:data1\" content=\"1\u00a0Minute\" \/>\n<script type=\"application\/ld+json\" class=\"yoast-schema-graph\">{\"@context\":\"https:\\\/\\\/schema.org\",\"@graph\":[{\"@type\":\"WebPage\",\"@id\":\"https:\\\/\\\/sophia4africa.eu\\\/de\\\/sophia-wissensaustausch-netzwerk\\\/\",\"url\":\"https:\\\/\\\/sophia4africa.eu\\\/de\\\/sophia-wissensaustausch-netzwerk\\\/\",\"name\":\"SophiA Wissensaustausch-Netzwerk - SophiA 4 Africa\",\"isPartOf\":{\"@id\":\"https:\\\/\\\/sophia4africa.eu\\\/de\\\/#website\"},\"primaryImageOfPage\":{\"@id\":\"https:\\\/\\\/sophia4africa.eu\\\/de\\\/sophia-wissensaustausch-netzwerk\\\/#primaryimage\"},\"image\":{\"@id\":\"https:\\\/\\\/sophia4africa.eu\\\/de\\\/sophia-wissensaustausch-netzwerk\\\/#primaryimage\"},\"thumbnailUrl\":\"https:\\\/\\\/sophia4africa.eu\\\/wp-content\\\/uploads\\\/2022\\\/04\\\/partners-2-300x200.png\",\"datePublished\":\"2022-04-27T09:09:38+00:00\",\"dateModified\":\"2024-01-26T11:36:59+00:00\",\"breadcrumb\":{\"@id\":\"https:\\\/\\\/sophia4africa.eu\\\/de\\\/sophia-wissensaustausch-netzwerk\\\/#breadcrumb\"},\"inLanguage\":\"de\",\"potentialAction\":[{\"@type\":\"ReadAction\",\"target\":[\"https:\\\/\\\/sophia4africa.eu\\\/de\\\/sophia-wissensaustausch-netzwerk\\\/\"]}]},{\"@type\":\"ImageObject\",\"inLanguage\":\"de\",\"@id\":\"https:\\\/\\\/sophia4africa.eu\\\/de\\\/sophia-wissensaustausch-netzwerk\\\/#primaryimage\",\"url\":\"https:\\\/\\\/sophia4africa.eu\\\/wp-content\\\/uploads\\\/2022\\\/04\\\/partners-2-300x200.png\",\"contentUrl\":\"https:\\\/\\\/sophia4africa.eu\\\/wp-content\\\/uploads\\\/2022\\\/04\\\/partners-2-300x200.png\"},{\"@type\":\"BreadcrumbList\",\"@id\":\"https:\\\/\\\/sophia4africa.eu\\\/de\\\/sophia-wissensaustausch-netzwerk\\\/#breadcrumb\",\"itemListElement\":[{\"@type\":\"ListItem\",\"position\":1,\"name\":\"Home\",\"item\":\"https:\\\/\\\/sophia4africa.eu\\\/de\\\/heim\\\/\"},{\"@type\":\"ListItem\",\"position\":2,\"name\":\"SophiA Wissensaustausch-Netzwerk\"}]},{\"@type\":\"WebSite\",\"@id\":\"https:\\\/\\\/sophia4africa.eu\\\/de\\\/#website\",\"url\":\"https:\\\/\\\/sophia4africa.eu\\\/de\\\/\",\"name\":\"SophiA 4 Africa\",\"description\":\"\",\"publisher\":{\"@id\":\"https:\\\/\\\/sophia4africa.eu\\\/de\\\/#organization\"},\"potentialAction\":[{\"@type\":\"SearchAction\",\"target\":{\"@type\":\"EntryPoint\",\"urlTemplate\":\"https:\\\/\\\/sophia4africa.eu\\\/de\\\/?s={search_term_string}\"},\"query-input\":{\"@type\":\"PropertyValueSpecification\",\"valueRequired\":true,\"valueName\":\"search_term_string\"}}],\"inLanguage\":\"de\"},{\"@type\":\"Organization\",\"@id\":\"https:\\\/\\\/sophia4africa.eu\\\/de\\\/#organization\",\"name\":\"SophiA4Africa\",\"url\":\"https:\\\/\\\/sophia4africa.eu\\\/de\\\/\",\"logo\":{\"@type\":\"ImageObject\",\"inLanguage\":\"de\",\"@id\":\"https:\\\/\\\/sophia4africa.eu\\\/de\\\/#\\\/schema\\\/logo\\\/image\\\/\",\"url\":\"https:\\\/\\\/sophia4africa.eu\\\/wp-content\\\/uploads\\\/2022\\\/03\\\/logo-sophia-329x114-1.png\",\"contentUrl\":\"https:\\\/\\\/sophia4africa.eu\\\/wp-content\\\/uploads\\\/2022\\\/03\\\/logo-sophia-329x114-1.png\",\"width\":329,\"height\":114,\"caption\":\"SophiA4Africa\"},\"image\":{\"@id\":\"https:\\\/\\\/sophia4africa.eu\\\/de\\\/#\\\/schema\\\/logo\\\/image\\\/\"},\"sameAs\":[\"https:\\\/\\\/www.facebook.com\\\/sophiA4Africa\"]}]}<\/script>\n<!-- \/ Yoast SEO plugin. -->","yoast_head_json":{"title":"SophiA Wissensaustausch-Netzwerk - SophiA 4 Africa","robots":{"index":"index","follow":"follow","max-snippet":"max-snippet:-1","max-image-preview":"max-image-preview:large","max-video-preview":"max-video-preview:-1"},"canonical":"https:\/\/sophia4africa.eu\/de\/sophia-wissensaustausch-netzwerk\/","og_locale":"de_DE","og_type":"article","og_title":"SophiA Wissensaustausch-Netzwerk - SophiA 4 Africa","og_description":"[vc_row content_placement=&#8220;middle&#8220; css=&#8220;.vc_custom_1649429227458{margin-top: 50px !important;}&#8220;][vc_column][vc_column_text] Das SophiA Knowledge Exchange Network (KEN) soll in erster Linie eine Plattform f\u00fcr den Austausch relevanter Projektinhalte innerhalb einer Expertengruppe bieten. Die Gruppe setzt sich aus Koordinatoren \u00e4hnlicher Projekte, Mitgliedern relevanter Organisationen, Unternehmen oder Hochschulen zusammen. Zu seinen Hauptaufgaben geh\u00f6ren nicht nur die Identifizierung und F\u00f6rderung erfolgreicher Fallstudien, technischer und&hellip;","og_url":"https:\/\/sophia4africa.eu\/de\/sophia-wissensaustausch-netzwerk\/","og_site_name":"SophiA 4 Africa","article_publisher":"https:\/\/www.facebook.com\/sophiA4Africa","article_modified_time":"2024-01-26T11:36:59+00:00","og_image":[{"url":"https:\/\/sophia4africa.eu\/wp-content\/uploads\/2022\/04\/partners-2-300x200.png","type":"","width":"","height":""}],"twitter_card":"summary_large_image","twitter_misc":{"Gesch\u00e4tzte Lesezeit":"1\u00a0Minute"},"schema":{"@context":"https:\/\/schema.org","@graph":[{"@type":"WebPage","@id":"https:\/\/sophia4africa.eu\/de\/sophia-wissensaustausch-netzwerk\/","url":"https:\/\/sophia4africa.eu\/de\/sophia-wissensaustausch-netzwerk\/","name":"SophiA Wissensaustausch-Netzwerk - SophiA 4 Africa","isPartOf":{"@id":"https:\/\/sophia4africa.eu\/de\/#website"},"primaryImageOfPage":{"@id":"https:\/\/sophia4africa.eu\/de\/sophia-wissensaustausch-netzwerk\/#primaryimage"},"image":{"@id":"https:\/\/sophia4africa.eu\/de\/sophia-wissensaustausch-netzwerk\/#primaryimage"},"thumbnailUrl":"https:\/\/sophia4africa.eu\/wp-content\/uploads\/2022\/04\/partners-2-300x200.png","datePublished":"2022-04-27T09:09:38+00:00","dateModified":"2024-01-26T11:36:59+00:00","breadcrumb":{"@id":"https:\/\/sophia4africa.eu\/de\/sophia-wissensaustausch-netzwerk\/#breadcrumb"},"inLanguage":"de","potentialAction":[{"@type":"ReadAction","target":["https:\/\/sophia4africa.eu\/de\/sophia-wissensaustausch-netzwerk\/"]}]},{"@type":"ImageObject","inLanguage":"de","@id":"https:\/\/sophia4africa.eu\/de\/sophia-wissensaustausch-netzwerk\/#primaryimage","url":"https:\/\/sophia4africa.eu\/wp-content\/uploads\/2022\/04\/partners-2-300x200.png","contentUrl":"https:\/\/sophia4africa.eu\/wp-content\/uploads\/2022\/04\/partners-2-300x200.png"},{"@type":"BreadcrumbList","@id":"https:\/\/sophia4africa.eu\/de\/sophia-wissensaustausch-netzwerk\/#breadcrumb","itemListElement":[{"@type":"ListItem","position":1,"name":"Home","item":"https:\/\/sophia4africa.eu\/de\/heim\/"},{"@type":"ListItem","position":2,"name":"SophiA Wissensaustausch-Netzwerk"}]},{"@type":"WebSite","@id":"https:\/\/sophia4africa.eu\/de\/#website","url":"https:\/\/sophia4africa.eu\/de\/","name":"SophiA 4 Africa","description":"","publisher":{"@id":"https:\/\/sophia4africa.eu\/de\/#organization"},"potentialAction":[{"@type":"SearchAction","target":{"@type":"EntryPoint","urlTemplate":"https:\/\/sophia4africa.eu\/de\/?s={search_term_string}"},"query-input":{"@type":"PropertyValueSpecification","valueRequired":true,"valueName":"search_term_string"}}],"inLanguage":"de"},{"@type":"Organization","@id":"https:\/\/sophia4africa.eu\/de\/#organization","name":"SophiA4Africa","url":"https:\/\/sophia4africa.eu\/de\/","logo":{"@type":"ImageObject","inLanguage":"de","@id":"https:\/\/sophia4africa.eu\/de\/#\/schema\/logo\/image\/","url":"https:\/\/sophia4africa.eu\/wp-content\/uploads\/2022\/03\/logo-sophia-329x114-1.png","contentUrl":"https:\/\/sophia4africa.eu\/wp-content\/uploads\/2022\/03\/logo-sophia-329x114-1.png","width":329,"height":114,"caption":"SophiA4Africa"},"image":{"@id":"https:\/\/sophia4africa.eu\/de\/#\/schema\/logo\/image\/"},"sameAs":["https:\/\/www.facebook.com\/sophiA4Africa"]}]}},"_links":{"self":[{"href":"https:\/\/sophia4africa.eu\/de\/wp-json\/wp\/v2\/pages\/59840","targetHints":{"allow":["GET"]}}],"collection":[{"href":"https:\/\/sophia4africa.eu\/de\/wp-json\/wp\/v2\/pages"}],"about":[{"href":"https:\/\/sophia4africa.eu\/de\/wp-json\/wp\/v2\/types\/page"}],"author":[{"embeddable":true,"href":"https:\/\/sophia4africa.eu\/de\/wp-json\/wp\/v2\/users\/1"}],"replies":[{"embeddable":true,"href":"https:\/\/sophia4africa.eu\/de\/wp-json\/wp\/v2\/comments?post=59840"}],"version-history":[{"count":0,"href":"https:\/\/sophia4africa.eu\/de\/wp-json\/wp\/v2\/pages\/59840\/revisions"}],"wp:attachment":[{"href":"https:\/\/sophia4africa.eu\/de\/wp-json\/wp\/v2\/media?parent=59840"}],"curies":[{"name":"wp","href":"https:\/\/api.w.org\/{rel}","templated":true}]}}