{"id":59530,"date":"2022-04-11T09:15:18","date_gmt":"2022-04-11T07:15:18","guid":{"rendered":"https:\/\/sophia4africa.eu\/arbeitspakete\/"},"modified":"2022-06-15T12:33:35","modified_gmt":"2022-06-15T10:33:35","slug":"arbeitspakete","status":"publish","type":"page","link":"https:\/\/sophia4africa.eu\/de\/arbeitspakete\/","title":{"rendered":"Arbeitspakete"},"content":{"rendered":"<div class=\"wpb-content-wrapper\"><p>[vc_row css=&#8220;.vc_custom_1649690519925{padding-top: 40px !important;}&#8220;][vc_column][vc_column_text css=&#8220;.vc_custom_1651221456595{padding-bottom: 15px !important;}&#8220;]<\/p>\n<h3 style=\"text-align: center;\">Neun Arbeitspakete (WP) wurden definiert, um die Ziele des SophiA Projekts zu erreichen.<\/h3>\n<p>[\/vc_column_text][\/vc_column][\/vc_row][vc_row content_placement=&#8220;middle&#8220; css=&#8220;.vc_custom_1649429227458{margin-top: 50px !important;}&#8220;][vc_column]<style type=\"text\/css\" data-type=\"the7_shortcodes-inline-css\">.shortcode-single-image-wrap.shortcode-single-image-0016c8943a52f028cce7388245a5c301.enable-bg-rollover .rollover i,\n.shortcode-single-image-wrap.shortcode-single-image-0016c8943a52f028cce7388245a5c301.enable-bg-rollover .rollover-video i {\n  background: -webkit-linear-gradient();\n  background: linear-gradient();\n}\n.shortcode-single-image-wrap.shortcode-single-image-0016c8943a52f028cce7388245a5c301 .rollover-icon {\n  font-size: 32px;\n  color: #ffffff;\n  min-width: 44px;\n  min-height: 44px;\n  line-height: 44px;\n  border-radius: 100px;\n  border-style: solid;\n  border-width: 0px;\n}\n.dt-icon-bg-on.shortcode-single-image-wrap.shortcode-single-image-0016c8943a52f028cce7388245a5c301 .rollover-icon {\n  background: rgba(255,255,255,0.3);\n  box-shadow: none;\n}<\/style><div class=\"shortcode-single-image-wrap shortcode-single-image-0016c8943a52f028cce7388245a5c301 alignnone  enable-bg-rollover dt-icon-bg-off\" style=\"margin-top:0px; margin-bottom:0px; margin-left:0px; margin-right:0px; width:1200px;\" data-pretty-share=\"facebook,twitter,pinterest,linkedin\"><div class=\"shortcode-single-image\"><div class=\"fancy-media-wrap  layzr-bg\" style=\"\"><img fetchpriority=\"high\" decoding=\"async\" class=\"preload-me lazy-load aspect\" src=\"data:image\/svg+xml,%3Csvg%20xmlns%3D&#39;http%3A%2F%2Fwww.w3.org%2F2000%2Fsvg&#39;%20viewBox%3D&#39;0%200%201200%20553&#39;%2F%3E\" data-src=\"https:\/\/sophia4africa.eu\/wp-content\/uploads\/2022\/04\/sophia-working-packages-2-1200x553.png\" data-srcset=\"https:\/\/sophia4africa.eu\/wp-content\/uploads\/2022\/04\/sophia-working-packages-2-1200x553.png 1200w, https:\/\/sophia4africa.eu\/wp-content\/uploads\/2022\/04\/sophia-working-packages-2-1328x611.png 1328w\" loading=\"eager\" sizes=\"(max-width: 1200px) 100vw, 1200px\" width=\"1200\" height=\"553\"  data-dt-location=\"https:\/\/sophia4africa.eu\/de\/work-packages\/sophia-working-packages-3\/\" style=\"--ratio: 1200 \/ 553;box-shadow:5px 5px 5px 5px rgba(86,144,52,0.6); -webkit-box-shadow:5px 5px 5px 5px rgba(86,144,52,0.6);\" alt=\"SophiA Working Packages\" \/><\/div><\/div><\/div>[\/vc_column][\/vc_row][vc_row content_placement=&#8220;middle&#8220; css=&#8220;.vc_custom_1651063855499{margin-top: 50px !important;background-color: #ffffff !important;}&#8220;][vc_column width=&#8220;1\/6&#8243;][\/vc_column][vc_column width=&#8220;2\/3&#8243;][vc_column_text css=&#8220;.vc_custom_1652896308734{padding-bottom: 15px !important;}&#8220;]<\/p>\n<table style=\"width: 100%;\">\n<tbody>\n<tr>\n<td style=\"text-align: left; width: 9.319%;\" width=\"52\"><strong>WPs<\/strong><\/td>\n<td style=\"text-align: left; width: 35.8423%;\" width=\"212\"><strong>Titel<\/strong><\/td>\n<td style=\"text-align: justify; width: 53.0466%;\" width=\"340\"><strong>Hauptziele<\/strong><\/td>\n<\/tr>\n<tr>\n<td style=\"text-align: left; width: 9.319%;\" width=\"52\"><strong>1<\/strong><\/td>\n<td style=\"text-align: left; width: 35.8423%;\" width=\"212\"><strong>Definition der Randbedingungen f\u00fcr Sophia-Systeme<\/strong><\/td>\n<td style=\"text-align: justify; width: 53.0466%;\" width=\"340\">Ermitteln der Bed\u00fcrfnisse von Krankenh\u00e4usern \/ medizinischen Einrichtungen in verschiedenen st\u00e4dtischen und l\u00e4ndlichen Gebieten in vier afrikanischen L\u00e4ndern: Burkina Faso, Kamerun, Malawi und Uganda. Daraus werden Spezifikationen f\u00fcr Wasser-, K\u00fchl- und Stromsysteme von SophiA abgeleitet.<\/td>\n<\/tr>\n<tr>\n<td style=\"text-align: left; width: 9.319%;\" width=\"52\"><strong>2<\/strong><\/td>\n<td style=\"text-align: left; width: 35.8423%;\" width=\"212\"><strong>Entwicklung, Konstruktion und Test der solaren Stromversorgung und gesamten Smart-Control-Strategie von SophiA<\/strong><\/td>\n<td style=\"text-align: justify; width: 53.0466%;\" width=\"340\">Entwerfen, bauen und testen Sie die Solarstrombaugruppe und die gesamte Smart Control-Strategie von SophiA im Laborma\u00dfstab.<\/td>\n<\/tr>\n<tr>\n<td style=\"text-align: left; width: 9.319%;\" width=\"52\"><strong>3<\/strong><\/td>\n<td style=\"text-align: left; width: 35.8423%;\" width=\"212\"><strong>Entwicklung, Konstruktion und Test der dreistufigen K\u00e4lteanlage mit nat\u00fcrlichen K\u00e4ltemitteln<\/strong><\/td>\n<td style=\"text-align: justify; width: 53.0466%;\" width=\"340\">Entwerfen, bauen und testen Sie das dreistufige K\u00fchlsystem unter Verwendung nat\u00fcrlicher K\u00e4ltemittel im Laborma\u00dfstab und bewerten Sie die Vorteile der Verwendung von Eisw\u00e4rmespeichern anstelle von Batteriespeichern.<\/td>\n<\/tr>\n<tr>\n<td style=\"text-align: left; width: 9.319%;\" width=\"52\"><strong>4<\/strong><\/td>\n<td style=\"text-align: left; width: 35.8423%;\" width=\"212\"><strong>Design, Konstruktion und Test von Wasseraufbereitungssystemen<\/strong><\/td>\n<td style=\"text-align: justify; width: 53.0466%;\" width=\"340\">Entwicklung neuer Infrastrukturen zur Herstellung von sauberem Trinkwasser frei von Bakterien und Viren.<\/td>\n<\/tr>\n<tr>\n<td style=\"text-align: left; width: 9.319%;\" width=\"52\"><strong>5<\/strong><\/td>\n<td style=\"text-align: left; width: 35.8423%;\" width=\"212\"><strong>Konstruktion, Installation und Wartung der SophiA-Systeme<\/strong><\/td>\n<td style=\"text-align: justify; width: 53.0466%;\" width=\"340\">Entwicklung, Konstruktion und Installation der SophiA-Systeme f\u00fcr die vier Feldtests sowie die Wartung der Systeme.<\/td>\n<\/tr>\n<tr>\n<td style=\"text-align: left; width: 9.319%;\" width=\"52\"><strong>6<\/strong><\/td>\n<td style=\"text-align: left; width: 35.8423%;\" width=\"212\"><strong>Demonstration der SophiA-Systeme an vier Standorten verschiedener Klimaregionen<\/strong><\/td>\n<td style=\"text-align: justify; width: 53.0466%;\" width=\"340\">Demonstration der SophiA-Systeme an vier Standorten verschiedener Klimaregionen in Afrika.<\/td>\n<\/tr>\n<tr>\n<td style=\"text-align: left; width: 9.319%;\" width=\"52\"><strong>7<\/strong><\/td>\n<td style=\"text-align: left; width: 35.8423%;\" width=\"212\"><strong>Sozio\u00f6konomische Analyse, Nachhaltigkeitsbewertung, Gesch\u00e4ftsmodell und Life-Cycle Bewertung<\/strong><\/td>\n<td style=\"text-align: justify; width: 53.0466%;\" width=\"340\">Durchf\u00fchrung einer Umwelt- und Sozialvertr\u00e4glichkeitspr\u00fcfung (ESIA) Implementierung eines Gesch\u00e4ftsmodells.<\/td>\n<\/tr>\n<tr>\n<td style=\"text-align: left; width: 9.319%;\" width=\"52\"><strong>8<\/strong><\/td>\n<td style=\"text-align: left; width: 35.8423%;\" width=\"212\"><strong>Bekanntmachung, Kommunikation und Kapazit\u00e4tsaufbau<\/strong><\/td>\n<td style=\"text-align: justify; width: 53.0466%;\" width=\"340\">Entwicklung von Synergieaktivit\u00e4ten in gemeinsamen EU-Projekten, d.h. Kommunikation, Verbreitung sowie Aufbau von Kapazit\u00e4ten<\/td>\n<\/tr>\n<tr>\n<td style=\"text-align: left; width: 9.319%;\" width=\"52\"><strong>9<\/strong><\/td>\n<td style=\"text-align: left; width: 35.8423%;\" width=\"212\"><strong>Projektmanagement<\/strong><\/td>\n<td style=\"text-align: justify; width: 53.0466%;\" width=\"340\">Aktivit\u00e4ten koordinieren.<\/td>\n<\/tr>\n<\/tbody>\n<\/table>\n<p>[\/vc_column_text][\/vc_column][vc_column width=&#8220;1\/6&#8243;][\/vc_column][\/vc_row]<\/p>\n<\/div>","protected":false},"excerpt":{"rendered":"<p>[vc_row css=&#8220;.vc_custom_1649690519925{padding-top: 40px !important;}&#8220;][vc_column][vc_column_text css=&#8220;.vc_custom_1651221456595{padding-bottom: 15px !important;}&#8220;] Neun Arbeitspakete (WP) wurden definiert, um die Ziele des SophiA Projekts zu erreichen. [\/vc_column_text][\/vc_column][\/vc_row][vc_row content_placement=&#8220;middle&#8220; css=&#8220;.vc_custom_1649429227458{margin-top: 50px !important;}&#8220;][vc_column][\/vc_column][\/vc_row][vc_row content_placement=&#8220;middle&#8220; css=&#8220;.vc_custom_1651063855499{margin-top: 50px !important;background-color: #ffffff !important;}&#8220;][vc_column width=&#8220;1\/6&#8243;][\/vc_column][vc_column width=&#8220;2\/3&#8243;][vc_column_text css=&#8220;.vc_custom_1652896308734{padding-bottom: 15px !important;}&#8220;] WPs Titel Hauptziele 1 Definition der Randbedingungen f\u00fcr Sophia-Systeme Ermitteln der Bed\u00fcrfnisse von Krankenh\u00e4usern \/ medizinischen Einrichtungen in verschiedenen&hellip;<\/p>\n","protected":false},"author":1,"featured_media":0,"parent":0,"menu_order":30,"comment_status":"closed","ping_status":"closed","template":"","meta":{"footnotes":""},"class_list":["post-59530","page","type-page","status-publish","hentry","description-off"],"yoast_head":"<!-- This site is optimized with the Yoast SEO plugin v27.3 - https:\/\/yoast.com\/product\/yoast-seo-wordpress\/ -->\n<title>Arbeitspakete - SophiA 4 Africa<\/title>\n<meta name=\"robots\" content=\"index, follow, max-snippet:-1, max-image-preview:large, max-video-preview:-1\" \/>\n<link rel=\"canonical\" href=\"https:\/\/sophia4africa.eu\/de\/arbeitspakete\/\" \/>\n<meta property=\"og:locale\" content=\"de_DE\" \/>\n<meta property=\"og:type\" content=\"article\" \/>\n<meta property=\"og:title\" content=\"Arbeitspakete - SophiA 4 Africa\" \/>\n<meta property=\"og:description\" content=\"[vc_row css=&#8220;.vc_custom_1649690519925{padding-top: 40px !important;}&#8220;][vc_column][vc_column_text css=&#8220;.vc_custom_1651221456595{padding-bottom: 15px !important;}&#8220;] Neun Arbeitspakete (WP) wurden definiert, um die Ziele des SophiA Projekts zu erreichen. [\/vc_column_text][\/vc_column][\/vc_row][vc_row content_placement=&#8220;middle&#8220; css=&#8220;.vc_custom_1649429227458{margin-top: 50px !important;}&#8220;][vc_column][\/vc_column][\/vc_row][vc_row content_placement=&#8220;middle&#8220; css=&#8220;.vc_custom_1651063855499{margin-top: 50px !important;background-color: #ffffff !important;}&#8220;][vc_column width=&#8220;1\/6&#8243;][\/vc_column][vc_column width=&#8220;2\/3&#8243;][vc_column_text css=&#8220;.vc_custom_1652896308734{padding-bottom: 15px !important;}&#8220;] WPs Titel Hauptziele 1 Definition der Randbedingungen f\u00fcr Sophia-Systeme Ermitteln der Bed\u00fcrfnisse von Krankenh\u00e4usern \/ medizinischen Einrichtungen in verschiedenen&hellip;\" \/>\n<meta property=\"og:url\" content=\"https:\/\/sophia4africa.eu\/de\/arbeitspakete\/\" \/>\n<meta property=\"og:site_name\" content=\"SophiA 4 Africa\" \/>\n<meta property=\"article:publisher\" content=\"https:\/\/www.facebook.com\/sophiA4Africa\" \/>\n<meta property=\"article:modified_time\" content=\"2022-06-15T10:33:35+00:00\" \/>\n<meta name=\"twitter:card\" content=\"summary_large_image\" \/>\n<meta name=\"twitter:label1\" content=\"Gesch\u00e4tzte Lesezeit\" \/>\n\t<meta name=\"twitter:data1\" content=\"2\u00a0Minuten\" \/>\n<script type=\"application\/ld+json\" class=\"yoast-schema-graph\">{\"@context\":\"https:\\\/\\\/schema.org\",\"@graph\":[{\"@type\":\"WebPage\",\"@id\":\"https:\\\/\\\/sophia4africa.eu\\\/de\\\/arbeitspakete\\\/\",\"url\":\"https:\\\/\\\/sophia4africa.eu\\\/de\\\/arbeitspakete\\\/\",\"name\":\"Arbeitspakete - SophiA 4 Africa\",\"isPartOf\":{\"@id\":\"https:\\\/\\\/sophia4africa.eu\\\/de\\\/#website\"},\"datePublished\":\"2022-04-11T07:15:18+00:00\",\"dateModified\":\"2022-06-15T10:33:35+00:00\",\"breadcrumb\":{\"@id\":\"https:\\\/\\\/sophia4africa.eu\\\/de\\\/arbeitspakete\\\/#breadcrumb\"},\"inLanguage\":\"de\",\"potentialAction\":[{\"@type\":\"ReadAction\",\"target\":[\"https:\\\/\\\/sophia4africa.eu\\\/de\\\/arbeitspakete\\\/\"]}]},{\"@type\":\"BreadcrumbList\",\"@id\":\"https:\\\/\\\/sophia4africa.eu\\\/de\\\/arbeitspakete\\\/#breadcrumb\",\"itemListElement\":[{\"@type\":\"ListItem\",\"position\":1,\"name\":\"Home\",\"item\":\"https:\\\/\\\/sophia4africa.eu\\\/de\\\/heim\\\/\"},{\"@type\":\"ListItem\",\"position\":2,\"name\":\"Arbeitspakete\"}]},{\"@type\":\"WebSite\",\"@id\":\"https:\\\/\\\/sophia4africa.eu\\\/de\\\/#website\",\"url\":\"https:\\\/\\\/sophia4africa.eu\\\/de\\\/\",\"name\":\"SophiA 4 Africa\",\"description\":\"\",\"publisher\":{\"@id\":\"https:\\\/\\\/sophia4africa.eu\\\/de\\\/#organization\"},\"potentialAction\":[{\"@type\":\"SearchAction\",\"target\":{\"@type\":\"EntryPoint\",\"urlTemplate\":\"https:\\\/\\\/sophia4africa.eu\\\/de\\\/?s={search_term_string}\"},\"query-input\":{\"@type\":\"PropertyValueSpecification\",\"valueRequired\":true,\"valueName\":\"search_term_string\"}}],\"inLanguage\":\"de\"},{\"@type\":\"Organization\",\"@id\":\"https:\\\/\\\/sophia4africa.eu\\\/de\\\/#organization\",\"name\":\"SophiA4Africa\",\"url\":\"https:\\\/\\\/sophia4africa.eu\\\/de\\\/\",\"logo\":{\"@type\":\"ImageObject\",\"inLanguage\":\"de\",\"@id\":\"https:\\\/\\\/sophia4africa.eu\\\/de\\\/#\\\/schema\\\/logo\\\/image\\\/\",\"url\":\"https:\\\/\\\/sophia4africa.eu\\\/wp-content\\\/uploads\\\/2022\\\/03\\\/logo-sophia-329x114-1.png\",\"contentUrl\":\"https:\\\/\\\/sophia4africa.eu\\\/wp-content\\\/uploads\\\/2022\\\/03\\\/logo-sophia-329x114-1.png\",\"width\":329,\"height\":114,\"caption\":\"SophiA4Africa\"},\"image\":{\"@id\":\"https:\\\/\\\/sophia4africa.eu\\\/de\\\/#\\\/schema\\\/logo\\\/image\\\/\"},\"sameAs\":[\"https:\\\/\\\/www.facebook.com\\\/sophiA4Africa\"]}]}<\/script>\n<!-- \/ Yoast SEO plugin. -->","yoast_head_json":{"title":"Arbeitspakete - SophiA 4 Africa","robots":{"index":"index","follow":"follow","max-snippet":"max-snippet:-1","max-image-preview":"max-image-preview:large","max-video-preview":"max-video-preview:-1"},"canonical":"https:\/\/sophia4africa.eu\/de\/arbeitspakete\/","og_locale":"de_DE","og_type":"article","og_title":"Arbeitspakete - SophiA 4 Africa","og_description":"[vc_row css=&#8220;.vc_custom_1649690519925{padding-top: 40px !important;}&#8220;][vc_column][vc_column_text css=&#8220;.vc_custom_1651221456595{padding-bottom: 15px !important;}&#8220;] Neun Arbeitspakete (WP) wurden definiert, um die Ziele des SophiA Projekts zu erreichen. [\/vc_column_text][\/vc_column][\/vc_row][vc_row content_placement=&#8220;middle&#8220; css=&#8220;.vc_custom_1649429227458{margin-top: 50px !important;}&#8220;][vc_column][\/vc_column][\/vc_row][vc_row content_placement=&#8220;middle&#8220; css=&#8220;.vc_custom_1651063855499{margin-top: 50px !important;background-color: #ffffff !important;}&#8220;][vc_column width=&#8220;1\/6&#8243;][\/vc_column][vc_column width=&#8220;2\/3&#8243;][vc_column_text css=&#8220;.vc_custom_1652896308734{padding-bottom: 15px !important;}&#8220;] WPs Titel Hauptziele 1 Definition der Randbedingungen f\u00fcr Sophia-Systeme Ermitteln der Bed\u00fcrfnisse von Krankenh\u00e4usern \/ medizinischen Einrichtungen in verschiedenen&hellip;","og_url":"https:\/\/sophia4africa.eu\/de\/arbeitspakete\/","og_site_name":"SophiA 4 Africa","article_publisher":"https:\/\/www.facebook.com\/sophiA4Africa","article_modified_time":"2022-06-15T10:33:35+00:00","twitter_card":"summary_large_image","twitter_misc":{"Gesch\u00e4tzte Lesezeit":"2\u00a0Minuten"},"schema":{"@context":"https:\/\/schema.org","@graph":[{"@type":"WebPage","@id":"https:\/\/sophia4africa.eu\/de\/arbeitspakete\/","url":"https:\/\/sophia4africa.eu\/de\/arbeitspakete\/","name":"Arbeitspakete - SophiA 4 Africa","isPartOf":{"@id":"https:\/\/sophia4africa.eu\/de\/#website"},"datePublished":"2022-04-11T07:15:18+00:00","dateModified":"2022-06-15T10:33:35+00:00","breadcrumb":{"@id":"https:\/\/sophia4africa.eu\/de\/arbeitspakete\/#breadcrumb"},"inLanguage":"de","potentialAction":[{"@type":"ReadAction","target":["https:\/\/sophia4africa.eu\/de\/arbeitspakete\/"]}]},{"@type":"BreadcrumbList","@id":"https:\/\/sophia4africa.eu\/de\/arbeitspakete\/#breadcrumb","itemListElement":[{"@type":"ListItem","position":1,"name":"Home","item":"https:\/\/sophia4africa.eu\/de\/heim\/"},{"@type":"ListItem","position":2,"name":"Arbeitspakete"}]},{"@type":"WebSite","@id":"https:\/\/sophia4africa.eu\/de\/#website","url":"https:\/\/sophia4africa.eu\/de\/","name":"SophiA 4 Africa","description":"","publisher":{"@id":"https:\/\/sophia4africa.eu\/de\/#organization"},"potentialAction":[{"@type":"SearchAction","target":{"@type":"EntryPoint","urlTemplate":"https:\/\/sophia4africa.eu\/de\/?s={search_term_string}"},"query-input":{"@type":"PropertyValueSpecification","valueRequired":true,"valueName":"search_term_string"}}],"inLanguage":"de"},{"@type":"Organization","@id":"https:\/\/sophia4africa.eu\/de\/#organization","name":"SophiA4Africa","url":"https:\/\/sophia4africa.eu\/de\/","logo":{"@type":"ImageObject","inLanguage":"de","@id":"https:\/\/sophia4africa.eu\/de\/#\/schema\/logo\/image\/","url":"https:\/\/sophia4africa.eu\/wp-content\/uploads\/2022\/03\/logo-sophia-329x114-1.png","contentUrl":"https:\/\/sophia4africa.eu\/wp-content\/uploads\/2022\/03\/logo-sophia-329x114-1.png","width":329,"height":114,"caption":"SophiA4Africa"},"image":{"@id":"https:\/\/sophia4africa.eu\/de\/#\/schema\/logo\/image\/"},"sameAs":["https:\/\/www.facebook.com\/sophiA4Africa"]}]}},"_links":{"self":[{"href":"https:\/\/sophia4africa.eu\/de\/wp-json\/wp\/v2\/pages\/59530","targetHints":{"allow":["GET"]}}],"collection":[{"href":"https:\/\/sophia4africa.eu\/de\/wp-json\/wp\/v2\/pages"}],"about":[{"href":"https:\/\/sophia4africa.eu\/de\/wp-json\/wp\/v2\/types\/page"}],"author":[{"embeddable":true,"href":"https:\/\/sophia4africa.eu\/de\/wp-json\/wp\/v2\/users\/1"}],"replies":[{"embeddable":true,"href":"https:\/\/sophia4africa.eu\/de\/wp-json\/wp\/v2\/comments?post=59530"}],"version-history":[{"count":0,"href":"https:\/\/sophia4africa.eu\/de\/wp-json\/wp\/v2\/pages\/59530\/revisions"}],"wp:attachment":[{"href":"https:\/\/sophia4africa.eu\/de\/wp-json\/wp\/v2\/media?parent=59530"}],"curies":[{"name":"wp","href":"https:\/\/api.w.org\/{rel}","templated":true}]}}