{"id":59493,"date":"2022-04-27T10:26:31","date_gmt":"2022-04-27T08:26:31","guid":{"rendered":"https:\/\/sophia4africa.eu\/green-deal-projekte-in-afrika\/"},"modified":"2022-06-24T16:21:34","modified_gmt":"2022-06-24T14:21:34","slug":"green-deal-projekte-in-afrika","status":"publish","type":"page","link":"https:\/\/sophia4africa.eu\/de\/green-deal-projekte-in-afrika\/","title":{"rendered":"Green-Deal-Projekte in Afrika"},"content":{"rendered":"<div class=\"wpb-content-wrapper\"><p>[vc_row full_width=&#8220;stretch_row&#8220; css=&#8220;.vc_custom_1651063126694{background-color: #ffffff !important;}&#8220;][vc_column][vc_single_image image=&#8220;58861&#8243; img_size=&#8220;full&#8220; alignment=&#8220;center&#8220;][\/vc_column][\/vc_row][vc_row full_width=&#8220;stretch_row&#8220; css=&#8220;.vc_custom_1651063126694{background-color: #ffffff !important;}&#8220;][vc_column]\t\n\t\t<div id=\"gs_logo_area_53\" data-sort=\"name\" data-shortcode-id=\"53\" class=\"gs_logo_area gs_logo_area_53 list1 \" data-options='{\"logo_per_page\":\"6\"}' style=\"opacity: 0; visibility: hidden;\">\n\t\t\t<div class=\"gs_logo_area--inner\">\n\n\t\t\t\t<!-- Category Filters - New (Global) -->\n\t\t\t\t\t\n\t\t\t\t\n<div class=\"gs_logo_container gs_logo_container_list\">\n\n\t\n\t\t\n\t\t\t<div class=\"gs_logo_single--wrapper\">\n\t\t\t\t<div class=\"gs_logo_single\">\n\t\t\t\t\t\n\t\t\t\t\t<div class=\"gs_logo--image-area\">\n\t\t\t\t\t\t<!-- Logo Image -->\n\t\t\t\t\t\t<img loading=\"lazy\" decoding=\"async\" width=\"300\" height=\"227\" src=\"https:\/\/sophia4africa.eu\/wp-content\/uploads\/2024\/05\/Practice_Logo_RGB-01-300x227.png\" class=\"tt-placement-top tt-bgcolor-one-%23ff5f6d tt-bgcolor-two-%23ffc371 tt-textcolor-%23fff gs-logo--img wp-post-image\" alt=\"\" title=\"Pr\u00e4lat\" srcset=\"https:\/\/sophia4africa.eu\/wp-content\/uploads\/2024\/05\/Practice_Logo_RGB-01-300x227.png 300w, https:\/\/sophia4africa.eu\/wp-content\/uploads\/2024\/05\/Practice_Logo_RGB-01-1024x775.png 1024w, https:\/\/sophia4africa.eu\/wp-content\/uploads\/2024\/05\/Practice_Logo_RGB-01-768x581.png 768w, https:\/\/sophia4africa.eu\/wp-content\/uploads\/2024\/05\/Practice_Logo_RGB-01.png 1250w\" sizes=\"auto, (max-width: 300px) 100vw, 300px\" \/>\t\t\t\t\t<\/div>\n\n\t\t\t\t\t<div class=\"gs_logo--details-area\">\n\t\t\t\t\t\t<!-- Logo Title -->\n\t\t\t\t\t\t<h3 class=\"gs_logo_title\">Pr\u00e4lat<\/h3>\t\t\t\t\t\t<!-- Logo Category -->\n\t\t\t\t\t\t\t\t\t\t\t\t<!-- Logo Details -->\n\t\t\t\t\t\t\n<div class=\"gs-logo-details justify\"><ul>\n<li>Unterst\u00fctzung von Kleinbauern bei der agro-\u00f6kologischen Umstellung durch Erforschung des Potenzials agro-\u00f6kologischer Praktiken in Ostafrika.<\/li>\n<li>Bereitstellung einer neuen Reihe agrar\u00f6kologischer Indikatoren, die sich auf die Kreislaufsysteme Wasser-Energie-N\u00e4hrstoffe der integrierten Aquakultur konzentrieren<\/li>\n<li>Konzentrieren Sie sich auf die Bed\u00fcrfnisse von Kleinbauern.<\/li>\n<\/ul>\n<p><a href=\"https:\/\/praectice.eu\/\">https:\/\/praectice.eu\/<\/a><\/p>\n<\/div>\t\t\t\t\t<\/div>\n\n\t\t\t\t<\/div>\n\t\t\t<\/div>\n\n\t\t\n\t\t\t<div class=\"gs_logo_single--wrapper\">\n\t\t\t\t<div class=\"gs_logo_single\">\n\t\t\t\t\t\n\t\t\t\t\t<div class=\"gs_logo--image-area\">\n\t\t\t\t\t\t<!-- Logo Image -->\n\t\t\t\t\t\t\t\t\t\t\t<\/div>\n\n\t\t\t\t\t<div class=\"gs_logo--details-area\">\n\t\t\t\t\t\t<!-- Logo Title -->\n\t\t\t\t\t\t<h3 class=\"gs_logo_title\">SESA<\/h3>\t\t\t\t\t\t<!-- Logo Category -->\n\t\t\t\t\t\t\t\t\t\t\t\t<!-- Logo Details -->\n\t\t\t\t\t\t\n<div class=\"gs-logo-details justify\"><ul>\n<li>L\u00f6sungen f\u00fcr Klimaschutz und Energiezugang in Kenia, Ghana, Marokko, S\u00fcdafrika, Malawi, Namibia, Nigeria, Ruanda und Tansania<\/li>\n<li>Schwerpunkt auf der \u00dcbertragbarkeit von L\u00f6sungen<\/li>\n<\/ul>\n<p><a href=\"https:\/\/sesa-euafrica.eu\/\" target=\"_blank\" rel=\"noopener\">https:\/\/sesa-euafrica.eu\/<\/a><\/p>\n<\/div>\t\t\t\t\t<\/div>\n\n\t\t\t\t<\/div>\n\t\t\t<\/div>\n\n\t\t\n\t\t\t<div class=\"gs_logo_single--wrapper\">\n\t\t\t\t<div class=\"gs_logo_single\">\n\t\t\t\t\t\n\t\t\t\t\t<div class=\"gs_logo--image-area\">\n\t\t\t\t\t\t<!-- Logo Image -->\n\t\t\t\t\t\t\t\t\t\t\t<\/div>\n\n\t\t\t\t\t<div class=\"gs_logo--details-area\">\n\t\t\t\t\t\t<!-- Logo Title -->\n\t\t\t\t\t\t<h3 class=\"gs_logo_title\">REFFECT AFRICA<\/h3>\t\t\t\t\t\t<!-- Logo Category -->\n\t\t\t\t\t\t\t\t\t\t\t\t<!-- Logo Details -->\n\t\t\t\t\t\t\n<div class=\"gs-logo-details justify\"><ul>\n<li>Netzgebundene und netzunabh\u00e4ngige L\u00f6sungen im Rahmen des WEF-Nexus<\/li>\n<li>Weiterverwertung von Biomasseabf\u00e4llen durch Biomassevergasung<\/li>\n<li>3 Demonstrationsanlagen: Marokko, Ghana und S\u00fcdafrika<\/li>\n<\/ul>\n<p><a href=\"https:\/\/www.reffect-africa.eu\/\" target=\"_blank\" rel=\"noopener\">https:\/\/www.reffect-africa.eu\/<\/a><\/p>\n<\/div>\t\t\t\t\t<\/div>\n\n\t\t\t\t<\/div>\n\t\t\t<\/div>\n\n\t\t\n\t\t\t<div class=\"gs_logo_single--wrapper\">\n\t\t\t\t<div class=\"gs_logo_single\">\n\t\t\t\t\t\n\t\t\t\t\t<div class=\"gs_logo--image-area\">\n\t\t\t\t\t\t<!-- Logo Image -->\n\t\t\t\t\t\t\t\t\t\t\t<\/div>\n\n\t\t\t\t\t<div class=\"gs_logo--details-area\">\n\t\t\t\t\t\t<!-- Logo Title -->\n\t\t\t\t\t\t<h3 class=\"gs_logo_title\">Energica<\/h3>\t\t\t\t\t\t<!-- Logo Category -->\n\t\t\t\t\t\t\t\t\t\t\t\t<!-- Logo Details -->\n\t\t\t\t\t\t\n<div class=\"gs-logo-details justify\"><p>L\u00f6sungen f\u00fcr den Energiezugang:<\/p>\n<ul>\n<li>Solarbetriebene Elektromobilit\u00e4t (Kenia)<\/li>\n<li>Nanostrukturen f\u00fcr die erneuerbare Produktion von Wasser und Nahrungsmitteln (Madagaskar)<\/li>\n<li>Biogas- und Wasseraufbereitungssysteme f\u00fcr die Energie-, Wasser- und Lebensmitteld\u00fcngerproduktion (Sierra Leone)<\/li>\n<\/ul>\n<p><a href=\"http:\/\/energica-h2020.eu\/\" target=\"_blank\" rel=\"noopener\">http:\/\/energica-h2020.eu\/<\/a><\/p>\n<\/div>\t\t\t\t\t<\/div>\n\n\t\t\t\t<\/div>\n\t\t\t<\/div>\n\n\t\t\n\t\t\t<div class=\"gs_logo_single--wrapper\">\n\t\t\t\t<div class=\"gs_logo_single\">\n\t\t\t\t\t\n\t\t\t\t\t<div class=\"gs_logo--image-area\">\n\t\t\t\t\t\t<!-- Logo Image -->\n\t\t\t\t\t\t\t\t\t\t\t<\/div>\n\n\t\t\t\t\t<div class=\"gs_logo--details-area\">\n\t\t\t\t\t\t<!-- Logo Title -->\n\t\t\t\t\t\t<h3 class=\"gs_logo_title\">SteamBioAfrica<\/h3>\t\t\t\t\t\t<!-- Logo Category -->\n\t\t\t\t\t\t\t\t\t\t\t\t<!-- Logo Details -->\n\t\t\t\t\t\t\n<div class=\"gs-logo-details justify\"><ul>\n<li>Umwandlung von invasivem Buschwerk und anderen holzigen Arten in hochwertigen, sauber brennenden Festbrennstoff<\/li>\n<li>Industrielle Demonstrationsanlage zum Einsatz in Namibia<\/li>\n<li>Validierung der sozialen, wirtschaftlichen und \u00f6kologischen Nachhaltigkeit in Botswana, Namibia und S\u00fcdafrika<\/li>\n<\/ul>\n<p><a href=\"https:\/\/www.steambioafrica.com\/\" target=\"_blank\" rel=\"noopener\">https:\/\/www.steambioafrica.com\/<\/a><\/p>\n<\/div>\t\t\t\t\t<\/div>\n\n\t\t\t\t<\/div>\n\t\t\t<\/div>\n\n\t\t\n\t\t\t<div class=\"gs_logo_single--wrapper\">\n\t\t\t\t<div class=\"gs_logo_single\">\n\t\t\t\t\t\n\t\t\t\t\t<div class=\"gs_logo--image-area\">\n\t\t\t\t\t\t<!-- Logo Image -->\n\t\t\t\t\t\t\t\t\t\t\t<\/div>\n\n\t\t\t\t\t<div class=\"gs_logo--details-area\">\n\t\t\t\t\t\t<!-- Logo Title -->\n\t\t\t\t\t\t<h3 class=\"gs_logo_title\">LEAP-RE<\/h3>\t\t\t\t\t\t<!-- Logo Category -->\n\t\t\t\t\t\t\t\t\t\t\t\t<!-- Logo Details -->\n\t\t\t\t\t\t\n<div class=\"gs-logo-details justify\"><ul>\n<li>Langfristig angelegte gemeinsame Forschungs- und Innovationspartnerschaft zwischen der Europ\u00e4ischen Union und der Afrikanischen Union im Bereich der erneuerbaren Energien<\/li>\n<li>Entwicklung erneuerbarer Energien als nachhaltige Energiequelle f\u00fcr alle in Afrika<\/li>\n<\/ul>\n<p><a href=\"https:\/\/www.leap-re.eu\/\" target=\"_blank\" rel=\"noopener\">https:\/\/www.leap-re.eu\/<\/a><\/p>\n<\/div>\t\t\t\t\t<\/div>\n\n\t\t\t\t<\/div>\n\t\t\t<\/div>\n\n\t\t\t\t\n\t\n<\/div>\n\t\t\t\t<!-- Pagination -->\n\t\t\t\t\n\t\t\t<\/div>\n\t\t<\/div>\n\t\n\t\t<style>#gs_logo_area_53:not(.verticaltickerdown):not(.verticalticker) .gs_logo_container{margin-left:-5px}#gs_logo_area_53:not(.verticaltickerdown):not(.verticalticker) .gs_logo_container{margin-right:-5px}#gs_logo_area_53:not(.verticaltickerdown):not(.verticalticker) .gs_logo_single--wrapper{padding:5px}#gs_logo_area_53 ul.gs-logo-filter-cats{text-align:center!important}<\/style>[\/vc_column][\/vc_row]<\/p>\n<\/div>","protected":false},"excerpt":{"rendered":"<p>[vc_row full_width=&#8220;stretch_row&#8220; css=&#8220;.vc_custom_1651063126694{background-color: #ffffff !important;}&#8220;][vc_column][vc_single_image image=&#8220;58861&#8243; img_size=&#8220;full&#8220; alignment=&#8220;center&#8220;][\/vc_column][\/vc_row][vc_row full_width=&#8220;stretch_row&#8220; css=&#8220;.vc_custom_1651063126694{background-color: #ffffff !important;}&#8220;][vc_column][\/vc_column][\/vc_row]<\/p>\n","protected":false},"author":1,"featured_media":0,"parent":0,"menu_order":30,"comment_status":"closed","ping_status":"closed","template":"","meta":{"footnotes":""},"class_list":["post-59493","page","type-page","status-publish","hentry","description-off"],"yoast_head":"<!-- This site is optimized with the Yoast SEO plugin v27.3 - https:\/\/yoast.com\/product\/yoast-seo-wordpress\/ -->\n<title>Green-Deal-Projekte in Afrika - SophiA 4 Africa<\/title>\n<meta name=\"robots\" content=\"index, follow, max-snippet:-1, max-image-preview:large, max-video-preview:-1\" \/>\n<link rel=\"canonical\" href=\"https:\/\/sophia4africa.eu\/de\/green-deal-projekte-in-afrika\/\" \/>\n<meta property=\"og:locale\" content=\"de_DE\" \/>\n<meta property=\"og:type\" content=\"article\" \/>\n<meta property=\"og:title\" content=\"Green-Deal-Projekte in Afrika - SophiA 4 Africa\" \/>\n<meta property=\"og:description\" content=\"[vc_row full_width=&#8220;stretch_row&#8220; css=&#8220;.vc_custom_1651063126694{background-color: #ffffff !important;}&#8220;][vc_column][vc_single_image image=&#8220;58861&#8243; img_size=&#8220;full&#8220; alignment=&#8220;center&#8220;][\/vc_column][\/vc_row][vc_row full_width=&#8220;stretch_row&#8220; css=&#8220;.vc_custom_1651063126694{background-color: #ffffff !important;}&#8220;][vc_column][\/vc_column][\/vc_row]\" \/>\n<meta property=\"og:url\" content=\"https:\/\/sophia4africa.eu\/de\/green-deal-projekte-in-afrika\/\" \/>\n<meta property=\"og:site_name\" content=\"SophiA 4 Africa\" \/>\n<meta property=\"article:publisher\" content=\"https:\/\/www.facebook.com\/sophiA4Africa\" \/>\n<meta property=\"article:modified_time\" content=\"2022-06-24T14:21:34+00:00\" \/>\n<meta name=\"twitter:card\" content=\"summary_large_image\" \/>\n<script type=\"application\/ld+json\" class=\"yoast-schema-graph\">{\"@context\":\"https:\\\/\\\/schema.org\",\"@graph\":[{\"@type\":\"WebPage\",\"@id\":\"https:\\\/\\\/sophia4africa.eu\\\/de\\\/green-deal-projekte-in-afrika\\\/\",\"url\":\"https:\\\/\\\/sophia4africa.eu\\\/de\\\/green-deal-projekte-in-afrika\\\/\",\"name\":\"Green-Deal-Projekte in Afrika - SophiA 4 Africa\",\"isPartOf\":{\"@id\":\"https:\\\/\\\/sophia4africa.eu\\\/de\\\/#website\"},\"datePublished\":\"2022-04-27T08:26:31+00:00\",\"dateModified\":\"2022-06-24T14:21:34+00:00\",\"breadcrumb\":{\"@id\":\"https:\\\/\\\/sophia4africa.eu\\\/de\\\/green-deal-projekte-in-afrika\\\/#breadcrumb\"},\"inLanguage\":\"de\",\"potentialAction\":[{\"@type\":\"ReadAction\",\"target\":[\"https:\\\/\\\/sophia4africa.eu\\\/de\\\/green-deal-projekte-in-afrika\\\/\"]}]},{\"@type\":\"BreadcrumbList\",\"@id\":\"https:\\\/\\\/sophia4africa.eu\\\/de\\\/green-deal-projekte-in-afrika\\\/#breadcrumb\",\"itemListElement\":[{\"@type\":\"ListItem\",\"position\":1,\"name\":\"Home\",\"item\":\"https:\\\/\\\/sophia4africa.eu\\\/de\\\/heim\\\/\"},{\"@type\":\"ListItem\",\"position\":2,\"name\":\"Green-Deal-Projekte in Afrika\"}]},{\"@type\":\"WebSite\",\"@id\":\"https:\\\/\\\/sophia4africa.eu\\\/de\\\/#website\",\"url\":\"https:\\\/\\\/sophia4africa.eu\\\/de\\\/\",\"name\":\"SophiA 4 Africa\",\"description\":\"\",\"publisher\":{\"@id\":\"https:\\\/\\\/sophia4africa.eu\\\/de\\\/#organization\"},\"potentialAction\":[{\"@type\":\"SearchAction\",\"target\":{\"@type\":\"EntryPoint\",\"urlTemplate\":\"https:\\\/\\\/sophia4africa.eu\\\/de\\\/?s={search_term_string}\"},\"query-input\":{\"@type\":\"PropertyValueSpecification\",\"valueRequired\":true,\"valueName\":\"search_term_string\"}}],\"inLanguage\":\"de\"},{\"@type\":\"Organization\",\"@id\":\"https:\\\/\\\/sophia4africa.eu\\\/de\\\/#organization\",\"name\":\"SophiA4Africa\",\"url\":\"https:\\\/\\\/sophia4africa.eu\\\/de\\\/\",\"logo\":{\"@type\":\"ImageObject\",\"inLanguage\":\"de\",\"@id\":\"https:\\\/\\\/sophia4africa.eu\\\/de\\\/#\\\/schema\\\/logo\\\/image\\\/\",\"url\":\"https:\\\/\\\/sophia4africa.eu\\\/wp-content\\\/uploads\\\/2022\\\/03\\\/logo-sophia-329x114-1.png\",\"contentUrl\":\"https:\\\/\\\/sophia4africa.eu\\\/wp-content\\\/uploads\\\/2022\\\/03\\\/logo-sophia-329x114-1.png\",\"width\":329,\"height\":114,\"caption\":\"SophiA4Africa\"},\"image\":{\"@id\":\"https:\\\/\\\/sophia4africa.eu\\\/de\\\/#\\\/schema\\\/logo\\\/image\\\/\"},\"sameAs\":[\"https:\\\/\\\/www.facebook.com\\\/sophiA4Africa\"]}]}<\/script>\n<!-- \/ Yoast SEO plugin. -->","yoast_head_json":{"title":"Green-Deal-Projekte in Afrika - SophiA 4 Africa","robots":{"index":"index","follow":"follow","max-snippet":"max-snippet:-1","max-image-preview":"max-image-preview:large","max-video-preview":"max-video-preview:-1"},"canonical":"https:\/\/sophia4africa.eu\/de\/green-deal-projekte-in-afrika\/","og_locale":"de_DE","og_type":"article","og_title":"Green-Deal-Projekte in Afrika - SophiA 4 Africa","og_description":"[vc_row full_width=&#8220;stretch_row&#8220; css=&#8220;.vc_custom_1651063126694{background-color: #ffffff !important;}&#8220;][vc_column][vc_single_image image=&#8220;58861&#8243; img_size=&#8220;full&#8220; alignment=&#8220;center&#8220;][\/vc_column][\/vc_row][vc_row full_width=&#8220;stretch_row&#8220; css=&#8220;.vc_custom_1651063126694{background-color: #ffffff !important;}&#8220;][vc_column][\/vc_column][\/vc_row]","og_url":"https:\/\/sophia4africa.eu\/de\/green-deal-projekte-in-afrika\/","og_site_name":"SophiA 4 Africa","article_publisher":"https:\/\/www.facebook.com\/sophiA4Africa","article_modified_time":"2022-06-24T14:21:34+00:00","twitter_card":"summary_large_image","schema":{"@context":"https:\/\/schema.org","@graph":[{"@type":"WebPage","@id":"https:\/\/sophia4africa.eu\/de\/green-deal-projekte-in-afrika\/","url":"https:\/\/sophia4africa.eu\/de\/green-deal-projekte-in-afrika\/","name":"Green-Deal-Projekte in Afrika - SophiA 4 Africa","isPartOf":{"@id":"https:\/\/sophia4africa.eu\/de\/#website"},"datePublished":"2022-04-27T08:26:31+00:00","dateModified":"2022-06-24T14:21:34+00:00","breadcrumb":{"@id":"https:\/\/sophia4africa.eu\/de\/green-deal-projekte-in-afrika\/#breadcrumb"},"inLanguage":"de","potentialAction":[{"@type":"ReadAction","target":["https:\/\/sophia4africa.eu\/de\/green-deal-projekte-in-afrika\/"]}]},{"@type":"BreadcrumbList","@id":"https:\/\/sophia4africa.eu\/de\/green-deal-projekte-in-afrika\/#breadcrumb","itemListElement":[{"@type":"ListItem","position":1,"name":"Home","item":"https:\/\/sophia4africa.eu\/de\/heim\/"},{"@type":"ListItem","position":2,"name":"Green-Deal-Projekte in Afrika"}]},{"@type":"WebSite","@id":"https:\/\/sophia4africa.eu\/de\/#website","url":"https:\/\/sophia4africa.eu\/de\/","name":"SophiA 4 Africa","description":"","publisher":{"@id":"https:\/\/sophia4africa.eu\/de\/#organization"},"potentialAction":[{"@type":"SearchAction","target":{"@type":"EntryPoint","urlTemplate":"https:\/\/sophia4africa.eu\/de\/?s={search_term_string}"},"query-input":{"@type":"PropertyValueSpecification","valueRequired":true,"valueName":"search_term_string"}}],"inLanguage":"de"},{"@type":"Organization","@id":"https:\/\/sophia4africa.eu\/de\/#organization","name":"SophiA4Africa","url":"https:\/\/sophia4africa.eu\/de\/","logo":{"@type":"ImageObject","inLanguage":"de","@id":"https:\/\/sophia4africa.eu\/de\/#\/schema\/logo\/image\/","url":"https:\/\/sophia4africa.eu\/wp-content\/uploads\/2022\/03\/logo-sophia-329x114-1.png","contentUrl":"https:\/\/sophia4africa.eu\/wp-content\/uploads\/2022\/03\/logo-sophia-329x114-1.png","width":329,"height":114,"caption":"SophiA4Africa"},"image":{"@id":"https:\/\/sophia4africa.eu\/de\/#\/schema\/logo\/image\/"},"sameAs":["https:\/\/www.facebook.com\/sophiA4Africa"]}]}},"_links":{"self":[{"href":"https:\/\/sophia4africa.eu\/de\/wp-json\/wp\/v2\/pages\/59493","targetHints":{"allow":["GET"]}}],"collection":[{"href":"https:\/\/sophia4africa.eu\/de\/wp-json\/wp\/v2\/pages"}],"about":[{"href":"https:\/\/sophia4africa.eu\/de\/wp-json\/wp\/v2\/types\/page"}],"author":[{"embeddable":true,"href":"https:\/\/sophia4africa.eu\/de\/wp-json\/wp\/v2\/users\/1"}],"replies":[{"embeddable":true,"href":"https:\/\/sophia4africa.eu\/de\/wp-json\/wp\/v2\/comments?post=59493"}],"version-history":[{"count":0,"href":"https:\/\/sophia4africa.eu\/de\/wp-json\/wp\/v2\/pages\/59493\/revisions"}],"wp:attachment":[{"href":"https:\/\/sophia4africa.eu\/de\/wp-json\/wp\/v2\/media?parent=59493"}],"curies":[{"name":"wp","href":"https:\/\/api.w.org\/{rel}","templated":true}]}}