{"id":59488,"date":"2022-04-08T16:33:47","date_gmt":"2022-04-08T14:33:47","guid":{"rendered":"https:\/\/sophia4africa.eu\/fuehrung\/"},"modified":"2022-06-24T16:08:19","modified_gmt":"2022-06-24T14:08:19","slug":"fuehrung","status":"publish","type":"page","link":"https:\/\/sophia4africa.eu\/de\/fuehrung\/","title":{"rendered":"F\u00fchrung"},"content":{"rendered":"<div class=\"wpb-content-wrapper\"><p>[vc_row content_placement=&#8220;middle&#8220; css=&#8220;.vc_custom_1649429227458{margin-top: 50px !important;}&#8220;][vc_column]<div id=\"ultimate-heading-186969de130637eb1\" class=\"uvc-heading ult-adjust-bottom-margin ultimate-heading-186969de130637eb1 uvc-4857  uvc-heading-default-font-sizes\" data-hspacer=\"no_spacer\"  data-halign=\"center\" style=\"text-align:center\"><div class=\"uvc-heading-spacer no_spacer\" style=\"top\"><\/div><div class=\"uvc-main-heading ult-responsive\"  data-ultimate-target='.uvc-heading.ultimate-heading-186969de130637eb1 h3'  data-responsive-json-new='{\"font-size\":\"\",\"line-height\":\"\"}' ><h3 style=\"font-weight:bold;margin-bottom:18px;\">Wie wir arbeiten<\/h3><\/div><\/div>[vc_column_text css=&#8220;.vc_custom_1650978430365{padding-bottom: 15px !important;}&#8220;]<\/p>\n<p style=\"text-align: center;\">Die Arbeit in SophiA wird \u00fcber einen vereinfachten Entscheidungsmechanismus organisiert, an dem alle Projektpartner beteiligt sind.<\/p>\n<p style=\"text-align: center;\">Die Organisationsstruktur des SophiA-Projekts umfasst die folgenden Konsortialorgane:<\/p>\n<p>[\/vc_column_text][\/vc_column][\/vc_row][vc_row content_placement=&#8220;middle&#8220; css=&#8220;.vc_custom_1651221320856{background-color: #ffffff !important;}&#8220;][vc_column width=&#8220;2\/3&#8243;]<style type=\"text\/css\" data-type=\"the7_shortcodes-inline-css\">.shortcode-single-image-wrap.shortcode-single-image-c84105f93c0c8590d80a7deec05b9a04.enable-bg-rollover .rollover i,\n.shortcode-single-image-wrap.shortcode-single-image-c84105f93c0c8590d80a7deec05b9a04.enable-bg-rollover .rollover-video i {\n  background: -webkit-linear-gradient();\n  background: linear-gradient();\n}\n.shortcode-single-image-wrap.shortcode-single-image-c84105f93c0c8590d80a7deec05b9a04 .rollover-icon {\n  font-size: 32px;\n  color: #ffffff;\n  min-width: 44px;\n  min-height: 44px;\n  line-height: 44px;\n  border-radius: 100px;\n  border-style: solid;\n  border-width: 0px;\n}\n.dt-icon-bg-on.shortcode-single-image-wrap.shortcode-single-image-c84105f93c0c8590d80a7deec05b9a04 .rollover-icon {\n  background: rgba(255,255,255,0.3);\n  box-shadow: none;\n}<\/style><div class=\"shortcode-single-image-wrap shortcode-single-image-c84105f93c0c8590d80a7deec05b9a04 alignnone  vc_custom_1651221389691 enable-bg-rollover dt-icon-bg-off\"  data-pretty-share=\"facebook,twitter,pinterest,linkedin\"><div class=\"shortcode-single-image\"><div class=\"fancy-media-wrap  layzr-bg\" style=\"\"><img fetchpriority=\"high\" decoding=\"async\" class=\"preload-me lazy-load aspect\" src=\"data:image\/svg+xml,%3Csvg%20xmlns%3D&#39;http%3A%2F%2Fwww.w3.org%2F2000%2Fsvg&#39;%20viewBox%3D&#39;0%200%20800%20692&#39;%2F%3E\" data-src=\"https:\/\/sophia4africa.eu\/wp-content\/uploads\/2022\/04\/sophia-management-structure-2-800x692.png\" data-srcset=\"https:\/\/sophia4africa.eu\/wp-content\/uploads\/2022\/04\/sophia-management-structure-2-800x692.png 800w, https:\/\/sophia4africa.eu\/wp-content\/uploads\/2022\/04\/sophia-management-structure-2-1276x1103.png 1276w\" loading=\"eager\" sizes=\"(max-width: 800px) 100vw, 800px\" width=\"800\" height=\"692\"  data-dt-location=\"https:\/\/sophia4africa.eu\/de\/governance\/sophia-management-structure-2\/\" style=\"--ratio: 800 \/ 692;box-shadow:5px 5px 5px 5px rgba(86,144,52,0.6); -webkit-box-shadow:5px 5px 5px 5px rgba(86,144,52,0.6);\" alt=\"SophiA Management Structure\" \/><\/div><\/div><\/div>[\/vc_column][vc_column width=&#8220;1\/3&#8243;][vc_column_text css=&#8220;.vc_custom_1651220548062{padding-bottom: 15px !important;}&#8220;]<\/p>\n<ul>\n<li>Der <strong>Projektkoordinator (HKA)<\/strong> ist die juristische Person, die als Vermittler zwischen den Parteien und der F\u00f6rderbeh\u00f6rde (Europ\u00e4ische Kommission) fungiert. Die HKA wird f\u00fcr die Projektkoordination, insbesondere im Hinblick auf technische und wissenschaftliche Entwicklungen, verantwortlich sein. Au\u00dferdem \u00fcberwacht die HKA alle Projektaktivit\u00e4ten und den Zeitplan.<\/li>\n<li>Der <strong>Projektlenkungsausschuss<\/strong> ist das Entscheidungsgremium des Konsortiums. Der Projektlenkungsausschuss wird ist das Entscheidungsgremium des Konsortiums. Es setzt sich aus je einem Mitglied jedes Partners zusammen. Das spezifische Mitglied, das jede Organisation vertritt, wurde w\u00e4hrend des Projekt-Kick-off-Meetings best\u00e4tigt.<\/li>\n<li>Der <strong>Vorstand<\/strong> ist das Aufsichtsgremium f\u00fcr die Durchf\u00fchrung des Projekts. Dieser erstattet dem Projektlenkungsausschuss Bericht und ist ihm gegen\u00fcber rechenschaftspflichtig. Das EMB setzt sich aus HKA, SEZ, SPF-OST, EVERFLO und MAK zusammen.<\/li>\n<\/ul>\n<p style=\"text-align: center;\"><a href=\"https:\/\/sophia4africa.eu\/de\/sophia-partner\/\"><strong>Siehe Liste der Partner<\/strong><\/a><\/p>\n<ul>\n<li>Das <strong>Betriebsmanagement<\/strong> zielt darauf ab, den Projektlenkungsausschuss und den Koordinator bei der Bereitstellung eines effektiven und erfolgreichen Betriebsablaufs zu unterst\u00fctzen. Es setzt sich aus folgenden zwei Gruppen zusammen:\n<ul>\n<li style=\"text-align: justify;\"><strong>Work Package Leaders Group:<\/strong> Gruppe zur Sicherstellung des operativen Arbeitsablaufs auf Arbeitspaketebene.<\/li>\n<li style=\"text-align: justify;\"><strong>Innovation Management Board,<\/strong> verantwortlich f\u00fcr die Entwicklung des Innovationsmanagementplans und die Sicherstellung, dass dieser verfolgt wird. Das IMB k\u00fcmmert sich um Fragen des geistigen Eigentums (IP).<\/li>\n<\/ul>\n<\/li>\n<\/ul>\n<p>[\/vc_column_text][\/vc_column][\/vc_row]<\/p>\n<\/div>","protected":false},"excerpt":{"rendered":"<p>[vc_row content_placement=&#8220;middle&#8220; css=&#8220;.vc_custom_1649429227458{margin-top: 50px !important;}&#8220;][vc_column][vc_column_text css=&#8220;.vc_custom_1650978430365{padding-bottom: 15px !important;}&#8220;] Die Arbeit in SophiA wird \u00fcber einen vereinfachten Entscheidungsmechanismus organisiert, an dem alle Projektpartner beteiligt sind. Die Organisationsstruktur des SophiA-Projekts umfasst die folgenden Konsortialorgane: [\/vc_column_text][\/vc_column][\/vc_row][vc_row content_placement=&#8220;middle&#8220; css=&#8220;.vc_custom_1651221320856{background-color: #ffffff !important;}&#8220;][vc_column width=&#8220;2\/3&#8243;][\/vc_column][vc_column width=&#8220;1\/3&#8243;][vc_column_text css=&#8220;.vc_custom_1651220548062{padding-bottom: 15px !important;}&#8220;] Der Projektkoordinator (HKA) ist die juristische Person, die als Vermittler zwischen den Parteien&hellip;<\/p>\n","protected":false},"author":1,"featured_media":0,"parent":0,"menu_order":30,"comment_status":"closed","ping_status":"closed","template":"","meta":{"footnotes":""},"class_list":["post-59488","page","type-page","status-publish","hentry","description-off"],"yoast_head":"<!-- This site is optimized with the Yoast SEO plugin v27.3 - https:\/\/yoast.com\/product\/yoast-seo-wordpress\/ -->\n<title>F\u00fchrung - SophiA 4 Africa<\/title>\n<meta name=\"robots\" content=\"index, follow, max-snippet:-1, max-image-preview:large, max-video-preview:-1\" \/>\n<link rel=\"canonical\" href=\"https:\/\/sophia4africa.eu\/de\/fuehrung\/\" \/>\n<meta property=\"og:locale\" content=\"de_DE\" \/>\n<meta property=\"og:type\" content=\"article\" \/>\n<meta property=\"og:title\" content=\"F\u00fchrung - SophiA 4 Africa\" \/>\n<meta property=\"og:description\" content=\"[vc_row content_placement=&#8220;middle&#8220; css=&#8220;.vc_custom_1649429227458{margin-top: 50px !important;}&#8220;][vc_column][vc_column_text css=&#8220;.vc_custom_1650978430365{padding-bottom: 15px !important;}&#8220;] Die Arbeit in SophiA wird \u00fcber einen vereinfachten Entscheidungsmechanismus organisiert, an dem alle Projektpartner beteiligt sind. Die Organisationsstruktur des SophiA-Projekts umfasst die folgenden Konsortialorgane: [\/vc_column_text][\/vc_column][\/vc_row][vc_row content_placement=&#8220;middle&#8220; css=&#8220;.vc_custom_1651221320856{background-color: #ffffff !important;}&#8220;][vc_column width=&#8220;2\/3&#8243;][\/vc_column][vc_column width=&#8220;1\/3&#8243;][vc_column_text css=&#8220;.vc_custom_1651220548062{padding-bottom: 15px !important;}&#8220;] Der Projektkoordinator (HKA) ist die juristische Person, die als Vermittler zwischen den Parteien&hellip;\" \/>\n<meta property=\"og:url\" content=\"https:\/\/sophia4africa.eu\/de\/fuehrung\/\" \/>\n<meta property=\"og:site_name\" content=\"SophiA 4 Africa\" \/>\n<meta property=\"article:publisher\" content=\"https:\/\/www.facebook.com\/sophiA4Africa\" \/>\n<meta property=\"article:modified_time\" content=\"2022-06-24T14:08:19+00:00\" \/>\n<meta name=\"twitter:card\" content=\"summary_large_image\" \/>\n<meta name=\"twitter:label1\" content=\"Gesch\u00e4tzte Lesezeit\" \/>\n\t<meta name=\"twitter:data1\" content=\"2\u00a0Minuten\" \/>\n<script type=\"application\/ld+json\" class=\"yoast-schema-graph\">{\"@context\":\"https:\\\/\\\/schema.org\",\"@graph\":[{\"@type\":\"WebPage\",\"@id\":\"https:\\\/\\\/sophia4africa.eu\\\/de\\\/fuehrung\\\/\",\"url\":\"https:\\\/\\\/sophia4africa.eu\\\/de\\\/fuehrung\\\/\",\"name\":\"F\u00fchrung - SophiA 4 Africa\",\"isPartOf\":{\"@id\":\"https:\\\/\\\/sophia4africa.eu\\\/de\\\/#website\"},\"datePublished\":\"2022-04-08T14:33:47+00:00\",\"dateModified\":\"2022-06-24T14:08:19+00:00\",\"breadcrumb\":{\"@id\":\"https:\\\/\\\/sophia4africa.eu\\\/de\\\/fuehrung\\\/#breadcrumb\"},\"inLanguage\":\"de\",\"potentialAction\":[{\"@type\":\"ReadAction\",\"target\":[\"https:\\\/\\\/sophia4africa.eu\\\/de\\\/fuehrung\\\/\"]}]},{\"@type\":\"BreadcrumbList\",\"@id\":\"https:\\\/\\\/sophia4africa.eu\\\/de\\\/fuehrung\\\/#breadcrumb\",\"itemListElement\":[{\"@type\":\"ListItem\",\"position\":1,\"name\":\"Home\",\"item\":\"https:\\\/\\\/sophia4africa.eu\\\/de\\\/heim\\\/\"},{\"@type\":\"ListItem\",\"position\":2,\"name\":\"F\u00fchrung\"}]},{\"@type\":\"WebSite\",\"@id\":\"https:\\\/\\\/sophia4africa.eu\\\/de\\\/#website\",\"url\":\"https:\\\/\\\/sophia4africa.eu\\\/de\\\/\",\"name\":\"SophiA 4 Africa\",\"description\":\"\",\"publisher\":{\"@id\":\"https:\\\/\\\/sophia4africa.eu\\\/de\\\/#organization\"},\"potentialAction\":[{\"@type\":\"SearchAction\",\"target\":{\"@type\":\"EntryPoint\",\"urlTemplate\":\"https:\\\/\\\/sophia4africa.eu\\\/de\\\/?s={search_term_string}\"},\"query-input\":{\"@type\":\"PropertyValueSpecification\",\"valueRequired\":true,\"valueName\":\"search_term_string\"}}],\"inLanguage\":\"de\"},{\"@type\":\"Organization\",\"@id\":\"https:\\\/\\\/sophia4africa.eu\\\/de\\\/#organization\",\"name\":\"SophiA4Africa\",\"url\":\"https:\\\/\\\/sophia4africa.eu\\\/de\\\/\",\"logo\":{\"@type\":\"ImageObject\",\"inLanguage\":\"de\",\"@id\":\"https:\\\/\\\/sophia4africa.eu\\\/de\\\/#\\\/schema\\\/logo\\\/image\\\/\",\"url\":\"https:\\\/\\\/sophia4africa.eu\\\/wp-content\\\/uploads\\\/2022\\\/03\\\/logo-sophia-329x114-1.png\",\"contentUrl\":\"https:\\\/\\\/sophia4africa.eu\\\/wp-content\\\/uploads\\\/2022\\\/03\\\/logo-sophia-329x114-1.png\",\"width\":329,\"height\":114,\"caption\":\"SophiA4Africa\"},\"image\":{\"@id\":\"https:\\\/\\\/sophia4africa.eu\\\/de\\\/#\\\/schema\\\/logo\\\/image\\\/\"},\"sameAs\":[\"https:\\\/\\\/www.facebook.com\\\/sophiA4Africa\"]}]}<\/script>\n<!-- \/ Yoast SEO plugin. -->","yoast_head_json":{"title":"F\u00fchrung - SophiA 4 Africa","robots":{"index":"index","follow":"follow","max-snippet":"max-snippet:-1","max-image-preview":"max-image-preview:large","max-video-preview":"max-video-preview:-1"},"canonical":"https:\/\/sophia4africa.eu\/de\/fuehrung\/","og_locale":"de_DE","og_type":"article","og_title":"F\u00fchrung - SophiA 4 Africa","og_description":"[vc_row content_placement=&#8220;middle&#8220; css=&#8220;.vc_custom_1649429227458{margin-top: 50px !important;}&#8220;][vc_column][vc_column_text css=&#8220;.vc_custom_1650978430365{padding-bottom: 15px !important;}&#8220;] Die Arbeit in SophiA wird \u00fcber einen vereinfachten Entscheidungsmechanismus organisiert, an dem alle Projektpartner beteiligt sind. Die Organisationsstruktur des SophiA-Projekts umfasst die folgenden Konsortialorgane: [\/vc_column_text][\/vc_column][\/vc_row][vc_row content_placement=&#8220;middle&#8220; css=&#8220;.vc_custom_1651221320856{background-color: #ffffff !important;}&#8220;][vc_column width=&#8220;2\/3&#8243;][\/vc_column][vc_column width=&#8220;1\/3&#8243;][vc_column_text css=&#8220;.vc_custom_1651220548062{padding-bottom: 15px !important;}&#8220;] Der Projektkoordinator (HKA) ist die juristische Person, die als Vermittler zwischen den Parteien&hellip;","og_url":"https:\/\/sophia4africa.eu\/de\/fuehrung\/","og_site_name":"SophiA 4 Africa","article_publisher":"https:\/\/www.facebook.com\/sophiA4Africa","article_modified_time":"2022-06-24T14:08:19+00:00","twitter_card":"summary_large_image","twitter_misc":{"Gesch\u00e4tzte Lesezeit":"2\u00a0Minuten"},"schema":{"@context":"https:\/\/schema.org","@graph":[{"@type":"WebPage","@id":"https:\/\/sophia4africa.eu\/de\/fuehrung\/","url":"https:\/\/sophia4africa.eu\/de\/fuehrung\/","name":"F\u00fchrung - SophiA 4 Africa","isPartOf":{"@id":"https:\/\/sophia4africa.eu\/de\/#website"},"datePublished":"2022-04-08T14:33:47+00:00","dateModified":"2022-06-24T14:08:19+00:00","breadcrumb":{"@id":"https:\/\/sophia4africa.eu\/de\/fuehrung\/#breadcrumb"},"inLanguage":"de","potentialAction":[{"@type":"ReadAction","target":["https:\/\/sophia4africa.eu\/de\/fuehrung\/"]}]},{"@type":"BreadcrumbList","@id":"https:\/\/sophia4africa.eu\/de\/fuehrung\/#breadcrumb","itemListElement":[{"@type":"ListItem","position":1,"name":"Home","item":"https:\/\/sophia4africa.eu\/de\/heim\/"},{"@type":"ListItem","position":2,"name":"F\u00fchrung"}]},{"@type":"WebSite","@id":"https:\/\/sophia4africa.eu\/de\/#website","url":"https:\/\/sophia4africa.eu\/de\/","name":"SophiA 4 Africa","description":"","publisher":{"@id":"https:\/\/sophia4africa.eu\/de\/#organization"},"potentialAction":[{"@type":"SearchAction","target":{"@type":"EntryPoint","urlTemplate":"https:\/\/sophia4africa.eu\/de\/?s={search_term_string}"},"query-input":{"@type":"PropertyValueSpecification","valueRequired":true,"valueName":"search_term_string"}}],"inLanguage":"de"},{"@type":"Organization","@id":"https:\/\/sophia4africa.eu\/de\/#organization","name":"SophiA4Africa","url":"https:\/\/sophia4africa.eu\/de\/","logo":{"@type":"ImageObject","inLanguage":"de","@id":"https:\/\/sophia4africa.eu\/de\/#\/schema\/logo\/image\/","url":"https:\/\/sophia4africa.eu\/wp-content\/uploads\/2022\/03\/logo-sophia-329x114-1.png","contentUrl":"https:\/\/sophia4africa.eu\/wp-content\/uploads\/2022\/03\/logo-sophia-329x114-1.png","width":329,"height":114,"caption":"SophiA4Africa"},"image":{"@id":"https:\/\/sophia4africa.eu\/de\/#\/schema\/logo\/image\/"},"sameAs":["https:\/\/www.facebook.com\/sophiA4Africa"]}]}},"_links":{"self":[{"href":"https:\/\/sophia4africa.eu\/de\/wp-json\/wp\/v2\/pages\/59488","targetHints":{"allow":["GET"]}}],"collection":[{"href":"https:\/\/sophia4africa.eu\/de\/wp-json\/wp\/v2\/pages"}],"about":[{"href":"https:\/\/sophia4africa.eu\/de\/wp-json\/wp\/v2\/types\/page"}],"author":[{"embeddable":true,"href":"https:\/\/sophia4africa.eu\/de\/wp-json\/wp\/v2\/users\/1"}],"replies":[{"embeddable":true,"href":"https:\/\/sophia4africa.eu\/de\/wp-json\/wp\/v2\/comments?post=59488"}],"version-history":[{"count":0,"href":"https:\/\/sophia4africa.eu\/de\/wp-json\/wp\/v2\/pages\/59488\/revisions"}],"wp:attachment":[{"href":"https:\/\/sophia4africa.eu\/de\/wp-json\/wp\/v2\/media?parent=59488"}],"curies":[{"name":"wp","href":"https:\/\/api.w.org\/{rel}","templated":true}]}}