{"id":59481,"date":"2022-04-11T10:23:28","date_gmt":"2022-04-11T08:23:28","guid":{"rendered":"https:\/\/sophia4africa.eu\/beirat\/"},"modified":"2025-04-08T16:22:37","modified_gmt":"2025-04-08T14:22:37","slug":"beirat","status":"publish","type":"page","link":"https:\/\/sophia4africa.eu\/de\/beirat\/","title":{"rendered":"Beirat"},"content":{"rendered":"<div class=\"wpb-content-wrapper\"><p>[vc_row css=&#8220;.vc_custom_1651135614166{margin-top: 20px !important;}&#8220;][vc_column css=&#8220;.vc_custom_1650979237777{margin-top: 30px !important;}&#8220;][vc_column_text]<\/p>\n<h4 style=\"text-align: center;\">Mitglieder des SophiA Advisory Board spielen eine wichtige Rolle bei der F\u00f6rderung des Projekts, wie zum Beispiel:<\/h4>\n<h5 style=\"text-align: center;\">Unterst\u00fctzung des Austauschs und operative Anpassung an Schl\u00fcsselaktivit\u00e4ten,<br \/>\nAnleitung und Beratung zur Unterst\u00fctzung der Technologieeinf\u00fchrung auf industrieller Ebene,<br \/>\nTeilnahme an spezifischen Projekttreffen, um den Austausch mit Konsortialpartnern und relevanten Interessengruppen zu erm\u00f6glichen,<br \/>\nVerbreitung von Projektneuigkeiten und Endergebnissen \u00fcber verschiedene Kommunikationsmittel und soziale Medien.<\/h5>\n<p>[\/vc_column_text][\/vc_column][\/vc_row][vc_row content_placement=&#8220;middle&#8220; css=&#8220;.vc_custom_1651135621814{margin-top: 20px !important;}&#8220;][vc_column]\t\n\t\t<div id=\"gs_logo_area_51\" data-sort=\"name\" data-shortcode-id=\"51\" class=\"gs_logo_area gs_logo_area_51 table1 \" data-options='{\"logo_per_page\":\"6\"}' style=\"opacity: 0; visibility: hidden;\">\n\t\t\t<div class=\"gs_logo_area--inner\">\n\n\t\t\t\t<!-- Category Filters - New (Global) -->\n\t\t\t\t\t\n\t\t\t\t\n<div class=\"gs_logo_container gs-logos-table gs_logo_table1\">\n\n\t\n\t\t<!-- Logo Table Header -->\n\t\t\n<div class=\"gs-logos-table-row gsc-table-head\">\n    <div class=\"gs-logos-table-cell\">Image<\/div>\n    <div class=\"gs-logos-table-cell\">Name<\/div>\n    <div class=\"gs-logos-table-cell\">Biography<\/div>\n<\/div>\n\t\t\n\t\t\t<div class=\"gs-logos-table-row\">\n\n\t\t\t\t<!-- Logo Image -->\n\t\t\t\t<div class=\"gs-logos-table-cell gsc-image\">\n\t\t\t\t\t<img loading=\"lazy\" decoding=\"async\" width=\"300\" height=\"150\" src=\"https:\/\/sophia4africa.eu\/wp-content\/uploads\/2020\/08\/eckert-logo-300px.png\" class=\"tt-placement-top tt-bgcolor-one-%23ff5f6d tt-bgcolor-two-%23ffc371 tt-textcolor-%23fff gs-logo--img wp-post-image\" alt=\"\" title=\"K\u00e4lte Eckert\" \/>\t\t\t\t<\/div>\n\n\t\t\t\t<!-- Logo Title -->\n\t\t\t\t<div class=\"gs-logos-table-cell gsc-name\">\n\t\t\t\t\t<h3 class=\"gs_logo_title\">K\u00e4lte Eckert<\/h3>\t\t\t\t<\/div>\n\n\t\t\t\t<!-- Logo Details -->\n\t\t\t\t<div class=\"gs-logos-table-cell gsc-desc\">\n\t\t\t\t\t\n<div class=\"gs-logo-details justify\"><p><a href=\"https:\/\/www.kaelte-eckert.de\/\" target=\"_blank\" rel=\"noopener\">https:\/\/www.kaelte-eckert.de\/<\/a><\/p>\n<\/div>\t\t\t\t<\/div>\n\n\t\t\t<\/div>\n\n\t\t\n\t\t\t<div class=\"gs-logos-table-row\">\n\n\t\t\t\t<!-- Logo Image -->\n\t\t\t\t<div class=\"gs-logos-table-cell gsc-image\">\n\t\t\t\t\t<a href=\"https:\/\/ansole.org\/\" target=\"_blank\" rel=\"noopener\"><img loading=\"lazy\" decoding=\"async\" width=\"177\" height=\"118\" src=\"https:\/\/sophia4africa.eu\/wp-content\/uploads\/2025\/02\/Image1.jpg\" class=\"tt-placement-top tt-bgcolor-one-%23ff5f6d tt-bgcolor-two-%23ffc371 tt-textcolor-%23fff gs-logo--img wp-post-image\" alt=\"\" title=\"Prof. Daniel Ayuk Mbi EGBE\" \/> <img loading=\"lazy\" decoding=\"async\" width=\"300\" height=\"194\" src=\"https:\/\/sophia4africa.eu\/wp-content\/uploads\/2025\/02\/ansole_logo-300x194.png\" class=\"gs-flip-img\" alt=\"\" srcset=\"https:\/\/sophia4africa.eu\/wp-content\/uploads\/2025\/02\/ansole_logo-300x194.png 300w, https:\/\/sophia4africa.eu\/wp-content\/uploads\/2025\/02\/ansole_logo-1024x661.png 1024w, https:\/\/sophia4africa.eu\/wp-content\/uploads\/2025\/02\/ansole_logo-768x495.png 768w, https:\/\/sophia4africa.eu\/wp-content\/uploads\/2025\/02\/ansole_logo-1536x991.png 1536w, https:\/\/sophia4africa.eu\/wp-content\/uploads\/2025\/02\/ansole_logo-2048x1321.png 2048w\" sizes=\"auto, (max-width: 300px) 100vw, 300px\" \/><\/a>\t\t\t\t<\/div>\n\n\t\t\t\t<!-- Logo Title -->\n\t\t\t\t<div class=\"gs-logos-table-cell gsc-name\">\n\t\t\t\t\t<h3 class=\"gs_logo_title\">Prof. Daniel Ayuk Mbi EGBE<\/h3>\t\t\t\t<\/div>\n\n\t\t\t\t<!-- Logo Details -->\n\t\t\t\t<div class=\"gs-logos-table-cell gsc-desc\">\n\t\t\t\t\t\n<div class=\"gs-logo-details justify\"><p>Born in Cameroon and based in Germany, is the CEO and Chairman of ANSOLE e.V. He is a Professor of Organic Chemistry and Renewable Energy, affiliated with three universities. His research focuses on functional materials for optoelectronic applications. He edits <em>MIGRANTh<\/em>, a magazine on migration and development in Thuringia, Germany. Fluent in over five languages, he connects people worldwide. A devout Christian, he enjoys linking biblical passages with scientific truths. Email: daniel.egbe@ansole.org<\/p>\n<p><a href=\"https:\/\/ansole.org\/\">https:\/\/ansole.org\/<\/a><\/p>\n<\/div>\t\t\t\t<\/div>\n\n\t\t\t<\/div>\n\n\t\t\n\t\t\t<div class=\"gs-logos-table-row\">\n\n\t\t\t\t<!-- Logo Image -->\n\t\t\t\t<div class=\"gs-logos-table-cell gsc-image\">\n\t\t\t\t\t<a href=\"https:\/\/www.ecreee.org\/?lang=fr\" target=\"_blank\" rel=\"noopener\"><img loading=\"lazy\" decoding=\"async\" width=\"1024\" height=\"1024\" src=\"https:\/\/sophia4africa.eu\/wp-content\/uploads\/2025\/02\/logoECREEE-carre-1024x1024.png\" class=\"tt-placement-top tt-bgcolor-one-%23ff5f6d tt-bgcolor-two-%23ffc371 tt-textcolor-%23fff gs-logo--img wp-post-image\" alt=\"\" title=\"ECREEE\" srcset=\"https:\/\/sophia4africa.eu\/wp-content\/uploads\/2025\/02\/logoECREEE-carre-1024x1024.png 1024w, https:\/\/sophia4africa.eu\/wp-content\/uploads\/2025\/02\/logoECREEE-carre-300x300.png 300w, https:\/\/sophia4africa.eu\/wp-content\/uploads\/2025\/02\/logoECREEE-carre-150x150.png 150w, https:\/\/sophia4africa.eu\/wp-content\/uploads\/2025\/02\/logoECREEE-carre-768x768.png 768w, https:\/\/sophia4africa.eu\/wp-content\/uploads\/2025\/02\/logoECREEE-carre.png 1200w\" sizes=\"auto, (max-width: 1024px) 100vw, 1024px\" \/> <\/a>\t\t\t\t<\/div>\n\n\t\t\t\t<!-- Logo Title -->\n\t\t\t\t<div class=\"gs-logos-table-cell gsc-name\">\n\t\t\t\t\t<h3 class=\"gs_logo_title\">ECREEE<\/h3>\t\t\t\t<\/div>\n\n\t\t\t\t<!-- Logo Details -->\n\t\t\t\t<div class=\"gs-logos-table-cell gsc-desc\">\n\t\t\t\t\t\n<div class=\"gs-logo-details justify\"><p><a href=\"https:\/\/www.ecreee.org\/?lang=fr\">https:\/\/www.ecreee.org\/?lang=fr<\/a><\/p>\n<\/div>\t\t\t\t<\/div>\n\n\t\t\t<\/div>\n\n\t\t\n\t\t\t<div class=\"gs-logos-table-row\">\n\n\t\t\t\t<!-- Logo Image -->\n\t\t\t\t<div class=\"gs-logos-table-cell gsc-image\">\n\t\t\t\t\t<a href=\"https:\/\/sophia4africa.eu\/\" target=\"_blank\" rel=\"noopener\"><img loading=\"lazy\" decoding=\"async\" width=\"394\" height=\"394\" src=\"https:\/\/sophia4africa.eu\/wp-content\/uploads\/2025\/03\/Image1.jpg\" class=\"tt-placement-top tt-bgcolor-one-%23ff5f6d tt-bgcolor-two-%23ffc371 tt-textcolor-%23fff gs-logo--img wp-post-image\" alt=\"\" title=\"Paul Christoffersen\" srcset=\"https:\/\/sophia4africa.eu\/wp-content\/uploads\/2025\/03\/Image1.jpg 394w, https:\/\/sophia4africa.eu\/wp-content\/uploads\/2025\/03\/Image1-300x300.jpg 300w, https:\/\/sophia4africa.eu\/wp-content\/uploads\/2025\/03\/Image1-150x150.jpg 150w\" sizes=\"auto, (max-width: 394px) 100vw, 394px\" \/> <img loading=\"lazy\" decoding=\"async\" width=\"213\" height=\"300\" src=\"https:\/\/sophia4africa.eu\/wp-content\/uploads\/2022\/01\/logo_Sophia_A_baseline-213x300.jpg\" class=\"gs-flip-img\" alt=\"\" srcset=\"https:\/\/sophia4africa.eu\/wp-content\/uploads\/2022\/01\/logo_Sophia_A_baseline-213x300.jpg 213w, https:\/\/sophia4africa.eu\/wp-content\/uploads\/2022\/01\/logo_Sophia_A_baseline-727x1024.jpg 727w, https:\/\/sophia4africa.eu\/wp-content\/uploads\/2022\/01\/logo_Sophia_A_baseline-768x1082.jpg 768w, https:\/\/sophia4africa.eu\/wp-content\/uploads\/2022\/01\/logo_Sophia_A_baseline-1091x1536.jpg 1091w, https:\/\/sophia4africa.eu\/wp-content\/uploads\/2022\/01\/logo_Sophia_A_baseline.jpg 1136w\" sizes=\"auto, (max-width: 213px) 100vw, 213px\" \/><\/a>\t\t\t\t<\/div>\n\n\t\t\t\t<!-- Logo Title -->\n\t\t\t\t<div class=\"gs-logos-table-cell gsc-name\">\n\t\t\t\t\t<h3 class=\"gs_logo_title\">Paul Christoffersen<\/h3>\t\t\t\t<\/div>\n\n\t\t\t\t<!-- Logo Details -->\n\t\t\t\t<div class=\"gs-logos-table-cell gsc-desc\">\n\t\t\t\t\t\n<div class=\"gs-logo-details justify\"><p><span class=\"NormalTextRun SCXW7264598 BCX0\">Seasoned entrepreneur, former diplomat, and corporate executive with over 30 years of experience in the renewable energy industry. He has a proven <\/span><span class=\"NormalTextRun SCXW7264598 BCX0\">track record<\/span><span class=\"NormalTextRun SCXW7264598 BCX0\"> of developing and implementing innovative and sustainable energy solutions. With a deep passion for driving positive change, he <\/span><span class=\"NormalTextRun SCXW7264598 BCX0\">leverages<\/span><span class=\"NormalTextRun SCXW7264598 BCX0\"> his <\/span><span class=\"NormalTextRun SCXW7264598 BCX0\">expertise<\/span><span class=\"NormalTextRun SCXW7264598 BCX0\"> to create impactful strategies in the global energy sector. His career reflects a commitment to sustainability, leadership, and transformative innovation.<\/span><\/p>\n<\/div>\t\t\t\t<\/div>\n\n\t\t\t<\/div>\n\n\t\t\n\t\t\t<div class=\"gs-logos-table-row\">\n\n\t\t\t\t<!-- Logo Image -->\n\t\t\t\t<div class=\"gs-logos-table-cell gsc-image\">\n\t\t\t\t\t<a href=\"https:\/\/renergy-consulting.de\/\" target=\"_blank\" rel=\"noopener\"><img loading=\"lazy\" decoding=\"async\" width=\"800\" height=\"1000\" src=\"https:\/\/sophia4africa.eu\/wp-content\/uploads\/2025\/03\/steffen-w.png\" class=\"tt-placement-top tt-bgcolor-one-%23ff5f6d tt-bgcolor-two-%23ffc371 tt-textcolor-%23fff gs-logo--img wp-post-image\" alt=\"\" title=\"Steffen Wassler\" srcset=\"https:\/\/sophia4africa.eu\/wp-content\/uploads\/2025\/03\/steffen-w.png 800w, https:\/\/sophia4africa.eu\/wp-content\/uploads\/2025\/03\/steffen-w-240x300.png 240w, https:\/\/sophia4africa.eu\/wp-content\/uploads\/2025\/03\/steffen-w-768x960.png 768w\" sizes=\"auto, (max-width: 800px) 100vw, 800px\" \/> <img loading=\"lazy\" decoding=\"async\" width=\"165\" height=\"57\" src=\"https:\/\/sophia4africa.eu\/wp-content\/uploads\/2025\/03\/renergy.png\" class=\"gs-flip-img\" alt=\"\" \/><\/a>\t\t\t\t<\/div>\n\n\t\t\t\t<!-- Logo Title -->\n\t\t\t\t<div class=\"gs-logos-table-cell gsc-name\">\n\t\t\t\t\t<h3 class=\"gs_logo_title\">Steffen Wassler<\/h3>\t\t\t\t<\/div>\n\n\t\t\t\t<!-- Logo Details -->\n\t\t\t\t<div class=\"gs-logos-table-cell gsc-desc\">\n\t\t\t\t\t\n<div class=\"gs-logo-details justify\"><p>Steffen Wassler is an experienced engineer and worked extensively in Uganda\u2019s solar PV sector. He was He co-founded a solar company and advises on market expansion up to 1 MWp projects. At the same time, he focuses on energy efficiency and ISO 50001 energy management in Germany. Previously, he worked in the gas turbine and automotive industries. He speaks German and English and is passionate about sustainable energy access.<\/p>\n<\/div>\t\t\t\t<\/div>\n\n\t\t\t<\/div>\n\n\t\t\n\t\t\t<div class=\"gs-logos-table-row\">\n\n\t\t\t\t<!-- Logo Image -->\n\t\t\t\t<div class=\"gs-logos-table-cell gsc-image\">\n\t\t\t\t\t<img loading=\"lazy\" decoding=\"async\" width=\"300\" height=\"106\" src=\"https:\/\/sophia4africa.eu\/wp-content\/uploads\/2020\/08\/ecophi-logo-300px.png\" class=\"tt-placement-top tt-bgcolor-one-%23ff5f6d tt-bgcolor-two-%23ffc371 tt-textcolor-%23fff gs-logo--img wp-post-image\" alt=\"\" title=\"EcoPhi\" \/>\t\t\t\t<\/div>\n\n\t\t\t\t<!-- Logo Title -->\n\t\t\t\t<div class=\"gs-logos-table-cell gsc-name\">\n\t\t\t\t\t<h3 class=\"gs_logo_title\">EcoPhi<\/h3>\t\t\t\t<\/div>\n\n\t\t\t\t<!-- Logo Details -->\n\t\t\t\t<div class=\"gs-logos-table-cell gsc-desc\">\n\t\t\t\t\t\n<div class=\"gs-logo-details justify\"><p><a href=\"https:\/\/ecophi.io\/\" target=\"_blank\" rel=\"noopener\">https:\/\/ecophi.io\/<\/a><\/p>\n<\/div>\t\t\t\t<\/div>\n\n\t\t\t<\/div>\n\n\t\t\n\t\t\t<div class=\"gs-logos-table-row\">\n\n\t\t\t\t<!-- Logo Image -->\n\t\t\t\t<div class=\"gs-logos-table-cell gsc-image\">\n\t\t\t\t\t<img loading=\"lazy\" decoding=\"async\" width=\"142\" height=\"178\" src=\"https:\/\/sophia4africa.eu\/wp-content\/uploads\/2020\/08\/Image1-e1742288515413.png\" class=\"tt-placement-top tt-bgcolor-one-%23ff5f6d tt-bgcolor-two-%23ffc371 tt-textcolor-%23fff gs-logo--img wp-post-image\" alt=\"\" title=\"Empa\" \/>\t\t\t\t<\/div>\n\n\t\t\t\t<!-- Logo Title -->\n\t\t\t\t<div class=\"gs-logos-table-cell gsc-name\">\n\t\t\t\t\t<h3 class=\"gs_logo_title\">Empa<\/h3>\t\t\t\t<\/div>\n\n\t\t\t\t<!-- Logo Details -->\n\t\t\t\t<div class=\"gs-logos-table-cell gsc-desc\">\n\t\t\t\t\t\n<div class=\"gs-logo-details justify\"><p><a href=\"https:\/\/www.empa.ch\/\" target=\"_blank\" rel=\"noopener\">https:\/\/www.empa.ch\/<\/a><\/p>\n<\/div>\t\t\t\t<\/div>\n\n\t\t\t<\/div>\n\n\t\t\n\t\t\t<div class=\"gs-logos-table-row\">\n\n\t\t\t\t<!-- Logo Image -->\n\t\t\t\t<div class=\"gs-logos-table-cell gsc-image\">\n\t\t\t\t\t<img loading=\"lazy\" decoding=\"async\" width=\"300\" height=\"79\" src=\"https:\/\/sophia4africa.eu\/wp-content\/uploads\/2020\/08\/itm-logo-300px.png\" class=\"tt-placement-top tt-bgcolor-one-%23ff5f6d tt-bgcolor-two-%23ffc371 tt-textcolor-%23fff gs-logo--img wp-post-image\" alt=\"\" title=\"ITM &#8211; Institute on Membrane Technology\" \/>\t\t\t\t<\/div>\n\n\t\t\t\t<!-- Logo Title -->\n\t\t\t\t<div class=\"gs-logos-table-cell gsc-name\">\n\t\t\t\t\t<h3 class=\"gs_logo_title\">ITM &#8211; Institute on Membrane Technology<\/h3>\t\t\t\t<\/div>\n\n\t\t\t\t<!-- Logo Details -->\n\t\t\t\t<div class=\"gs-logos-table-cell gsc-desc\">\n\t\t\t\t\t\n<div class=\"gs-logo-details justify\"><p><a href=\"https:\/\/www.cnr.it\/en\/institute\/097\/description\/institute-on-membrane-technology-itm\" target=\"_blank\" rel=\"noopener\">https:\/\/www.cnr.it\/en\/institute\/097\/description\/institute-on-membrane-technology-itm<\/a><\/p>\n<\/div>\t\t\t\t<\/div>\n\n\t\t\t<\/div>\n\n\t\t\n\t\t\t<div class=\"gs-logos-table-row\">\n\n\t\t\t\t<!-- Logo Image -->\n\t\t\t\t<div class=\"gs-logos-table-cell gsc-image\">\n\t\t\t\t\t<img loading=\"lazy\" decoding=\"async\" width=\"800\" height=\"800\" src=\"https:\/\/sophia4africa.eu\/wp-content\/uploads\/2020\/08\/stephane-b.jpg\" class=\"tt-placement-top tt-bgcolor-one-%23ff5f6d tt-bgcolor-two-%23ffc371 tt-textcolor-%23fff gs-logo--img wp-post-image\" alt=\"\" title=\"OVE &#8211; Fondation\" srcset=\"https:\/\/sophia4africa.eu\/wp-content\/uploads\/2020\/08\/stephane-b.jpg 800w, https:\/\/sophia4africa.eu\/wp-content\/uploads\/2020\/08\/stephane-b-300x300.jpg 300w, https:\/\/sophia4africa.eu\/wp-content\/uploads\/2020\/08\/stephane-b-150x150.jpg 150w, https:\/\/sophia4africa.eu\/wp-content\/uploads\/2020\/08\/stephane-b-768x768.jpg 768w\" sizes=\"auto, (max-width: 800px) 100vw, 800px\" \/>\t\t\t\t<\/div>\n\n\t\t\t\t<!-- Logo Title -->\n\t\t\t\t<div class=\"gs-logos-table-cell gsc-name\">\n\t\t\t\t\t<h3 class=\"gs_logo_title\">OVE &#8211; Fondation<\/h3>\t\t\t\t<\/div>\n\n\t\t\t\t<!-- Logo Details -->\n\t\t\t\t<div class=\"gs-logos-table-cell gsc-desc\">\n\t\t\t\t\t\n<div class=\"gs-logo-details justify\"><p><a href=\"https:\/\/www.fondation-ove.fr\/\" target=\"_blank\" rel=\"noopener\">https:\/\/www.fondation-ove.fr\/<\/a><\/p>\n<p>&nbsp;<\/p>\n<\/div>\t\t\t\t<\/div>\n\n\t\t\t<\/div>\n\n\t\t\n\t\t\t<div class=\"gs-logos-table-row\">\n\n\t\t\t\t<!-- Logo Image -->\n\t\t\t\t<div class=\"gs-logos-table-cell gsc-image\">\n\t\t\t\t\t<img loading=\"lazy\" decoding=\"async\" width=\"300\" height=\"184\" src=\"https:\/\/sophia4africa.eu\/wp-content\/uploads\/2020\/08\/polar-logo-300px.png\" class=\"tt-placement-top tt-bgcolor-one-%23ff5f6d tt-bgcolor-two-%23ffc371 tt-textcolor-%23fff gs-logo--img wp-post-image\" alt=\"\" title=\"EM \u2013 Polar\" \/>\t\t\t\t<\/div>\n\n\t\t\t\t<!-- Logo Title -->\n\t\t\t\t<div class=\"gs-logos-table-cell gsc-name\">\n\t\t\t\t\t<h3 class=\"gs_logo_title\">EM \u2013 Polar<\/h3>\t\t\t\t<\/div>\n\n\t\t\t\t<!-- Logo Details -->\n\t\t\t\t<div class=\"gs-logos-table-cell gsc-desc\">\n\t\t\t\t\t\n<div class=\"gs-logo-details justify\"><p><a href=\"https:\/\/www.em-polar.cz\/\" target=\"_blank\" rel=\"noopener\">ttps:\/\/www.em-polar.cz\/<\/a><\/p>\n<\/div>\t\t\t\t<\/div>\n\n\t\t\t<\/div>\n\n\t\t\t\t\n\t\n<\/div>\n\t\t\t\t<!-- Pagination -->\n\t\t\t\t\n\t\t\t<\/div>\n\t\t<\/div>\n\t\n\t\t<style>#gs_logo_area_51:not(.verticaltickerdown):not(.verticalticker) .gs_logo_container{margin-left:-5px}#gs_logo_area_51:not(.verticaltickerdown):not(.verticalticker) .gs_logo_container{margin-right:-5px}#gs_logo_area_51:not(.verticaltickerdown):not(.verticalticker) .gs_logo_single--wrapper{padding:5px}#gs_logo_area_51 ul.gs-logo-filter-cats{text-align:center!important}<\/style>[\/vc_column][\/vc_row]<\/p>\n<\/div>","protected":false},"excerpt":{"rendered":"<p>[vc_row css=&#8220;.vc_custom_1651135614166{margin-top: 20px !important;}&#8220;][vc_column css=&#8220;.vc_custom_1650979237777{margin-top: 30px !important;}&#8220;][vc_column_text] Mitglieder des SophiA Advisory Board spielen eine wichtige Rolle bei der F\u00f6rderung des Projekts, wie zum Beispiel: Unterst\u00fctzung des Austauschs und operative Anpassung an Schl\u00fcsselaktivit\u00e4ten, Anleitung und Beratung zur Unterst\u00fctzung der Technologieeinf\u00fchrung auf industrieller Ebene, Teilnahme an spezifischen Projekttreffen, um den Austausch mit Konsortialpartnern und relevanten Interessengruppen zu&hellip;<\/p>\n","protected":false},"author":1,"featured_media":0,"parent":0,"menu_order":30,"comment_status":"closed","ping_status":"closed","template":"","meta":{"footnotes":""},"class_list":["post-59481","page","type-page","status-publish","hentry","description-off"],"yoast_head":"<!-- This site is optimized with the Yoast SEO plugin v27.3 - https:\/\/yoast.com\/product\/yoast-seo-wordpress\/ -->\n<title>Beirat - SophiA 4 Africa<\/title>\n<meta name=\"robots\" content=\"index, follow, max-snippet:-1, max-image-preview:large, max-video-preview:-1\" \/>\n<link rel=\"canonical\" href=\"https:\/\/sophia4africa.eu\/de\/beirat\/\" \/>\n<meta property=\"og:locale\" content=\"de_DE\" \/>\n<meta property=\"og:type\" content=\"article\" \/>\n<meta property=\"og:title\" content=\"Beirat - SophiA 4 Africa\" \/>\n<meta property=\"og:description\" content=\"[vc_row css=&#8220;.vc_custom_1651135614166{margin-top: 20px !important;}&#8220;][vc_column css=&#8220;.vc_custom_1650979237777{margin-top: 30px !important;}&#8220;][vc_column_text] Mitglieder des SophiA Advisory Board spielen eine wichtige Rolle bei der F\u00f6rderung des Projekts, wie zum Beispiel: Unterst\u00fctzung des Austauschs und operative Anpassung an Schl\u00fcsselaktivit\u00e4ten, Anleitung und Beratung zur Unterst\u00fctzung der Technologieeinf\u00fchrung auf industrieller Ebene, Teilnahme an spezifischen Projekttreffen, um den Austausch mit Konsortialpartnern und relevanten Interessengruppen zu&hellip;\" \/>\n<meta property=\"og:url\" content=\"https:\/\/sophia4africa.eu\/de\/beirat\/\" \/>\n<meta property=\"og:site_name\" content=\"SophiA 4 Africa\" \/>\n<meta property=\"article:publisher\" content=\"https:\/\/www.facebook.com\/sophiA4Africa\" \/>\n<meta property=\"article:modified_time\" content=\"2025-04-08T14:22:37+00:00\" \/>\n<meta name=\"twitter:card\" content=\"summary_large_image\" \/>\n<meta name=\"twitter:label1\" content=\"Gesch\u00e4tzte Lesezeit\" \/>\n\t<meta name=\"twitter:data1\" content=\"1\u00a0Minute\" \/>\n<script type=\"application\/ld+json\" class=\"yoast-schema-graph\">{\"@context\":\"https:\\\/\\\/schema.org\",\"@graph\":[{\"@type\":\"WebPage\",\"@id\":\"https:\\\/\\\/sophia4africa.eu\\\/de\\\/beirat\\\/\",\"url\":\"https:\\\/\\\/sophia4africa.eu\\\/de\\\/beirat\\\/\",\"name\":\"Beirat - SophiA 4 Africa\",\"isPartOf\":{\"@id\":\"https:\\\/\\\/sophia4africa.eu\\\/de\\\/#website\"},\"datePublished\":\"2022-04-11T08:23:28+00:00\",\"dateModified\":\"2025-04-08T14:22:37+00:00\",\"breadcrumb\":{\"@id\":\"https:\\\/\\\/sophia4africa.eu\\\/de\\\/beirat\\\/#breadcrumb\"},\"inLanguage\":\"de\",\"potentialAction\":[{\"@type\":\"ReadAction\",\"target\":[\"https:\\\/\\\/sophia4africa.eu\\\/de\\\/beirat\\\/\"]}]},{\"@type\":\"BreadcrumbList\",\"@id\":\"https:\\\/\\\/sophia4africa.eu\\\/de\\\/beirat\\\/#breadcrumb\",\"itemListElement\":[{\"@type\":\"ListItem\",\"position\":1,\"name\":\"Home\",\"item\":\"https:\\\/\\\/sophia4africa.eu\\\/de\\\/heim\\\/\"},{\"@type\":\"ListItem\",\"position\":2,\"name\":\"Beirat\"}]},{\"@type\":\"WebSite\",\"@id\":\"https:\\\/\\\/sophia4africa.eu\\\/de\\\/#website\",\"url\":\"https:\\\/\\\/sophia4africa.eu\\\/de\\\/\",\"name\":\"SophiA 4 Africa\",\"description\":\"\",\"publisher\":{\"@id\":\"https:\\\/\\\/sophia4africa.eu\\\/de\\\/#organization\"},\"potentialAction\":[{\"@type\":\"SearchAction\",\"target\":{\"@type\":\"EntryPoint\",\"urlTemplate\":\"https:\\\/\\\/sophia4africa.eu\\\/de\\\/?s={search_term_string}\"},\"query-input\":{\"@type\":\"PropertyValueSpecification\",\"valueRequired\":true,\"valueName\":\"search_term_string\"}}],\"inLanguage\":\"de\"},{\"@type\":\"Organization\",\"@id\":\"https:\\\/\\\/sophia4africa.eu\\\/de\\\/#organization\",\"name\":\"SophiA4Africa\",\"url\":\"https:\\\/\\\/sophia4africa.eu\\\/de\\\/\",\"logo\":{\"@type\":\"ImageObject\",\"inLanguage\":\"de\",\"@id\":\"https:\\\/\\\/sophia4africa.eu\\\/de\\\/#\\\/schema\\\/logo\\\/image\\\/\",\"url\":\"https:\\\/\\\/sophia4africa.eu\\\/wp-content\\\/uploads\\\/2022\\\/03\\\/logo-sophia-329x114-1.png\",\"contentUrl\":\"https:\\\/\\\/sophia4africa.eu\\\/wp-content\\\/uploads\\\/2022\\\/03\\\/logo-sophia-329x114-1.png\",\"width\":329,\"height\":114,\"caption\":\"SophiA4Africa\"},\"image\":{\"@id\":\"https:\\\/\\\/sophia4africa.eu\\\/de\\\/#\\\/schema\\\/logo\\\/image\\\/\"},\"sameAs\":[\"https:\\\/\\\/www.facebook.com\\\/sophiA4Africa\"]}]}<\/script>\n<!-- \/ Yoast SEO plugin. -->","yoast_head_json":{"title":"Beirat - SophiA 4 Africa","robots":{"index":"index","follow":"follow","max-snippet":"max-snippet:-1","max-image-preview":"max-image-preview:large","max-video-preview":"max-video-preview:-1"},"canonical":"https:\/\/sophia4africa.eu\/de\/beirat\/","og_locale":"de_DE","og_type":"article","og_title":"Beirat - SophiA 4 Africa","og_description":"[vc_row css=&#8220;.vc_custom_1651135614166{margin-top: 20px !important;}&#8220;][vc_column css=&#8220;.vc_custom_1650979237777{margin-top: 30px !important;}&#8220;][vc_column_text] Mitglieder des SophiA Advisory Board spielen eine wichtige Rolle bei der F\u00f6rderung des Projekts, wie zum Beispiel: Unterst\u00fctzung des Austauschs und operative Anpassung an Schl\u00fcsselaktivit\u00e4ten, Anleitung und Beratung zur Unterst\u00fctzung der Technologieeinf\u00fchrung auf industrieller Ebene, Teilnahme an spezifischen Projekttreffen, um den Austausch mit Konsortialpartnern und relevanten Interessengruppen zu&hellip;","og_url":"https:\/\/sophia4africa.eu\/de\/beirat\/","og_site_name":"SophiA 4 Africa","article_publisher":"https:\/\/www.facebook.com\/sophiA4Africa","article_modified_time":"2025-04-08T14:22:37+00:00","twitter_card":"summary_large_image","twitter_misc":{"Gesch\u00e4tzte Lesezeit":"1\u00a0Minute"},"schema":{"@context":"https:\/\/schema.org","@graph":[{"@type":"WebPage","@id":"https:\/\/sophia4africa.eu\/de\/beirat\/","url":"https:\/\/sophia4africa.eu\/de\/beirat\/","name":"Beirat - SophiA 4 Africa","isPartOf":{"@id":"https:\/\/sophia4africa.eu\/de\/#website"},"datePublished":"2022-04-11T08:23:28+00:00","dateModified":"2025-04-08T14:22:37+00:00","breadcrumb":{"@id":"https:\/\/sophia4africa.eu\/de\/beirat\/#breadcrumb"},"inLanguage":"de","potentialAction":[{"@type":"ReadAction","target":["https:\/\/sophia4africa.eu\/de\/beirat\/"]}]},{"@type":"BreadcrumbList","@id":"https:\/\/sophia4africa.eu\/de\/beirat\/#breadcrumb","itemListElement":[{"@type":"ListItem","position":1,"name":"Home","item":"https:\/\/sophia4africa.eu\/de\/heim\/"},{"@type":"ListItem","position":2,"name":"Beirat"}]},{"@type":"WebSite","@id":"https:\/\/sophia4africa.eu\/de\/#website","url":"https:\/\/sophia4africa.eu\/de\/","name":"SophiA 4 Africa","description":"","publisher":{"@id":"https:\/\/sophia4africa.eu\/de\/#organization"},"potentialAction":[{"@type":"SearchAction","target":{"@type":"EntryPoint","urlTemplate":"https:\/\/sophia4africa.eu\/de\/?s={search_term_string}"},"query-input":{"@type":"PropertyValueSpecification","valueRequired":true,"valueName":"search_term_string"}}],"inLanguage":"de"},{"@type":"Organization","@id":"https:\/\/sophia4africa.eu\/de\/#organization","name":"SophiA4Africa","url":"https:\/\/sophia4africa.eu\/de\/","logo":{"@type":"ImageObject","inLanguage":"de","@id":"https:\/\/sophia4africa.eu\/de\/#\/schema\/logo\/image\/","url":"https:\/\/sophia4africa.eu\/wp-content\/uploads\/2022\/03\/logo-sophia-329x114-1.png","contentUrl":"https:\/\/sophia4africa.eu\/wp-content\/uploads\/2022\/03\/logo-sophia-329x114-1.png","width":329,"height":114,"caption":"SophiA4Africa"},"image":{"@id":"https:\/\/sophia4africa.eu\/de\/#\/schema\/logo\/image\/"},"sameAs":["https:\/\/www.facebook.com\/sophiA4Africa"]}]}},"_links":{"self":[{"href":"https:\/\/sophia4africa.eu\/de\/wp-json\/wp\/v2\/pages\/59481","targetHints":{"allow":["GET"]}}],"collection":[{"href":"https:\/\/sophia4africa.eu\/de\/wp-json\/wp\/v2\/pages"}],"about":[{"href":"https:\/\/sophia4africa.eu\/de\/wp-json\/wp\/v2\/types\/page"}],"author":[{"embeddable":true,"href":"https:\/\/sophia4africa.eu\/de\/wp-json\/wp\/v2\/users\/1"}],"replies":[{"embeddable":true,"href":"https:\/\/sophia4africa.eu\/de\/wp-json\/wp\/v2\/comments?post=59481"}],"version-history":[{"count":3,"href":"https:\/\/sophia4africa.eu\/de\/wp-json\/wp\/v2\/pages\/59481\/revisions"}],"predecessor-version":[{"id":63149,"href":"https:\/\/sophia4africa.eu\/de\/wp-json\/wp\/v2\/pages\/59481\/revisions\/63149"}],"wp:attachment":[{"href":"https:\/\/sophia4africa.eu\/de\/wp-json\/wp\/v2\/media?parent=59481"}],"curies":[{"name":"wp","href":"https:\/\/api.w.org\/{rel}","templated":true}]}}